{"id":510,"date":"2024-12-25T14:30:18","date_gmt":"2024-12-25T14:30:18","guid":{"rendered":"https:\/\/rapidprecise.com\/product\/cheap-cnc-milling-service-oem-customized-extruded-aluminum-die-casting-heat-sink\/"},"modified":"2024-12-26T15:09:39","modified_gmt":"2024-12-26T15:09:39","slug":"cheap-cnc-milling-service-oem-customized-extruded-aluminum-die-casting-heat-sink","status":"publish","type":"product","link":"https:\/\/rapidprecise.com\/de\/product\/cheap-cnc-milling-service-oem-customized-extruded-aluminum-die-casting-heat-sink\/","title":{"rendered":"G\u00fcnstiger CNC-Fr\u00e4sservice OEM Angepasster extrudierter Aluminium-Druckguss-K\u00fchlk\u00f6rper"},"content":{"rendered":"<p>Unser CNC-Fr\u00e4sdienst bietet erschwingliche, hochwertige L\u00f6sungen f\u00fcr ma\u00dfgeschneiderte extrudierte Aluminium-Druckguss-K\u00fchlk\u00f6rper, die auf die Bed\u00fcrfnisse Ihres Unternehmens zugeschnitten sind. Entwickelt f\u00fcr \u00fcberlegene thermische Leistung und Haltbarkeit, sind diese K\u00fchlk\u00f6rper ideal f\u00fcr eine Vielzahl von Anwendungen, einschlie\u00dflich Elektronik, Automobil und Industrieanlagen.<\/p>\n<h4>Hauptmerkmale:<\/h4>\n<ol>\n<li>Materialexzellenz:\n<ul>\n<li>Hergestellt aus hochwertigen Aluminiumlegierungen f\u00fcr hohe W\u00e4rmeleitf\u00e4higkeit.<\/li>\n<li>Leicht, korrosionsbest\u00e4ndig und umweltfreundlich.<\/li>\n<\/ul>\n<\/li>\n<li>Anpassungsoptionen:\n<ul>\n<li>Abmessungen, Designs und Oberfl\u00e4chen, die auf Ihre Spezifikationen zugeschnitten sind.<\/li>\n<li>Oberfl\u00e4chenbehandlungen wie Eloxieren, Sandstrahlen und Pulverbeschichtung f\u00fcr verbesserte Haltbarkeit und \u00c4sthetik.<\/li>\n<\/ul>\n<\/li>\n<li>Pr\u00e4zisionsfertigung:\n<ul>\n<li>Verwendung fortschrittlicher CNC-Fr\u00e4s- und Extrusionstechniken, um enge Toleranzen und gleichbleibende Qualit\u00e4t zu gew\u00e4hrleisten.<\/li>\n<li>Hochpr\u00e4ziser Druckgussprozess f\u00fcr komplexe Designs mit glatten Oberfl\u00e4chen.<\/li>\n<\/ul>\n<\/li>\n<li>Erschwingliche Preise:\n<ul>\n<li>Kosteneffektive L\u00f6sungen f\u00fcr OEM-Produktion, die eine \u00fcberlegene Qualit\u00e4t gew\u00e4hrleisten, ohne das Budget zu \u00fcberschreiten.<\/li>\n<\/ul>\n<\/li>\n<li>Anwendung Flexibilit\u00e4t:\n<ul>\n<li>Geeignet f\u00fcr K\u00fchll\u00f6sungen in LED-Leuchten, Netzteilen, Computern und anderen Hochleistungs-Elektronikger\u00e4ten.<\/li>\n<\/ul>\n<\/li>\n<\/ol>\n<h4>Warum Uns W\u00e4hlen:<\/h4>\n<ul>\n<li>\u00dcber ein Jahrzehnt Erfahrung im CNC-Fr\u00e4sen und Aluminium-Druckguss.<\/li>\n<li>Robuste Qualit\u00e4tskontrolle mit ISO-zertifizierten Prozessen.<\/li>\n<li>Schnelles Prototyping und M\u00f6glichkeiten der Massenproduktion, um dringende Zeitpl\u00e4ne einzuhalten.<\/li>\n<li>Umfassende OEM-Dienstleistungen, einschlie\u00dflich Designoptimierung und technischer Unterst\u00fctzung.<\/li>\n<\/ul>\n<h4>Spezifikationen:<\/h4>\n<table>\n<thead>\n<tr>\n<th>Funktion<\/th>\n<th>Details<\/th>\n<\/tr>\n<\/thead>\n<tbody>\n<tr>\n<td>Material<\/td>\n<td>Aluminiumlegierung (6061, 6063, etc.)<\/td>\n<\/tr>\n<tr>\n<td>Gr\u00f6\u00dfenbereich<\/td>\n<td>Bis zu 600 mm L\u00e4nge<\/td>\n<\/tr>\n<tr>\n<td>Pr\u00e4zision<\/td>\n<td>\u00b10.005mm Toleranz<\/td>\n<\/tr>\n<tr>\n<td>Oberfl\u00e4chenfinish<\/td>\n<td>Anodisiert, Pulverbeschichtet, Poliert<\/td>\n<\/tr>\n<tr>\n<td>Anwendungen<\/td>\n<td>Elektronik, Automobilindustrie, Industrie<\/td>\n<\/tr>\n<\/tbody>\n<\/table>\n<p>Nutzen Sie unseren erschwinglichen CNC-Fr\u00e4sdienst f\u00fcr Ihr n\u00e4chstes K\u00fchlk\u00f6rperprojekt. Kontaktieren Sie uns noch heute, um Ihre Anforderungen zu besprechen und unvergleichliche Qualit\u00e4t und Wert zu erleben.<\/p>","protected":false},"excerpt":{"rendered":"<p>Unser CNC-Fr\u00e4sdienst bietet erschwingliche, hochwertige L\u00f6sungen f\u00fcr ma\u00dfgeschneiderte extrudierte Aluminium-Druckguss-K\u00fchlk\u00f6rper, die auf die Bed\u00fcrfnisse Ihres Unternehmens zugeschnitten sind. Entwickelt f\u00fcr \u00fcberlegene thermische Leistung und Langlebigkeit, sind diese K\u00fchlk\u00f6rper ideal f\u00fcr eine Vielzahl von Anwendungen, einschlie\u00dflich Elektronik, Automobil und industrielle Systeme. Wichtige Merkmale: Materialqualit\u00e4t: Hergestellt aus hochwertigen Aluminiumlegierungen f\u00fcr hohe [\u2026]<\/p>","protected":false},"featured_media":511,"comment_status":"closed","ping_status":"closed","template":"","meta":[],"product_brand":[],"product_cat":[26,25,375],"product_tag":[],"class_list":{"0":"post-510","1":"product","2":"type-product","3":"status-publish","4":"has-post-thumbnail","6":"product_cat-aluminum-die-casting-parts","7":"product_cat-aluminum-extrusion-parts","8":"product_cat-aluminum-heat-sink","10":"first","11":"instock","12":"shipping-taxable","13":"product-type-simple"},"yoast_head":"<!-- This site is optimized with the Yoast SEO plugin v27.4 - https:\/\/yoast.com\/product\/yoast-seo-wordpress\/ -->\n<title>Cheap CNC Milling Service OEM Customized Extruded Aluminum Die Casting Heat Sink | RAPIDPRECISE<\/title>\n<meta name=\"description\" content=\"Professional CNC machining factory provide Cheap CNC Milling Service OEM Customized Extruded Aluminum Die Casting Heat Sink\" \/>\n<meta name=\"robots\" content=\"index, follow, max-snippet:-1, max-image-preview:large, max-video-preview:-1\" \/>\n<link rel=\"canonical\" href=\"https:\/\/rapidprecise.com\/de\/product\/cheap-cnc-milling-service-oem-customized-extruded-aluminum-die-casting-heat-sink\/\" \/>\n<meta property=\"og:locale\" content=\"de_DE\" \/>\n<meta property=\"og:type\" content=\"article\" \/>\n<meta property=\"og:title\" content=\"Cheap CNC Milling Service OEM Customized Extruded Aluminum Die Casting Heat Sink | RAPIDPRECISE\" \/>\n<meta property=\"og:description\" content=\"Professional CNC machining factory provide Cheap CNC Milling Service OEM Customized Extruded Aluminum Die Casting Heat Sink\" \/>\n<meta property=\"og:url\" content=\"https:\/\/rapidprecise.com\/de\/product\/cheap-cnc-milling-service-oem-customized-extruded-aluminum-die-casting-heat-sink\/\" \/>\n<meta property=\"og:site_name\" content=\"RAPIDPRECISE\" \/>\n<meta property=\"article:modified_time\" content=\"2024-12-26T15:09:39+00:00\" \/>\n<meta property=\"og:image\" content=\"https:\/\/rapidprecise.com\/wp-content\/uploads\/2024\/12\/kf-Sc76ebbbc65b2424ab64820a83295d148y.webp\" \/>\n\t<meta property=\"og:image:width\" content=\"1000\" \/>\n\t<meta property=\"og:image:height\" content=\"1000\" \/>\n\t<meta property=\"og:image:type\" content=\"image\/webp\" \/>\n<meta name=\"twitter:card\" content=\"summary_large_image\" \/>\n<meta name=\"twitter:label1\" content=\"Gesch\u00e4tzte Lesezeit\" \/>\n\t<meta name=\"twitter:data1\" content=\"2\u00a0Minuten\" \/>\n<script type=\"application\/ld+json\" class=\"yoast-schema-graph\">{\"@context\":\"https:\\\/\\\/schema.org\",\"@graph\":[{\"@type\":\"WebPage\",\"@id\":\"https:\\\/\\\/rapidprecise.com\\\/de\\\/product\\\/cheap-cnc-milling-service-oem-customized-extruded-aluminum-die-casting-heat-sink\\\/\",\"url\":\"https:\\\/\\\/rapidprecise.com\\\/de\\\/product\\\/cheap-cnc-milling-service-oem-customized-extruded-aluminum-die-casting-heat-sink\\\/\",\"name\":\"Cheap CNC Milling Service OEM Customized Extruded Aluminum Die Casting Heat Sink | RAPIDPRECISE\",\"isPartOf\":{\"@id\":\"https:\\\/\\\/rapidprecise.com\\\/de\\\/#website\"},\"primaryImageOfPage\":{\"@id\":\"https:\\\/\\\/rapidprecise.com\\\/de\\\/product\\\/cheap-cnc-milling-service-oem-customized-extruded-aluminum-die-casting-heat-sink\\\/#primaryimage\"},\"image\":{\"@id\":\"https:\\\/\\\/rapidprecise.com\\\/de\\\/product\\\/cheap-cnc-milling-service-oem-customized-extruded-aluminum-die-casting-heat-sink\\\/#primaryimage\"},\"thumbnailUrl\":\"https:\\\/\\\/rapidprecise.com\\\/wp-content\\\/uploads\\\/2024\\\/12\\\/kf-Sc76ebbbc65b2424ab64820a83295d148y.webp\",\"datePublished\":\"2024-12-25T14:30:18+00:00\",\"dateModified\":\"2024-12-26T15:09:39+00:00\",\"description\":\"Professional CNC machining factory provide Cheap CNC Milling Service OEM Customized Extruded Aluminum Die Casting Heat Sink\",\"breadcrumb\":{\"@id\":\"https:\\\/\\\/rapidprecise.com\\\/de\\\/product\\\/cheap-cnc-milling-service-oem-customized-extruded-aluminum-die-casting-heat-sink\\\/#breadcrumb\"},\"inLanguage\":\"de\",\"potentialAction\":[{\"@type\":\"ReadAction\",\"target\":[\"https:\\\/\\\/rapidprecise.com\\\/de\\\/product\\\/cheap-cnc-milling-service-oem-customized-extruded-aluminum-die-casting-heat-sink\\\/\"]}]},{\"@type\":\"ImageObject\",\"inLanguage\":\"de\",\"@id\":\"https:\\\/\\\/rapidprecise.com\\\/de\\\/product\\\/cheap-cnc-milling-service-oem-customized-extruded-aluminum-die-casting-heat-sink\\\/#primaryimage\",\"url\":\"https:\\\/\\\/rapidprecise.com\\\/wp-content\\\/uploads\\\/2024\\\/12\\\/kf-Sc76ebbbc65b2424ab64820a83295d148y.webp\",\"contentUrl\":\"https:\\\/\\\/rapidprecise.com\\\/wp-content\\\/uploads\\\/2024\\\/12\\\/kf-Sc76ebbbc65b2424ab64820a83295d148y.webp\",\"width\":1000,\"height\":1000},{\"@type\":\"BreadcrumbList\",\"@id\":\"https:\\\/\\\/rapidprecise.com\\\/de\\\/product\\\/cheap-cnc-milling-service-oem-customized-extruded-aluminum-die-casting-heat-sink\\\/#breadcrumb\",\"itemListElement\":[{\"@type\":\"ListItem\",\"position\":1,\"name\":\"Home\",\"item\":\"https:\\\/\\\/rapidprecise.com\\\/\"},{\"@type\":\"ListItem\",\"position\":2,\"name\":\"Shop\",\"item\":\"https:\\\/\\\/rapidprecise.com\\\/shop\\\/\"},{\"@type\":\"ListItem\",\"position\":3,\"name\":\"Cheap CNC Milling Service OEM Customized Extruded Aluminum Die Casting Heat Sink\"}]},{\"@type\":\"WebSite\",\"@id\":\"https:\\\/\\\/rapidprecise.com\\\/de\\\/#website\",\"url\":\"https:\\\/\\\/rapidprecise.com\\\/de\\\/\",\"name\":\"rapidprecise.com\",\"description\":\"\",\"publisher\":{\"@id\":\"https:\\\/\\\/rapidprecise.com\\\/de\\\/#organization\"},\"potentialAction\":[{\"@type\":\"SearchAction\",\"target\":{\"@type\":\"EntryPoint\",\"urlTemplate\":\"https:\\\/\\\/rapidprecise.com\\\/de\\\/?s={search_term_string}\"},\"query-input\":{\"@type\":\"PropertyValueSpecification\",\"valueRequired\":true,\"valueName\":\"search_term_string\"}}],\"inLanguage\":\"de\"},{\"@type\":\"Organization\",\"@id\":\"https:\\\/\\\/rapidprecise.com\\\/de\\\/#organization\",\"name\":\"rapidprecise.com\",\"url\":\"https:\\\/\\\/rapidprecise.com\\\/de\\\/\",\"logo\":{\"@type\":\"ImageObject\",\"inLanguage\":\"de\",\"@id\":\"https:\\\/\\\/rapidprecise.com\\\/de\\\/#\\\/schema\\\/logo\\\/image\\\/\",\"url\":\"https:\\\/\\\/rapidprecise.com\\\/wp-content\\\/uploads\\\/2024\\\/12\\\/rapidprecise.png\",\"contentUrl\":\"https:\\\/\\\/rapidprecise.com\\\/wp-content\\\/uploads\\\/2024\\\/12\\\/rapidprecise.png\",\"width\":279,\"height\":58,\"caption\":\"rapidprecise.com\"},\"image\":{\"@id\":\"https:\\\/\\\/rapidprecise.com\\\/de\\\/#\\\/schema\\\/logo\\\/image\\\/\"}}]}<\/script>\n<!-- \/ Yoast SEO plugin. -->","yoast_head_json":{"title":"Cheap CNC Milling Service OEM Customized Extruded Aluminum Die Casting Heat Sink | RAPIDPRECISE","description":"Professional CNC machining factory provide Cheap CNC Milling Service OEM Customized Extruded Aluminum Die Casting Heat Sink","robots":{"index":"index","follow":"follow","max-snippet":"max-snippet:-1","max-image-preview":"max-image-preview:large","max-video-preview":"max-video-preview:-1"},"canonical":"https:\/\/rapidprecise.com\/de\/product\/cheap-cnc-milling-service-oem-customized-extruded-aluminum-die-casting-heat-sink\/","og_locale":"de_DE","og_type":"article","og_title":"Cheap CNC Milling Service OEM Customized Extruded Aluminum Die Casting Heat Sink | RAPIDPRECISE","og_description":"Professional CNC machining factory provide Cheap CNC Milling Service OEM Customized Extruded Aluminum Die Casting Heat Sink","og_url":"https:\/\/rapidprecise.com\/de\/product\/cheap-cnc-milling-service-oem-customized-extruded-aluminum-die-casting-heat-sink\/","og_site_name":"RAPIDPRECISE","article_modified_time":"2024-12-26T15:09:39+00:00","og_image":[{"width":1000,"height":1000,"url":"https:\/\/rapidprecise.com\/wp-content\/uploads\/2024\/12\/kf-Sc76ebbbc65b2424ab64820a83295d148y.webp","type":"image\/webp"}],"twitter_card":"summary_large_image","twitter_misc":{"Gesch\u00e4tzte Lesezeit":"2\u00a0Minuten"},"schema":{"@context":"https:\/\/schema.org","@graph":[{"@type":"WebPage","@id":"https:\/\/rapidprecise.com\/de\/product\/cheap-cnc-milling-service-oem-customized-extruded-aluminum-die-casting-heat-sink\/","url":"https:\/\/rapidprecise.com\/de\/product\/cheap-cnc-milling-service-oem-customized-extruded-aluminum-die-casting-heat-sink\/","name":"Cheap CNC Milling Service OEM Customized Extruded Aluminum Die Casting Heat Sink | RAPIDPRECISE","isPartOf":{"@id":"https:\/\/rapidprecise.com\/de\/#website"},"primaryImageOfPage":{"@id":"https:\/\/rapidprecise.com\/de\/product\/cheap-cnc-milling-service-oem-customized-extruded-aluminum-die-casting-heat-sink\/#primaryimage"},"image":{"@id":"https:\/\/rapidprecise.com\/de\/product\/cheap-cnc-milling-service-oem-customized-extruded-aluminum-die-casting-heat-sink\/#primaryimage"},"thumbnailUrl":"https:\/\/rapidprecise.com\/wp-content\/uploads\/2024\/12\/kf-Sc76ebbbc65b2424ab64820a83295d148y.webp","datePublished":"2024-12-25T14:30:18+00:00","dateModified":"2024-12-26T15:09:39+00:00","description":"Professional CNC machining factory provide Cheap CNC Milling Service OEM Customized Extruded Aluminum Die Casting Heat Sink","breadcrumb":{"@id":"https:\/\/rapidprecise.com\/de\/product\/cheap-cnc-milling-service-oem-customized-extruded-aluminum-die-casting-heat-sink\/#breadcrumb"},"inLanguage":"de","potentialAction":[{"@type":"ReadAction","target":["https:\/\/rapidprecise.com\/de\/product\/cheap-cnc-milling-service-oem-customized-extruded-aluminum-die-casting-heat-sink\/"]}]},{"@type":"ImageObject","inLanguage":"de","@id":"https:\/\/rapidprecise.com\/de\/product\/cheap-cnc-milling-service-oem-customized-extruded-aluminum-die-casting-heat-sink\/#primaryimage","url":"https:\/\/rapidprecise.com\/wp-content\/uploads\/2024\/12\/kf-Sc76ebbbc65b2424ab64820a83295d148y.webp","contentUrl":"https:\/\/rapidprecise.com\/wp-content\/uploads\/2024\/12\/kf-Sc76ebbbc65b2424ab64820a83295d148y.webp","width":1000,"height":1000},{"@type":"BreadcrumbList","@id":"https:\/\/rapidprecise.com\/de\/product\/cheap-cnc-milling-service-oem-customized-extruded-aluminum-die-casting-heat-sink\/#breadcrumb","itemListElement":[{"@type":"ListItem","position":1,"name":"Home","item":"https:\/\/rapidprecise.com\/"},{"@type":"ListItem","position":2,"name":"Shop","item":"https:\/\/rapidprecise.com\/shop\/"},{"@type":"ListItem","position":3,"name":"Cheap CNC Milling Service OEM Customized Extruded Aluminum Die Casting Heat Sink"}]},{"@type":"WebSite","@id":"https:\/\/rapidprecise.com\/de\/#website","url":"https:\/\/rapidprecise.com\/de\/","name":"rapidprecise.com","description":"","publisher":{"@id":"https:\/\/rapidprecise.com\/de\/#organization"},"potentialAction":[{"@type":"SearchAction","target":{"@type":"EntryPoint","urlTemplate":"https:\/\/rapidprecise.com\/de\/?s={search_term_string}"},"query-input":{"@type":"PropertyValueSpecification","valueRequired":true,"valueName":"search_term_string"}}],"inLanguage":"de"},{"@type":"Organization","@id":"https:\/\/rapidprecise.com\/de\/#organization","name":"rapidprecise.com","url":"https:\/\/rapidprecise.com\/de\/","logo":{"@type":"ImageObject","inLanguage":"de","@id":"https:\/\/rapidprecise.com\/de\/#\/schema\/logo\/image\/","url":"https:\/\/rapidprecise.com\/wp-content\/uploads\/2024\/12\/rapidprecise.png","contentUrl":"https:\/\/rapidprecise.com\/wp-content\/uploads\/2024\/12\/rapidprecise.png","width":279,"height":58,"caption":"rapidprecise.com"},"image":{"@id":"https:\/\/rapidprecise.com\/de\/#\/schema\/logo\/image\/"}}]}},"_links":{"self":[{"href":"https:\/\/rapidprecise.com\/de\/wp-json\/wp\/v2\/product\/510","targetHints":{"allow":["GET"]}}],"collection":[{"href":"https:\/\/rapidprecise.com\/de\/wp-json\/wp\/v2\/product"}],"about":[{"href":"https:\/\/rapidprecise.com\/de\/wp-json\/wp\/v2\/types\/product"}],"replies":[{"embeddable":true,"href":"https:\/\/rapidprecise.com\/de\/wp-json\/wp\/v2\/comments?post=510"}],"wp:featuredmedia":[{"embeddable":true,"href":"https:\/\/rapidprecise.com\/de\/wp-json\/wp\/v2\/media\/511"}],"wp:attachment":[{"href":"https:\/\/rapidprecise.com\/de\/wp-json\/wp\/v2\/media?parent=510"}],"wp:term":[{"taxonomy":"product_brand","embeddable":true,"href":"https:\/\/rapidprecise.com\/de\/wp-json\/wp\/v2\/product_brand?post=510"},{"taxonomy":"product_cat","embeddable":true,"href":"https:\/\/rapidprecise.com\/de\/wp-json\/wp\/v2\/product_cat?post=510"},{"taxonomy":"product_tag","embeddable":true,"href":"https:\/\/rapidprecise.com\/de\/wp-json\/wp\/v2\/product_tag?post=510"}],"curies":[{"name":"wp","href":"https:\/\/api.w.org\/{rel}","templated":true}]}}