{"id":513,"date":"2024-12-25T14:30:22","date_gmt":"2024-12-25T14:30:22","guid":{"rendered":"https:\/\/rapidprecise.com\/product\/led-light-power-heatsink-copper-8-heat-tubes-heat-sink-silver-aluminum-round-ip65-led-die-casting-aluminum-empty-cabinet-outdoor\/"},"modified":"2024-12-26T15:09:39","modified_gmt":"2024-12-26T15:09:39","slug":"led-light-power-heatsink-copper-8-heat-tubes-heat-sink-silver-aluminum-round-ip65-led-die-casting-aluminum-empty-cabinet-outdoor","status":"publish","type":"product","link":"https:\/\/rapidprecise.com\/de\/product\/led-light-power-heatsink-copper-8-heat-tubes-heat-sink-silver-aluminum-round-ip65-led-die-casting-aluminum-empty-cabinet-outdoor\/","title":{"rendered":"LED-Licht Leistung K\u00fchlk\u00f6rper Kupfer 8 W\u00e4rmerohre K\u00fchlk\u00f6rper Silber Aluminium Rund IP65 LED-Druckguss Aluminium Leergeh\u00e4use Au\u00dfenbereich"},"content":{"rendered":"<div class=\"detailmodule_html\">\n<div class=\"detail-desc-decorate-richtext\">\n<div id=\"detail_decorate_root\" data-magic-global=\"%7B%22bizId%22%3A2541172111%2C%22pageId%22%3A21021011365%2C%22siteId%22%3A5006313009%7D\">\n<div>\n<div>* HI-Tech-Unternehmen Qualifikation<\/div>\n<div>\n<div><span class=\"magic-6\">*OEM\/ODM Schnelle Lieferung <\/span><\/div>\n<div><span class=\"magic-6\">*ISO9001:2015,ISO14001:2015<\/span><\/div>\n<div><span class=\"magic-6\">*Perfektes Rohmaterial - Hochreines Kathodenkupfer<\/span><\/div>\n<\/div>\n<\/div>\n<div>\n<div id=\"ali-anchor-AliMagic-tgxadp\" data-section=\"AliMagic-tgxadp\" data-section-title=\"Products Description\">Produktbeschreibung<\/div>\n<\/div>\n<div>\n<div>\n<table class=\"all magic-11\">\n<tbody>\n<tr>\n<td colspan=\"1\" rowspan=\"1\">\n<div><span class=\"magic-13\">Produktname:<\/span><\/div>\n<\/td>\n<td colspan=\"1\" rowspan=\"1\">\n<div><span class=\"magic-13\">LED-Lichtleistung K\u00fchlk\u00f6rper Kupfer 8 Heizungsrohre K\u00fchlk\u00f6rper<\/span><\/div>\n<\/td>\n<\/tr>\n<tr>\n<td colspan=\"1\" rowspan=\"1\">\n<div><span class=\"magic-13\">Produktgr\u00f6\u00dfe:<\/span><\/div>\n<\/td>\n<td colspan=\"1\" rowspan=\"1\">\n<div><span class=\"magic-13\">Angepasst<\/span><\/div>\n<\/td>\n<\/tr>\n<tr>\n<td colspan=\"1\" rowspan=\"1\">\n<div><span class=\"magic-13\">Material:<\/span><\/div>\n<\/td>\n<td colspan=\"1\" rowspan=\"1\">\n<div><span class=\"magic-13\">Cooper+Aluminium\u00a0<\/span><\/div>\n<\/td>\n<\/tr>\n<tr>\n<td colspan=\"1\" rowspan=\"1\">\n<div><span class=\"magic-13\">Verpackungsmethode<\/span><\/div>\n<\/td>\n<td colspan=\"1\" rowspan=\"1\">\n<div><span class=\"magic-13\">Holzkiste oder Kartonbox\u00a0<\/span><\/div>\n<\/td>\n<\/tr>\n<tr>\n<td colspan=\"1\" rowspan=\"1\">\n<div><span class=\"magic-13\">Beispielzeit<\/span><\/div>\n<\/td>\n<td colspan=\"1\" rowspan=\"1\">\n<div><span class=\"magic-13\">7-12 Tage<\/span><\/div>\n<\/td>\n<\/tr>\n<tr>\n<td colspan=\"1\" rowspan=\"1\">\n<div><span class=\"magic-13\">Zertifizierung<\/span><\/div>\n<\/td>\n<td colspan=\"1\" rowspan=\"1\">\n<div><span class=\"magic-13\">ISO9001:2015, CE, SGS usw.<\/span><\/div>\n<\/td>\n<\/tr>\n<tr>\n<td colspan=\"1\" rowspan=\"1\">\n<div><span class=\"magic-13\">Zahlungsmethode<\/span><\/div>\n<\/td>\n<td colspan=\"1\" rowspan=\"1\">\n<div><span class=\"magic-13\">T\/T.L\/C etc<\/span><\/div>\n<\/td>\n<\/tr>\n<tr>\n<td colspan=\"1\" rowspan=\"1\">\n<div><span class=\"magic-13\">Lieferzeit:<\/span><\/div>\n<\/td>\n<td colspan=\"1\" rowspan=\"1\">\n<div><span class=\"magic-13\">15-35 Tage<\/span><\/div>\n<\/td>\n<\/tr>\n<tr>\n<td colspan=\"1\" rowspan=\"1\">\n<div><span class=\"magic-13\">Mindestbestellmenge<\/span><\/div>\n<\/td>\n<td colspan=\"1\" rowspan=\"1\">\n<div><span class=\"magic-13\">100 St\u00fcck<\/span><\/div>\n<\/td>\n<\/tr>\n<tr>\n<td colspan=\"1\" rowspan=\"1\">\n<div><span class=\"magic-13\">Versandart<\/span><\/div>\n<\/td>\n<td colspan=\"1\" rowspan=\"1\">\n<div><span class=\"magic-13\">Mit dem Schiff, mit der Luft, per Express usw.<\/span><\/div>\n<\/td>\n<\/tr>\n<\/tbody>\n<\/table>\n<\/div>\n<\/div>\n<\/div>\n<\/div>\n<\/div>","protected":false},"excerpt":{"rendered":"<p>* HI-Tech-Unternehmenqualifikation *OEM\/ODM Schnelle Lieferung *ISO9001:2015, ISO14001:2015 *Perfektes Rohmaterial - Hochreine Kathodenkupfer Produktebeschreibung Produktname: LED-Licht K\u00fchlk\u00f6rper Kupfer 8 Heizrohre K\u00fchlk\u00f6rper Produktgr\u00f6\u00dfe: Ma\u00dfgeschneidert Material: Kupfer+Aluminium Verpackungsmethode: Holzbox oder Kartonbox Musterzeit: 7-12 Tage Zertifizierung: ISO9001:2015, CE, SGS usw. Zahlungsmethode: T\/T, L\/C usw. Lieferzeit: [\u2026]<\/p>","protected":false},"featured_media":514,"comment_status":"closed","ping_status":"closed","template":"","meta":[],"product_brand":[],"product_cat":[26,375],"product_tag":[],"class_list":{"0":"post-513","1":"product","2":"type-product","3":"status-publish","4":"has-post-thumbnail","6":"product_cat-aluminum-die-casting-parts","7":"product_cat-aluminum-heat-sink","9":"first","10":"instock","11":"shipping-taxable","12":"product-type-simple"},"yoast_head":"<!-- This site is optimized with the Yoast SEO plugin v27.4 - https:\/\/yoast.com\/product\/yoast-seo-wordpress\/ -->\n<title>LED Light Power Heatsink Copper 8 Heat Tubes Heat Sink Silver Aluminum Round IP65 Led Die-casting Aluminum Empty Cabinet Outdoor | RAPIDPRECISE<\/title>\n<meta name=\"description\" content=\"Professional CNC machining factory provide LED Light Power Heatsink Copper 8 Heat Tubes Heat Sink Silver Aluminum Round IP65 Led Die-casting Aluminum Empty Cabinet Outdoor\" \/>\n<meta name=\"robots\" content=\"index, follow, max-snippet:-1, max-image-preview:large, max-video-preview:-1\" \/>\n<link rel=\"canonical\" href=\"https:\/\/rapidprecise.com\/de\/product\/led-light-power-heatsink-copper-8-heat-tubes-heat-sink-silver-aluminum-round-ip65-led-die-casting-aluminum-empty-cabinet-outdoor\/\" \/>\n<meta property=\"og:locale\" content=\"de_DE\" \/>\n<meta property=\"og:type\" content=\"article\" \/>\n<meta property=\"og:title\" content=\"LED Light Power Heatsink Copper 8 Heat Tubes Heat Sink Silver Aluminum Round IP65 Led Die-casting Aluminum Empty Cabinet Outdoor | RAPIDPRECISE\" \/>\n<meta property=\"og:description\" content=\"Professional CNC machining factory provide LED Light Power Heatsink Copper 8 Heat Tubes Heat Sink Silver Aluminum Round IP65 Led Die-casting Aluminum Empty Cabinet Outdoor\" \/>\n<meta property=\"og:url\" content=\"https:\/\/rapidprecise.com\/de\/product\/led-light-power-heatsink-copper-8-heat-tubes-heat-sink-silver-aluminum-round-ip65-led-die-casting-aluminum-empty-cabinet-outdoor\/\" \/>\n<meta property=\"og:site_name\" content=\"RAPIDPRECISE\" \/>\n<meta property=\"article:modified_time\" content=\"2024-12-26T15:09:39+00:00\" \/>\n<meta property=\"og:image\" content=\"https:\/\/rapidprecise.com\/wp-content\/uploads\/2024\/12\/kf-S720820dc1a3d4b1a92ddebfb77b3fe128.webp\" \/>\n\t<meta property=\"og:image:width\" content=\"800\" \/>\n\t<meta property=\"og:image:height\" content=\"800\" \/>\n\t<meta property=\"og:image:type\" content=\"image\/webp\" \/>\n<meta name=\"twitter:card\" content=\"summary_large_image\" \/>\n<meta name=\"twitter:label1\" content=\"Gesch\u00e4tzte Lesezeit\" \/>\n\t<meta name=\"twitter:data1\" content=\"1\u00a0Minute\" \/>\n<script type=\"application\/ld+json\" class=\"yoast-schema-graph\">{\"@context\":\"https:\\\/\\\/schema.org\",\"@graph\":[{\"@type\":\"WebPage\",\"@id\":\"https:\\\/\\\/rapidprecise.com\\\/de\\\/product\\\/led-light-power-heatsink-copper-8-heat-tubes-heat-sink-silver-aluminum-round-ip65-led-die-casting-aluminum-empty-cabinet-outdoor\\\/\",\"url\":\"https:\\\/\\\/rapidprecise.com\\\/de\\\/product\\\/led-light-power-heatsink-copper-8-heat-tubes-heat-sink-silver-aluminum-round-ip65-led-die-casting-aluminum-empty-cabinet-outdoor\\\/\",\"name\":\"LED Light Power Heatsink Copper 8 Heat Tubes Heat Sink Silver Aluminum Round IP65 Led Die-casting Aluminum Empty Cabinet Outdoor | RAPIDPRECISE\",\"isPartOf\":{\"@id\":\"https:\\\/\\\/rapidprecise.com\\\/de\\\/#website\"},\"primaryImageOfPage\":{\"@id\":\"https:\\\/\\\/rapidprecise.com\\\/de\\\/product\\\/led-light-power-heatsink-copper-8-heat-tubes-heat-sink-silver-aluminum-round-ip65-led-die-casting-aluminum-empty-cabinet-outdoor\\\/#primaryimage\"},\"image\":{\"@id\":\"https:\\\/\\\/rapidprecise.com\\\/de\\\/product\\\/led-light-power-heatsink-copper-8-heat-tubes-heat-sink-silver-aluminum-round-ip65-led-die-casting-aluminum-empty-cabinet-outdoor\\\/#primaryimage\"},\"thumbnailUrl\":\"https:\\\/\\\/rapidprecise.com\\\/wp-content\\\/uploads\\\/2024\\\/12\\\/kf-S720820dc1a3d4b1a92ddebfb77b3fe128.webp\",\"datePublished\":\"2024-12-25T14:30:22+00:00\",\"dateModified\":\"2024-12-26T15:09:39+00:00\",\"description\":\"Professional CNC machining factory provide LED Light Power Heatsink Copper 8 Heat Tubes Heat Sink Silver Aluminum Round IP65 Led Die-casting Aluminum Empty Cabinet Outdoor\",\"breadcrumb\":{\"@id\":\"https:\\\/\\\/rapidprecise.com\\\/de\\\/product\\\/led-light-power-heatsink-copper-8-heat-tubes-heat-sink-silver-aluminum-round-ip65-led-die-casting-aluminum-empty-cabinet-outdoor\\\/#breadcrumb\"},\"inLanguage\":\"de\",\"potentialAction\":[{\"@type\":\"ReadAction\",\"target\":[\"https:\\\/\\\/rapidprecise.com\\\/de\\\/product\\\/led-light-power-heatsink-copper-8-heat-tubes-heat-sink-silver-aluminum-round-ip65-led-die-casting-aluminum-empty-cabinet-outdoor\\\/\"]}]},{\"@type\":\"ImageObject\",\"inLanguage\":\"de\",\"@id\":\"https:\\\/\\\/rapidprecise.com\\\/de\\\/product\\\/led-light-power-heatsink-copper-8-heat-tubes-heat-sink-silver-aluminum-round-ip65-led-die-casting-aluminum-empty-cabinet-outdoor\\\/#primaryimage\",\"url\":\"https:\\\/\\\/rapidprecise.com\\\/wp-content\\\/uploads\\\/2024\\\/12\\\/kf-S720820dc1a3d4b1a92ddebfb77b3fe128.webp\",\"contentUrl\":\"https:\\\/\\\/rapidprecise.com\\\/wp-content\\\/uploads\\\/2024\\\/12\\\/kf-S720820dc1a3d4b1a92ddebfb77b3fe128.webp\",\"width\":800,\"height\":800},{\"@type\":\"BreadcrumbList\",\"@id\":\"https:\\\/\\\/rapidprecise.com\\\/de\\\/product\\\/led-light-power-heatsink-copper-8-heat-tubes-heat-sink-silver-aluminum-round-ip65-led-die-casting-aluminum-empty-cabinet-outdoor\\\/#breadcrumb\",\"itemListElement\":[{\"@type\":\"ListItem\",\"position\":1,\"name\":\"Home\",\"item\":\"https:\\\/\\\/rapidprecise.com\\\/\"},{\"@type\":\"ListItem\",\"position\":2,\"name\":\"Shop\",\"item\":\"https:\\\/\\\/rapidprecise.com\\\/shop\\\/\"},{\"@type\":\"ListItem\",\"position\":3,\"name\":\"LED Light Power Heatsink Copper 8 Heat Tubes Heat Sink Silver Aluminum Round IP65 Led Die-casting Aluminum Empty Cabinet Outdoor\"}]},{\"@type\":\"WebSite\",\"@id\":\"https:\\\/\\\/rapidprecise.com\\\/de\\\/#website\",\"url\":\"https:\\\/\\\/rapidprecise.com\\\/de\\\/\",\"name\":\"rapidprecise.com\",\"description\":\"\",\"publisher\":{\"@id\":\"https:\\\/\\\/rapidprecise.com\\\/de\\\/#organization\"},\"potentialAction\":[{\"@type\":\"SearchAction\",\"target\":{\"@type\":\"EntryPoint\",\"urlTemplate\":\"https:\\\/\\\/rapidprecise.com\\\/de\\\/?s={search_term_string}\"},\"query-input\":{\"@type\":\"PropertyValueSpecification\",\"valueRequired\":true,\"valueName\":\"search_term_string\"}}],\"inLanguage\":\"de\"},{\"@type\":\"Organization\",\"@id\":\"https:\\\/\\\/rapidprecise.com\\\/de\\\/#organization\",\"name\":\"rapidprecise.com\",\"url\":\"https:\\\/\\\/rapidprecise.com\\\/de\\\/\",\"logo\":{\"@type\":\"ImageObject\",\"inLanguage\":\"de\",\"@id\":\"https:\\\/\\\/rapidprecise.com\\\/de\\\/#\\\/schema\\\/logo\\\/image\\\/\",\"url\":\"https:\\\/\\\/rapidprecise.com\\\/wp-content\\\/uploads\\\/2024\\\/12\\\/rapidprecise.png\",\"contentUrl\":\"https:\\\/\\\/rapidprecise.com\\\/wp-content\\\/uploads\\\/2024\\\/12\\\/rapidprecise.png\",\"width\":279,\"height\":58,\"caption\":\"rapidprecise.com\"},\"image\":{\"@id\":\"https:\\\/\\\/rapidprecise.com\\\/de\\\/#\\\/schema\\\/logo\\\/image\\\/\"}}]}<\/script>\n<!-- \/ Yoast SEO plugin. -->","yoast_head_json":{"title":"LED Light Power Heatsink Copper 8 Heat Tubes Heat Sink Silver Aluminum Round IP65 Led Die-casting Aluminum Empty Cabinet Outdoor | RAPIDPRECISE","description":"Professional CNC machining factory provide LED Light Power Heatsink Copper 8 Heat Tubes Heat Sink Silver Aluminum Round IP65 Led Die-casting Aluminum Empty Cabinet Outdoor","robots":{"index":"index","follow":"follow","max-snippet":"max-snippet:-1","max-image-preview":"max-image-preview:large","max-video-preview":"max-video-preview:-1"},"canonical":"https:\/\/rapidprecise.com\/de\/product\/led-light-power-heatsink-copper-8-heat-tubes-heat-sink-silver-aluminum-round-ip65-led-die-casting-aluminum-empty-cabinet-outdoor\/","og_locale":"de_DE","og_type":"article","og_title":"LED Light Power Heatsink Copper 8 Heat Tubes Heat Sink Silver Aluminum Round IP65 Led Die-casting Aluminum Empty Cabinet Outdoor | RAPIDPRECISE","og_description":"Professional CNC machining factory provide LED Light Power Heatsink Copper 8 Heat Tubes Heat Sink Silver Aluminum Round IP65 Led Die-casting Aluminum Empty Cabinet Outdoor","og_url":"https:\/\/rapidprecise.com\/de\/product\/led-light-power-heatsink-copper-8-heat-tubes-heat-sink-silver-aluminum-round-ip65-led-die-casting-aluminum-empty-cabinet-outdoor\/","og_site_name":"RAPIDPRECISE","article_modified_time":"2024-12-26T15:09:39+00:00","og_image":[{"width":800,"height":800,"url":"https:\/\/rapidprecise.com\/wp-content\/uploads\/2024\/12\/kf-S720820dc1a3d4b1a92ddebfb77b3fe128.webp","type":"image\/webp"}],"twitter_card":"summary_large_image","twitter_misc":{"Gesch\u00e4tzte Lesezeit":"1\u00a0Minute"},"schema":{"@context":"https:\/\/schema.org","@graph":[{"@type":"WebPage","@id":"https:\/\/rapidprecise.com\/de\/product\/led-light-power-heatsink-copper-8-heat-tubes-heat-sink-silver-aluminum-round-ip65-led-die-casting-aluminum-empty-cabinet-outdoor\/","url":"https:\/\/rapidprecise.com\/de\/product\/led-light-power-heatsink-copper-8-heat-tubes-heat-sink-silver-aluminum-round-ip65-led-die-casting-aluminum-empty-cabinet-outdoor\/","name":"LED Light Power Heatsink Copper 8 Heat Tubes Heat Sink Silver Aluminum Round IP65 Led Die-casting Aluminum Empty Cabinet Outdoor | RAPIDPRECISE","isPartOf":{"@id":"https:\/\/rapidprecise.com\/de\/#website"},"primaryImageOfPage":{"@id":"https:\/\/rapidprecise.com\/de\/product\/led-light-power-heatsink-copper-8-heat-tubes-heat-sink-silver-aluminum-round-ip65-led-die-casting-aluminum-empty-cabinet-outdoor\/#primaryimage"},"image":{"@id":"https:\/\/rapidprecise.com\/de\/product\/led-light-power-heatsink-copper-8-heat-tubes-heat-sink-silver-aluminum-round-ip65-led-die-casting-aluminum-empty-cabinet-outdoor\/#primaryimage"},"thumbnailUrl":"https:\/\/rapidprecise.com\/wp-content\/uploads\/2024\/12\/kf-S720820dc1a3d4b1a92ddebfb77b3fe128.webp","datePublished":"2024-12-25T14:30:22+00:00","dateModified":"2024-12-26T15:09:39+00:00","description":"Professional CNC machining factory provide LED Light Power Heatsink Copper 8 Heat Tubes Heat Sink Silver Aluminum Round IP65 Led Die-casting Aluminum Empty Cabinet Outdoor","breadcrumb":{"@id":"https:\/\/rapidprecise.com\/de\/product\/led-light-power-heatsink-copper-8-heat-tubes-heat-sink-silver-aluminum-round-ip65-led-die-casting-aluminum-empty-cabinet-outdoor\/#breadcrumb"},"inLanguage":"de","potentialAction":[{"@type":"ReadAction","target":["https:\/\/rapidprecise.com\/de\/product\/led-light-power-heatsink-copper-8-heat-tubes-heat-sink-silver-aluminum-round-ip65-led-die-casting-aluminum-empty-cabinet-outdoor\/"]}]},{"@type":"ImageObject","inLanguage":"de","@id":"https:\/\/rapidprecise.com\/de\/product\/led-light-power-heatsink-copper-8-heat-tubes-heat-sink-silver-aluminum-round-ip65-led-die-casting-aluminum-empty-cabinet-outdoor\/#primaryimage","url":"https:\/\/rapidprecise.com\/wp-content\/uploads\/2024\/12\/kf-S720820dc1a3d4b1a92ddebfb77b3fe128.webp","contentUrl":"https:\/\/rapidprecise.com\/wp-content\/uploads\/2024\/12\/kf-S720820dc1a3d4b1a92ddebfb77b3fe128.webp","width":800,"height":800},{"@type":"BreadcrumbList","@id":"https:\/\/rapidprecise.com\/de\/product\/led-light-power-heatsink-copper-8-heat-tubes-heat-sink-silver-aluminum-round-ip65-led-die-casting-aluminum-empty-cabinet-outdoor\/#breadcrumb","itemListElement":[{"@type":"ListItem","position":1,"name":"Home","item":"https:\/\/rapidprecise.com\/"},{"@type":"ListItem","position":2,"name":"Shop","item":"https:\/\/rapidprecise.com\/shop\/"},{"@type":"ListItem","position":3,"name":"LED Light Power Heatsink Copper 8 Heat Tubes Heat Sink Silver Aluminum Round IP65 Led Die-casting Aluminum Empty Cabinet Outdoor"}]},{"@type":"WebSite","@id":"https:\/\/rapidprecise.com\/de\/#website","url":"https:\/\/rapidprecise.com\/de\/","name":"rapidprecise.com","description":"","publisher":{"@id":"https:\/\/rapidprecise.com\/de\/#organization"},"potentialAction":[{"@type":"SearchAction","target":{"@type":"EntryPoint","urlTemplate":"https:\/\/rapidprecise.com\/de\/?s={search_term_string}"},"query-input":{"@type":"PropertyValueSpecification","valueRequired":true,"valueName":"search_term_string"}}],"inLanguage":"de"},{"@type":"Organization","@id":"https:\/\/rapidprecise.com\/de\/#organization","name":"rapidprecise.com","url":"https:\/\/rapidprecise.com\/de\/","logo":{"@type":"ImageObject","inLanguage":"de","@id":"https:\/\/rapidprecise.com\/de\/#\/schema\/logo\/image\/","url":"https:\/\/rapidprecise.com\/wp-content\/uploads\/2024\/12\/rapidprecise.png","contentUrl":"https:\/\/rapidprecise.com\/wp-content\/uploads\/2024\/12\/rapidprecise.png","width":279,"height":58,"caption":"rapidprecise.com"},"image":{"@id":"https:\/\/rapidprecise.com\/de\/#\/schema\/logo\/image\/"}}]}},"_links":{"self":[{"href":"https:\/\/rapidprecise.com\/de\/wp-json\/wp\/v2\/product\/513","targetHints":{"allow":["GET"]}}],"collection":[{"href":"https:\/\/rapidprecise.com\/de\/wp-json\/wp\/v2\/product"}],"about":[{"href":"https:\/\/rapidprecise.com\/de\/wp-json\/wp\/v2\/types\/product"}],"replies":[{"embeddable":true,"href":"https:\/\/rapidprecise.com\/de\/wp-json\/wp\/v2\/comments?post=513"}],"wp:featuredmedia":[{"embeddable":true,"href":"https:\/\/rapidprecise.com\/de\/wp-json\/wp\/v2\/media\/514"}],"wp:attachment":[{"href":"https:\/\/rapidprecise.com\/de\/wp-json\/wp\/v2\/media?parent=513"}],"wp:term":[{"taxonomy":"product_brand","embeddable":true,"href":"https:\/\/rapidprecise.com\/de\/wp-json\/wp\/v2\/product_brand?post=513"},{"taxonomy":"product_cat","embeddable":true,"href":"https:\/\/rapidprecise.com\/de\/wp-json\/wp\/v2\/product_cat?post=513"},{"taxonomy":"product_tag","embeddable":true,"href":"https:\/\/rapidprecise.com\/de\/wp-json\/wp\/v2\/product_tag?post=513"}],"curies":[{"name":"wp","href":"https:\/\/api.w.org\/{rel}","templated":true}]}}