{"id":520,"date":"2024-12-25T14:30:27","date_gmt":"2024-12-25T14:30:27","guid":{"rendered":"https:\/\/rapidprecise.com\/product\/gold-3d-printer-accessories-40-x-forty-x-11-heatsink-mk7-mk8-extruder-universal-gold\/"},"modified":"2024-12-26T15:09:39","modified_gmt":"2024-12-26T15:09:39","slug":"gold-3d-printer-accessories-40-x-forty-x-11-heatsink-mk7-mk8-extruder-universal-gold","status":"publish","type":"product","link":"https:\/\/rapidprecise.com\/de\/product\/gold-3d-printer-accessories-40-x-forty-x-11-heatsink-mk7-mk8-extruder-universal-gold\/","title":{"rendered":"Gold 3D-Drucker Zubeh\u00f6r 40 \u00d7 vierzig \u00d7 11 K\u00fchlk\u00f6rper MK7, MK8 Extruder universell gold"},"content":{"rendered":"<p>Dies <strong>gold anodisierter K\u00fchlk\u00f6rper<\/strong> ist ein unverzichtbares Zubeh\u00f6r f\u00fcr 3D-Druck-Enthusiasten, die eine zuverl\u00e4ssige W\u00e4rmeverwaltung f\u00fcr ihre MK7- und MK8-Extruder-Setups suchen. Entwickelt f\u00fcr universelle Kompatibilit\u00e4t, stellt es sicher, dass Ihr Extruder w\u00e4hrend l\u00e4ngerer Druckauftr\u00e4ge eine optimale Temperaturleistung beibeh\u00e4lt.<\/p>\n<h4>Hauptmerkmale:<\/h4>\n<ol>\n<li><strong>Universelle Kompatibilit\u00e4t<\/strong>:\n<ul>\n<li>Passt nahtlos mit MK7- und MK8-Extrudern zusammen.<\/li>\n<li>Entwickelt, um mit den meisten 3D-Druckern mit Standard-Extruder-Konfigurationen zu integrieren.<\/li>\n<\/ul>\n<\/li>\n<li><strong>Hochleistungsw\u00e4rmeableitung<\/strong>:\n<ul>\n<li>Pr\u00e4zise Ma\u00dfe von 40 \u00d7 40 \u00d7 11 mm f\u00fcr maximale Oberfl\u00e4che.<\/li>\n<li>Reduziert die Hitzeentwicklung, sorgt f\u00fcr eine gleichm\u00e4\u00dfige Filamentextrusion und minimiert das Risiko von Verstopfungen.<\/li>\n<\/ul>\n<\/li>\n<li><strong>Premium Gold eloxierte Oberfl\u00e4che<\/strong>:\n<ul>\n<li>Robuste Aluminiumkonstruktion mit stilvoller goldener Oberfl\u00e4che.<\/li>\n<li>Verbessert die Korrosionsbest\u00e4ndigkeit, w\u00e4hrend es Ihrer 3D-Drucker eine professionelle Note verleiht.<\/li>\n<\/ul>\n<\/li>\n<li><strong>Leicht und langlebig<\/strong>:\n<ul>\n<li>Aluminium-Material sorgt f\u00fcr ein Gleichgewicht zwischen St\u00e4rke und Tragbarkeit.<\/li>\n<li>Langanhaltende Leistung auch in Hochtemperatur-Druckumgebungen.<\/li>\n<\/ul>\n<\/li>\n<li><strong>Effizientes Design<\/strong>:\n<ul>\n<li>Optimierte Finnenstruktur f\u00fcr \u00fcberlegenen Luftstrom und W\u00e4rmeableitung.<\/li>\n<li>Funktioniert effizient mit L\u00fcfter-Systemen, um stabile Extrusionstemperaturen aufrechtzuerhalten.<\/li>\n<\/ul>\n<\/li>\n<\/ol>\n<h4>Spezifikationen:<\/h4>\n<table>\n<thead>\n<tr>\n<th><strong>Funktion<\/strong><\/th>\n<th><strong>Details<\/strong><\/th>\n<\/tr>\n<\/thead>\n<tbody>\n<tr>\n<td><strong>Material<\/strong><\/td>\n<td>Eloxiertes Aluminium (Gold-Finish)<\/td>\n<\/tr>\n<tr>\n<td><strong>Abmessungen<\/strong><\/td>\n<td>40 \u00d7 40 \u00d7 11 mm<\/td>\n<\/tr>\n<tr>\n<td><strong>Kompatibilit\u00e4t<\/strong><\/td>\n<td>MK7\/MK8 Extruder, Universal<\/td>\n<\/tr>\n<tr>\n<td><strong>Gewicht<\/strong><\/td>\n<td>Leichtes Design<\/td>\n<\/tr>\n<tr>\n<td><strong>Anwendungen<\/strong><\/td>\n<td>3D-Drucker mit MK7\/MK8-Extrudern<\/td>\n<\/tr>\n<\/tbody>\n<\/table>\n<h4>Anwendungen:<\/h4>\n<ul>\n<li><strong>3D-Druck<\/strong>: Kompatibel mit einer Vielzahl von Filamenten, einschlie\u00dflich PLA, ABS und PETG.<\/li>\n<li><strong>Aufr\u00fcstungen &amp; Ersatzteile<\/strong>: Ideal zum Ersetzen abgenutzter oder serienm\u00e4\u00dfiger K\u00fchlk\u00f6rper f\u00fcr eine bessere thermische Effizienz.<\/li>\n<\/ul>\n<p>Steigern Sie Ihr 3D-Druckerlebnis mit diesem <strong>gold 40 \u00d7 40 \u00d7 11 K\u00fchlk\u00f6rper<\/strong> f\u00fcr MK7 und MK8 Extruder. Seine universelle Passform und hochwertige Verarbeitung machen ihn zur perfekten Wahl f\u00fcr Hobbyisten und Profis gleicherma\u00dfen. Kontaktieren Sie uns noch heute, um mehr zu erfahren oder eine Bestellung aufzugeben!<\/p>","protected":false},"excerpt":{"rendered":"<p>Dieser gold anodisierte K\u00fchlk\u00f6rper ist ein unverzichtbares Zubeh\u00f6r f\u00fcr 3D-Druck-Enthusiasten, die eine zuverl\u00e4ssige W\u00e4rmeverwaltung f\u00fcr ihre MK7- und MK8-Extrudereinheiten suchen. Entwickelt f\u00fcr universelle Kompatibilit\u00e4t, stellt er sicher, dass Ihr Extruder w\u00e4hrend l\u00e4ngerer Druckauftr\u00e4ge eine optimale Temperaturleistung beibeh\u00e4lt. Hauptmerkmale: Universelle Kompatibilit\u00e4t: Passt nahtlos zu MK7- und MK8-Extrudern. Entwickelt, um mit den meisten [\u2026]<\/p>","protected":false},"featured_media":521,"comment_status":"closed","ping_status":"closed","template":"","meta":[],"product_brand":[],"product_cat":[25,375],"product_tag":[],"class_list":{"0":"post-520","1":"product","2":"type-product","3":"status-publish","4":"has-post-thumbnail","6":"product_cat-aluminum-extrusion-parts","7":"product_cat-aluminum-heat-sink","9":"first","10":"instock","11":"shipping-taxable","12":"product-type-simple"},"yoast_head":"<!-- This site is optimized with the Yoast SEO plugin v27.4 - https:\/\/yoast.com\/product\/yoast-seo-wordpress\/ -->\n<title>Gold 3D printer accessories 40 \u00d7 forty \u00d7 11 heatsink MK7, MK8 extruder universal gold | RAPIDPRECISE<\/title>\n<meta name=\"description\" content=\"Professional CNC machining factory provide Gold 3D printer accessories 40 \u00d7 forty \u00d7 11 heatsink MK7, MK8 extruder universal gold\" \/>\n<meta name=\"robots\" content=\"index, follow, max-snippet:-1, max-image-preview:large, max-video-preview:-1\" \/>\n<link rel=\"canonical\" href=\"https:\/\/rapidprecise.com\/de\/product\/gold-3d-printer-accessories-40-x-forty-x-11-heatsink-mk7-mk8-extruder-universal-gold\/\" \/>\n<meta property=\"og:locale\" content=\"de_DE\" \/>\n<meta property=\"og:type\" content=\"article\" \/>\n<meta property=\"og:title\" content=\"Gold 3D printer accessories 40 \u00d7 forty \u00d7 11 heatsink MK7, MK8 extruder universal gold | RAPIDPRECISE\" \/>\n<meta property=\"og:description\" content=\"Professional CNC machining factory provide Gold 3D printer accessories 40 \u00d7 forty \u00d7 11 heatsink MK7, MK8 extruder universal gold\" \/>\n<meta property=\"og:url\" content=\"https:\/\/rapidprecise.com\/de\/product\/gold-3d-printer-accessories-40-x-forty-x-11-heatsink-mk7-mk8-extruder-universal-gold\/\" \/>\n<meta property=\"og:site_name\" content=\"RAPIDPRECISE\" \/>\n<meta property=\"article:modified_time\" content=\"2024-12-26T15:09:39+00:00\" \/>\n<meta property=\"og:image\" content=\"https:\/\/rapidprecise.com\/wp-content\/uploads\/2024\/12\/kf-S01efd2b94a274184bf4f289274c103a0r.webp\" \/>\n\t<meta property=\"og:image:width\" content=\"800\" \/>\n\t<meta property=\"og:image:height\" content=\"800\" \/>\n\t<meta property=\"og:image:type\" content=\"image\/webp\" \/>\n<meta name=\"twitter:card\" content=\"summary_large_image\" \/>\n<meta name=\"twitter:label1\" content=\"Gesch\u00e4tzte Lesezeit\" \/>\n\t<meta name=\"twitter:data1\" content=\"2\u00a0Minuten\" \/>\n<script type=\"application\/ld+json\" class=\"yoast-schema-graph\">{\"@context\":\"https:\\\/\\\/schema.org\",\"@graph\":[{\"@type\":\"WebPage\",\"@id\":\"https:\\\/\\\/rapidprecise.com\\\/de\\\/product\\\/gold-3d-printer-accessories-40-x-forty-x-11-heatsink-mk7-mk8-extruder-universal-gold\\\/\",\"url\":\"https:\\\/\\\/rapidprecise.com\\\/de\\\/product\\\/gold-3d-printer-accessories-40-x-forty-x-11-heatsink-mk7-mk8-extruder-universal-gold\\\/\",\"name\":\"Gold 3D printer accessories 40 \u00d7 forty \u00d7 11 heatsink MK7, MK8 extruder universal gold | RAPIDPRECISE\",\"isPartOf\":{\"@id\":\"https:\\\/\\\/rapidprecise.com\\\/de\\\/#website\"},\"primaryImageOfPage\":{\"@id\":\"https:\\\/\\\/rapidprecise.com\\\/de\\\/product\\\/gold-3d-printer-accessories-40-x-forty-x-11-heatsink-mk7-mk8-extruder-universal-gold\\\/#primaryimage\"},\"image\":{\"@id\":\"https:\\\/\\\/rapidprecise.com\\\/de\\\/product\\\/gold-3d-printer-accessories-40-x-forty-x-11-heatsink-mk7-mk8-extruder-universal-gold\\\/#primaryimage\"},\"thumbnailUrl\":\"https:\\\/\\\/rapidprecise.com\\\/wp-content\\\/uploads\\\/2024\\\/12\\\/kf-S01efd2b94a274184bf4f289274c103a0r.webp\",\"datePublished\":\"2024-12-25T14:30:27+00:00\",\"dateModified\":\"2024-12-26T15:09:39+00:00\",\"description\":\"Professional CNC machining factory provide Gold 3D printer accessories 40 \u00d7 forty \u00d7 11 heatsink MK7, MK8 extruder universal gold\",\"breadcrumb\":{\"@id\":\"https:\\\/\\\/rapidprecise.com\\\/de\\\/product\\\/gold-3d-printer-accessories-40-x-forty-x-11-heatsink-mk7-mk8-extruder-universal-gold\\\/#breadcrumb\"},\"inLanguage\":\"de\",\"potentialAction\":[{\"@type\":\"ReadAction\",\"target\":[\"https:\\\/\\\/rapidprecise.com\\\/de\\\/product\\\/gold-3d-printer-accessories-40-x-forty-x-11-heatsink-mk7-mk8-extruder-universal-gold\\\/\"]}]},{\"@type\":\"ImageObject\",\"inLanguage\":\"de\",\"@id\":\"https:\\\/\\\/rapidprecise.com\\\/de\\\/product\\\/gold-3d-printer-accessories-40-x-forty-x-11-heatsink-mk7-mk8-extruder-universal-gold\\\/#primaryimage\",\"url\":\"https:\\\/\\\/rapidprecise.com\\\/wp-content\\\/uploads\\\/2024\\\/12\\\/kf-S01efd2b94a274184bf4f289274c103a0r.webp\",\"contentUrl\":\"https:\\\/\\\/rapidprecise.com\\\/wp-content\\\/uploads\\\/2024\\\/12\\\/kf-S01efd2b94a274184bf4f289274c103a0r.webp\",\"width\":800,\"height\":800},{\"@type\":\"BreadcrumbList\",\"@id\":\"https:\\\/\\\/rapidprecise.com\\\/de\\\/product\\\/gold-3d-printer-accessories-40-x-forty-x-11-heatsink-mk7-mk8-extruder-universal-gold\\\/#breadcrumb\",\"itemListElement\":[{\"@type\":\"ListItem\",\"position\":1,\"name\":\"Home\",\"item\":\"https:\\\/\\\/rapidprecise.com\\\/\"},{\"@type\":\"ListItem\",\"position\":2,\"name\":\"Shop\",\"item\":\"https:\\\/\\\/rapidprecise.com\\\/shop\\\/\"},{\"@type\":\"ListItem\",\"position\":3,\"name\":\"Gold 3D printer accessories 40 \u00d7 forty \u00d7 11 heatsink MK7, MK8 extruder universal gold\"}]},{\"@type\":\"WebSite\",\"@id\":\"https:\\\/\\\/rapidprecise.com\\\/de\\\/#website\",\"url\":\"https:\\\/\\\/rapidprecise.com\\\/de\\\/\",\"name\":\"rapidprecise.com\",\"description\":\"\",\"publisher\":{\"@id\":\"https:\\\/\\\/rapidprecise.com\\\/de\\\/#organization\"},\"potentialAction\":[{\"@type\":\"SearchAction\",\"target\":{\"@type\":\"EntryPoint\",\"urlTemplate\":\"https:\\\/\\\/rapidprecise.com\\\/de\\\/?s={search_term_string}\"},\"query-input\":{\"@type\":\"PropertyValueSpecification\",\"valueRequired\":true,\"valueName\":\"search_term_string\"}}],\"inLanguage\":\"de\"},{\"@type\":\"Organization\",\"@id\":\"https:\\\/\\\/rapidprecise.com\\\/de\\\/#organization\",\"name\":\"rapidprecise.com\",\"url\":\"https:\\\/\\\/rapidprecise.com\\\/de\\\/\",\"logo\":{\"@type\":\"ImageObject\",\"inLanguage\":\"de\",\"@id\":\"https:\\\/\\\/rapidprecise.com\\\/de\\\/#\\\/schema\\\/logo\\\/image\\\/\",\"url\":\"https:\\\/\\\/rapidprecise.com\\\/wp-content\\\/uploads\\\/2024\\\/12\\\/rapidprecise.png\",\"contentUrl\":\"https:\\\/\\\/rapidprecise.com\\\/wp-content\\\/uploads\\\/2024\\\/12\\\/rapidprecise.png\",\"width\":279,\"height\":58,\"caption\":\"rapidprecise.com\"},\"image\":{\"@id\":\"https:\\\/\\\/rapidprecise.com\\\/de\\\/#\\\/schema\\\/logo\\\/image\\\/\"}}]}<\/script>\n<!-- \/ Yoast SEO plugin. -->","yoast_head_json":{"title":"Gold 3D printer accessories 40 \u00d7 forty \u00d7 11 heatsink MK7, MK8 extruder universal gold | RAPIDPRECISE","description":"Professional CNC machining factory provide Gold 3D printer accessories 40 \u00d7 forty \u00d7 11 heatsink MK7, MK8 extruder universal gold","robots":{"index":"index","follow":"follow","max-snippet":"max-snippet:-1","max-image-preview":"max-image-preview:large","max-video-preview":"max-video-preview:-1"},"canonical":"https:\/\/rapidprecise.com\/de\/product\/gold-3d-printer-accessories-40-x-forty-x-11-heatsink-mk7-mk8-extruder-universal-gold\/","og_locale":"de_DE","og_type":"article","og_title":"Gold 3D printer accessories 40 \u00d7 forty \u00d7 11 heatsink MK7, MK8 extruder universal gold | RAPIDPRECISE","og_description":"Professional CNC machining factory provide Gold 3D printer accessories 40 \u00d7 forty \u00d7 11 heatsink MK7, MK8 extruder universal gold","og_url":"https:\/\/rapidprecise.com\/de\/product\/gold-3d-printer-accessories-40-x-forty-x-11-heatsink-mk7-mk8-extruder-universal-gold\/","og_site_name":"RAPIDPRECISE","article_modified_time":"2024-12-26T15:09:39+00:00","og_image":[{"width":800,"height":800,"url":"https:\/\/rapidprecise.com\/wp-content\/uploads\/2024\/12\/kf-S01efd2b94a274184bf4f289274c103a0r.webp","type":"image\/webp"}],"twitter_card":"summary_large_image","twitter_misc":{"Gesch\u00e4tzte Lesezeit":"2\u00a0Minuten"},"schema":{"@context":"https:\/\/schema.org","@graph":[{"@type":"WebPage","@id":"https:\/\/rapidprecise.com\/de\/product\/gold-3d-printer-accessories-40-x-forty-x-11-heatsink-mk7-mk8-extruder-universal-gold\/","url":"https:\/\/rapidprecise.com\/de\/product\/gold-3d-printer-accessories-40-x-forty-x-11-heatsink-mk7-mk8-extruder-universal-gold\/","name":"Gold 3D printer accessories 40 \u00d7 forty \u00d7 11 heatsink MK7, MK8 extruder universal gold | RAPIDPRECISE","isPartOf":{"@id":"https:\/\/rapidprecise.com\/de\/#website"},"primaryImageOfPage":{"@id":"https:\/\/rapidprecise.com\/de\/product\/gold-3d-printer-accessories-40-x-forty-x-11-heatsink-mk7-mk8-extruder-universal-gold\/#primaryimage"},"image":{"@id":"https:\/\/rapidprecise.com\/de\/product\/gold-3d-printer-accessories-40-x-forty-x-11-heatsink-mk7-mk8-extruder-universal-gold\/#primaryimage"},"thumbnailUrl":"https:\/\/rapidprecise.com\/wp-content\/uploads\/2024\/12\/kf-S01efd2b94a274184bf4f289274c103a0r.webp","datePublished":"2024-12-25T14:30:27+00:00","dateModified":"2024-12-26T15:09:39+00:00","description":"Professional CNC machining factory provide Gold 3D printer accessories 40 \u00d7 forty \u00d7 11 heatsink MK7, MK8 extruder universal gold","breadcrumb":{"@id":"https:\/\/rapidprecise.com\/de\/product\/gold-3d-printer-accessories-40-x-forty-x-11-heatsink-mk7-mk8-extruder-universal-gold\/#breadcrumb"},"inLanguage":"de","potentialAction":[{"@type":"ReadAction","target":["https:\/\/rapidprecise.com\/de\/product\/gold-3d-printer-accessories-40-x-forty-x-11-heatsink-mk7-mk8-extruder-universal-gold\/"]}]},{"@type":"ImageObject","inLanguage":"de","@id":"https:\/\/rapidprecise.com\/de\/product\/gold-3d-printer-accessories-40-x-forty-x-11-heatsink-mk7-mk8-extruder-universal-gold\/#primaryimage","url":"https:\/\/rapidprecise.com\/wp-content\/uploads\/2024\/12\/kf-S01efd2b94a274184bf4f289274c103a0r.webp","contentUrl":"https:\/\/rapidprecise.com\/wp-content\/uploads\/2024\/12\/kf-S01efd2b94a274184bf4f289274c103a0r.webp","width":800,"height":800},{"@type":"BreadcrumbList","@id":"https:\/\/rapidprecise.com\/de\/product\/gold-3d-printer-accessories-40-x-forty-x-11-heatsink-mk7-mk8-extruder-universal-gold\/#breadcrumb","itemListElement":[{"@type":"ListItem","position":1,"name":"Home","item":"https:\/\/rapidprecise.com\/"},{"@type":"ListItem","position":2,"name":"Shop","item":"https:\/\/rapidprecise.com\/shop\/"},{"@type":"ListItem","position":3,"name":"Gold 3D printer accessories 40 \u00d7 forty \u00d7 11 heatsink MK7, MK8 extruder universal gold"}]},{"@type":"WebSite","@id":"https:\/\/rapidprecise.com\/de\/#website","url":"https:\/\/rapidprecise.com\/de\/","name":"rapidprecise.com","description":"","publisher":{"@id":"https:\/\/rapidprecise.com\/de\/#organization"},"potentialAction":[{"@type":"SearchAction","target":{"@type":"EntryPoint","urlTemplate":"https:\/\/rapidprecise.com\/de\/?s={search_term_string}"},"query-input":{"@type":"PropertyValueSpecification","valueRequired":true,"valueName":"search_term_string"}}],"inLanguage":"de"},{"@type":"Organization","@id":"https:\/\/rapidprecise.com\/de\/#organization","name":"rapidprecise.com","url":"https:\/\/rapidprecise.com\/de\/","logo":{"@type":"ImageObject","inLanguage":"de","@id":"https:\/\/rapidprecise.com\/de\/#\/schema\/logo\/image\/","url":"https:\/\/rapidprecise.com\/wp-content\/uploads\/2024\/12\/rapidprecise.png","contentUrl":"https:\/\/rapidprecise.com\/wp-content\/uploads\/2024\/12\/rapidprecise.png","width":279,"height":58,"caption":"rapidprecise.com"},"image":{"@id":"https:\/\/rapidprecise.com\/de\/#\/schema\/logo\/image\/"}}]}},"_links":{"self":[{"href":"https:\/\/rapidprecise.com\/de\/wp-json\/wp\/v2\/product\/520","targetHints":{"allow":["GET"]}}],"collection":[{"href":"https:\/\/rapidprecise.com\/de\/wp-json\/wp\/v2\/product"}],"about":[{"href":"https:\/\/rapidprecise.com\/de\/wp-json\/wp\/v2\/types\/product"}],"replies":[{"embeddable":true,"href":"https:\/\/rapidprecise.com\/de\/wp-json\/wp\/v2\/comments?post=520"}],"wp:featuredmedia":[{"embeddable":true,"href":"https:\/\/rapidprecise.com\/de\/wp-json\/wp\/v2\/media\/521"}],"wp:attachment":[{"href":"https:\/\/rapidprecise.com\/de\/wp-json\/wp\/v2\/media?parent=520"}],"wp:term":[{"taxonomy":"product_brand","embeddable":true,"href":"https:\/\/rapidprecise.com\/de\/wp-json\/wp\/v2\/product_brand?post=520"},{"taxonomy":"product_cat","embeddable":true,"href":"https:\/\/rapidprecise.com\/de\/wp-json\/wp\/v2\/product_cat?post=520"},{"taxonomy":"product_tag","embeddable":true,"href":"https:\/\/rapidprecise.com\/de\/wp-json\/wp\/v2\/product_tag?post=520"}],"curies":[{"name":"wp","href":"https:\/\/api.w.org\/{rel}","templated":true}]}}