{"id":523,"date":"2024-12-25T14:30:29","date_gmt":"2024-12-25T14:30:29","guid":{"rendered":"https:\/\/rapidprecise.com\/product\/aokin-3d-printer-aluminum-motor-heatsink-extruded-heat-dissipation-electronic-heat-sink-for-nema17-42-stepper-motor-ender-3\/"},"modified":"2024-12-26T15:09:39","modified_gmt":"2024-12-26T15:09:39","slug":"aokin-3d-printer-aluminum-motor-heatsink-extruded-heat-dissipation-electronic-heat-sink-for-nema17-42-stepper-motor-ender-3","status":"publish","type":"product","link":"https:\/\/rapidprecise.com\/de\/product\/aokin-3d-printer-aluminum-motor-heatsink-extruded-heat-dissipation-electronic-heat-sink-for-nema17-42-stepper-motor-ender-3\/","title":{"rendered":"Aokin 3D-Drucker Aluminium Motor-K\u00fchlk\u00f6rper Extrudierter W\u00e4rmeableiter Elektronischer K\u00fchlk\u00f6rper f\u00fcr Nema17 42 Schrittmotor Ender 3"},"content":{"rendered":"<div class=\"detailmodule_html\">\n<div class=\"detail-desc-decorate-richtext\">\n<div class=\"detailmodule_html\">\n<div class=\"detail-desc-decorate-richtext\">\n<h1 style=\"font-family: arial, helvetica, sans-serif; font-size: 13px; font-weight: 400; line-height: inherit; text-align: left; margin: 0px;\" align=\"left\"><span style=\"font-size: 16px; font-family: arial, helvetica, sans-serif;\"><strong>Beschreibung\uff1a<\/strong><\/span><\/h1>\n<h1 style=\"font-family: arial, helvetica, sans-serif; font-size: 13px; font-weight: 400; line-height: inherit; text-align: left; margin: 0px;\" align=\"left\"><span style=\"font-size: 16px; font-family: arial, helvetica, sans-serif;\">K\u00fchlk\u00f6rpergr\u00f6\u00dfe: 40*40*11,3 mm<\/span><\/h1>\n<h1 style=\"font-family: arial, helvetica, sans-serif; font-size: 13px; font-weight: 400; line-height: inherit; text-align: left; margin: 0px;\" align=\"left\"><span style=\"font-size: 16px; font-family: arial, helvetica, sans-serif;\">Material: Stahl Gummi<\/span><\/h1>\n<h1 style=\"font-family: arial, helvetica, sans-serif; font-size: 13px; font-weight: 400; line-height: inherit; text-align: left; margin: 0px;\" align=\"left\"><span style=\"font-size: 16px; font-family: arial, helvetica, sans-serif;\">Geeignet F\u00fcr: Nema17 Schrittmotor<\/span><\/h1>\n<h1 style=\"font-family: arial, helvetica, sans-serif; font-size: 13px; font-weight: 400; line-height: inherit; text-align: left; margin: 0px;\" align=\"left\"><span style=\"font-size: 16px; font-family: arial, helvetica, sans-serif;\">F\u00fcr: 3D-Drucker, CNC-Maschine<\/span><\/h1>\n<div><\/div>\n<p style=\"font-family: arial, helvetica, sans-serif; font-size: 13px; line-height: inherit; text-align: left; margin: 0px;\" align=\"left\"><strong><span style=\"font-size: 16px; font-family: arial, helvetica, sans-serif;\">Funktion:<\/span><\/strong><\/p>\n<p style=\"text-align: left;\" align=\"left\"><span style=\"font-size: 16px; font-family: arial, helvetica, sans-serif;\">Diese D\u00e4mpfer sind geeignet f\u00fcr 3D-Drucker und andere Maschinen, die NEMA17-Schrittmotoren verwenden.<\/span><\/p>\n<p style=\"text-align: left;\" align=\"left\"><span style=\"font-size: 16px; font-family: arial, helvetica, sans-serif;\">Nema17-Schrittmotor-D\u00e4mpfer werden verwendet, um Ger\u00e4usche und Resonanzen in Ihrem CNC und 3D-Drucker zu verringern, Vibrationen zu eliminieren und die Qualit\u00e4t des 3D-Drucks effektiv zu verbessern.<\/span><\/p>\n<p style=\"text-align: left;\" align=\"left\"><span style=\"font-size: 16px; font-family: arial, helvetica, sans-serif;\">1 D\u00e4mpfer pro Schrittmotor oder Elektromotor.<\/span><\/p>\n<p style=\"text-align: left;\" align=\"left\"><span style=\"font-size: 16px; font-family: arial, helvetica, sans-serif;\">3D-Drucker sehen eine Reduktion des Ger\u00e4uschpegels um 5-10 dB, wenn sie auf X- und Y-Achsen-Schrittmotoren mit den Vibrationsd\u00e4mpfern f\u00fcr Nema 17 verwendet werden.<\/span><\/p>\n<p style=\"text-align: left;\" align=\"left\"><span style=\"font-size: 16px; font-family: arial, helvetica, sans-serif;\">Funktioniert sowohl bei kartesischen als auch bei Delta-Additivfertigungsmaschinen wie CR-10. Kombinieren Sie diese mit hochwertigem Filament f\u00fcr die besten Ergebnisse in Ihrem 3D-Drucker und entfernen Sie Vibrationen und Ger\u00e4usche.<\/span><\/p>\n<\/div>\n<\/div>\n<\/div>\n<\/div>\n<p>&nbsp;<\/p>","protected":false},"excerpt":{"rendered":"<p>Beschreibung\uff1a K\u00fchlk\u00f6rpergr\u00f6\u00dfe: 40*40*11,3MM Material: Stahl Gummi Geeignet f\u00fcr: Nema17 Schrittmotor F\u00fcr: 3D-Drucker, CNC-Maschine Merkmal: Diese Vibrationsd\u00e4mpfer sind geeignet f\u00fcr 3D-Drucker und andere Maschinen, die NEMA17-Schrittmotoren verwenden. Nema17-Schrittmotord\u00e4mpfer werden verwendet, um Ger\u00e4usche und Resonanzen in Ihrem CNC und 3D-Drucker zu reduzieren, Vibrationen zu eliminieren und die 3D-Leistung effektiv zu verbessern.<\/p>","protected":false},"featured_media":524,"comment_status":"closed","ping_status":"closed","template":"","meta":[],"product_brand":[],"product_cat":[25,375],"product_tag":[],"class_list":{"0":"post-523","1":"product","2":"type-product","3":"status-publish","4":"has-post-thumbnail","6":"product_cat-aluminum-extrusion-parts","7":"product_cat-aluminum-heat-sink","9":"first","10":"instock","11":"shipping-taxable","12":"product-type-simple"},"yoast_head":"<!-- This site is optimized with the Yoast SEO plugin v27.4 - https:\/\/yoast.com\/product\/yoast-seo-wordpress\/ -->\n<title>Aokin 3D Printer Aluminum Motor Heatsink Extruded Heat Dissipation Electronic Heat Sink For Nema17 42 Stepper Motor Ender 3 | RAPIDPRECISE<\/title>\n<meta name=\"description\" content=\"Professional CNC machining factory provide Aokin 3D Printer Aluminum Motor Heatsink Extruded Heat Dissipation Electronic Heat Sink For Nema17 42 Stepper Motor Ender 3\" \/>\n<meta name=\"robots\" content=\"index, follow, max-snippet:-1, max-image-preview:large, max-video-preview:-1\" \/>\n<link rel=\"canonical\" href=\"https:\/\/rapidprecise.com\/de\/product\/aokin-3d-printer-aluminum-motor-heatsink-extruded-heat-dissipation-electronic-heat-sink-for-nema17-42-stepper-motor-ender-3\/\" \/>\n<meta property=\"og:locale\" content=\"de_DE\" \/>\n<meta property=\"og:type\" content=\"article\" \/>\n<meta property=\"og:title\" content=\"Aokin 3D Printer Aluminum Motor Heatsink Extruded Heat Dissipation Electronic Heat Sink For Nema17 42 Stepper Motor Ender 3 | RAPIDPRECISE\" \/>\n<meta property=\"og:description\" content=\"Professional CNC machining factory provide Aokin 3D Printer Aluminum Motor Heatsink Extruded Heat Dissipation Electronic Heat Sink For Nema17 42 Stepper Motor Ender 3\" \/>\n<meta property=\"og:url\" content=\"https:\/\/rapidprecise.com\/de\/product\/aokin-3d-printer-aluminum-motor-heatsink-extruded-heat-dissipation-electronic-heat-sink-for-nema17-42-stepper-motor-ender-3\/\" \/>\n<meta property=\"og:site_name\" content=\"RAPIDPRECISE\" \/>\n<meta property=\"article:modified_time\" content=\"2024-12-26T15:09:39+00:00\" \/>\n<meta property=\"og:image\" content=\"https:\/\/rapidprecise.com\/wp-content\/uploads\/2024\/12\/kf-S934b3e98c0ba428da5a779296235bda6W.webp\" \/>\n\t<meta property=\"og:image:width\" content=\"1000\" \/>\n\t<meta property=\"og:image:height\" content=\"1000\" \/>\n\t<meta property=\"og:image:type\" content=\"image\/webp\" \/>\n<meta name=\"twitter:card\" content=\"summary_large_image\" \/>\n<meta name=\"twitter:label1\" content=\"Gesch\u00e4tzte Lesezeit\" \/>\n\t<meta name=\"twitter:data1\" content=\"1\u00a0Minute\" \/>\n<script type=\"application\/ld+json\" class=\"yoast-schema-graph\">{\"@context\":\"https:\\\/\\\/schema.org\",\"@graph\":[{\"@type\":\"WebPage\",\"@id\":\"https:\\\/\\\/rapidprecise.com\\\/de\\\/product\\\/aokin-3d-printer-aluminum-motor-heatsink-extruded-heat-dissipation-electronic-heat-sink-for-nema17-42-stepper-motor-ender-3\\\/\",\"url\":\"https:\\\/\\\/rapidprecise.com\\\/de\\\/product\\\/aokin-3d-printer-aluminum-motor-heatsink-extruded-heat-dissipation-electronic-heat-sink-for-nema17-42-stepper-motor-ender-3\\\/\",\"name\":\"Aokin 3D Printer Aluminum Motor Heatsink Extruded Heat Dissipation Electronic Heat Sink For Nema17 42 Stepper Motor Ender 3 | RAPIDPRECISE\",\"isPartOf\":{\"@id\":\"https:\\\/\\\/rapidprecise.com\\\/de\\\/#website\"},\"primaryImageOfPage\":{\"@id\":\"https:\\\/\\\/rapidprecise.com\\\/de\\\/product\\\/aokin-3d-printer-aluminum-motor-heatsink-extruded-heat-dissipation-electronic-heat-sink-for-nema17-42-stepper-motor-ender-3\\\/#primaryimage\"},\"image\":{\"@id\":\"https:\\\/\\\/rapidprecise.com\\\/de\\\/product\\\/aokin-3d-printer-aluminum-motor-heatsink-extruded-heat-dissipation-electronic-heat-sink-for-nema17-42-stepper-motor-ender-3\\\/#primaryimage\"},\"thumbnailUrl\":\"https:\\\/\\\/rapidprecise.com\\\/wp-content\\\/uploads\\\/2024\\\/12\\\/kf-S934b3e98c0ba428da5a779296235bda6W.webp\",\"datePublished\":\"2024-12-25T14:30:29+00:00\",\"dateModified\":\"2024-12-26T15:09:39+00:00\",\"description\":\"Professional CNC machining factory provide Aokin 3D Printer Aluminum Motor Heatsink Extruded Heat Dissipation Electronic Heat Sink For Nema17 42 Stepper Motor Ender 3\",\"breadcrumb\":{\"@id\":\"https:\\\/\\\/rapidprecise.com\\\/de\\\/product\\\/aokin-3d-printer-aluminum-motor-heatsink-extruded-heat-dissipation-electronic-heat-sink-for-nema17-42-stepper-motor-ender-3\\\/#breadcrumb\"},\"inLanguage\":\"de\",\"potentialAction\":[{\"@type\":\"ReadAction\",\"target\":[\"https:\\\/\\\/rapidprecise.com\\\/de\\\/product\\\/aokin-3d-printer-aluminum-motor-heatsink-extruded-heat-dissipation-electronic-heat-sink-for-nema17-42-stepper-motor-ender-3\\\/\"]}]},{\"@type\":\"ImageObject\",\"inLanguage\":\"de\",\"@id\":\"https:\\\/\\\/rapidprecise.com\\\/de\\\/product\\\/aokin-3d-printer-aluminum-motor-heatsink-extruded-heat-dissipation-electronic-heat-sink-for-nema17-42-stepper-motor-ender-3\\\/#primaryimage\",\"url\":\"https:\\\/\\\/rapidprecise.com\\\/wp-content\\\/uploads\\\/2024\\\/12\\\/kf-S934b3e98c0ba428da5a779296235bda6W.webp\",\"contentUrl\":\"https:\\\/\\\/rapidprecise.com\\\/wp-content\\\/uploads\\\/2024\\\/12\\\/kf-S934b3e98c0ba428da5a779296235bda6W.webp\",\"width\":1000,\"height\":1000},{\"@type\":\"BreadcrumbList\",\"@id\":\"https:\\\/\\\/rapidprecise.com\\\/de\\\/product\\\/aokin-3d-printer-aluminum-motor-heatsink-extruded-heat-dissipation-electronic-heat-sink-for-nema17-42-stepper-motor-ender-3\\\/#breadcrumb\",\"itemListElement\":[{\"@type\":\"ListItem\",\"position\":1,\"name\":\"Home\",\"item\":\"https:\\\/\\\/rapidprecise.com\\\/\"},{\"@type\":\"ListItem\",\"position\":2,\"name\":\"Shop\",\"item\":\"https:\\\/\\\/rapidprecise.com\\\/shop\\\/\"},{\"@type\":\"ListItem\",\"position\":3,\"name\":\"Aokin 3D Printer Aluminum Motor Heatsink Extruded Heat Dissipation Electronic Heat Sink For Nema17 42 Stepper Motor Ender 3\"}]},{\"@type\":\"WebSite\",\"@id\":\"https:\\\/\\\/rapidprecise.com\\\/de\\\/#website\",\"url\":\"https:\\\/\\\/rapidprecise.com\\\/de\\\/\",\"name\":\"rapidprecise.com\",\"description\":\"\",\"publisher\":{\"@id\":\"https:\\\/\\\/rapidprecise.com\\\/de\\\/#organization\"},\"potentialAction\":[{\"@type\":\"SearchAction\",\"target\":{\"@type\":\"EntryPoint\",\"urlTemplate\":\"https:\\\/\\\/rapidprecise.com\\\/de\\\/?s={search_term_string}\"},\"query-input\":{\"@type\":\"PropertyValueSpecification\",\"valueRequired\":true,\"valueName\":\"search_term_string\"}}],\"inLanguage\":\"de\"},{\"@type\":\"Organization\",\"@id\":\"https:\\\/\\\/rapidprecise.com\\\/de\\\/#organization\",\"name\":\"rapidprecise.com\",\"url\":\"https:\\\/\\\/rapidprecise.com\\\/de\\\/\",\"logo\":{\"@type\":\"ImageObject\",\"inLanguage\":\"de\",\"@id\":\"https:\\\/\\\/rapidprecise.com\\\/de\\\/#\\\/schema\\\/logo\\\/image\\\/\",\"url\":\"https:\\\/\\\/rapidprecise.com\\\/wp-content\\\/uploads\\\/2024\\\/12\\\/rapidprecise.png\",\"contentUrl\":\"https:\\\/\\\/rapidprecise.com\\\/wp-content\\\/uploads\\\/2024\\\/12\\\/rapidprecise.png\",\"width\":279,\"height\":58,\"caption\":\"rapidprecise.com\"},\"image\":{\"@id\":\"https:\\\/\\\/rapidprecise.com\\\/de\\\/#\\\/schema\\\/logo\\\/image\\\/\"}}]}<\/script>\n<!-- \/ Yoast SEO plugin. -->","yoast_head_json":{"title":"Aokin 3D Printer Aluminum Motor Heatsink Extruded Heat Dissipation Electronic Heat Sink For Nema17 42 Stepper Motor Ender 3 | RAPIDPRECISE","description":"Professional CNC machining factory provide Aokin 3D Printer Aluminum Motor Heatsink Extruded Heat Dissipation Electronic Heat Sink For Nema17 42 Stepper Motor Ender 3","robots":{"index":"index","follow":"follow","max-snippet":"max-snippet:-1","max-image-preview":"max-image-preview:large","max-video-preview":"max-video-preview:-1"},"canonical":"https:\/\/rapidprecise.com\/de\/product\/aokin-3d-printer-aluminum-motor-heatsink-extruded-heat-dissipation-electronic-heat-sink-for-nema17-42-stepper-motor-ender-3\/","og_locale":"de_DE","og_type":"article","og_title":"Aokin 3D Printer Aluminum Motor Heatsink Extruded Heat Dissipation Electronic Heat Sink For Nema17 42 Stepper Motor Ender 3 | RAPIDPRECISE","og_description":"Professional CNC machining factory provide Aokin 3D Printer Aluminum Motor Heatsink Extruded Heat Dissipation Electronic Heat Sink For Nema17 42 Stepper Motor Ender 3","og_url":"https:\/\/rapidprecise.com\/de\/product\/aokin-3d-printer-aluminum-motor-heatsink-extruded-heat-dissipation-electronic-heat-sink-for-nema17-42-stepper-motor-ender-3\/","og_site_name":"RAPIDPRECISE","article_modified_time":"2024-12-26T15:09:39+00:00","og_image":[{"width":1000,"height":1000,"url":"https:\/\/rapidprecise.com\/wp-content\/uploads\/2024\/12\/kf-S934b3e98c0ba428da5a779296235bda6W.webp","type":"image\/webp"}],"twitter_card":"summary_large_image","twitter_misc":{"Gesch\u00e4tzte Lesezeit":"1\u00a0Minute"},"schema":{"@context":"https:\/\/schema.org","@graph":[{"@type":"WebPage","@id":"https:\/\/rapidprecise.com\/de\/product\/aokin-3d-printer-aluminum-motor-heatsink-extruded-heat-dissipation-electronic-heat-sink-for-nema17-42-stepper-motor-ender-3\/","url":"https:\/\/rapidprecise.com\/de\/product\/aokin-3d-printer-aluminum-motor-heatsink-extruded-heat-dissipation-electronic-heat-sink-for-nema17-42-stepper-motor-ender-3\/","name":"Aokin 3D Printer Aluminum Motor Heatsink Extruded Heat Dissipation Electronic Heat Sink For Nema17 42 Stepper Motor Ender 3 | RAPIDPRECISE","isPartOf":{"@id":"https:\/\/rapidprecise.com\/de\/#website"},"primaryImageOfPage":{"@id":"https:\/\/rapidprecise.com\/de\/product\/aokin-3d-printer-aluminum-motor-heatsink-extruded-heat-dissipation-electronic-heat-sink-for-nema17-42-stepper-motor-ender-3\/#primaryimage"},"image":{"@id":"https:\/\/rapidprecise.com\/de\/product\/aokin-3d-printer-aluminum-motor-heatsink-extruded-heat-dissipation-electronic-heat-sink-for-nema17-42-stepper-motor-ender-3\/#primaryimage"},"thumbnailUrl":"https:\/\/rapidprecise.com\/wp-content\/uploads\/2024\/12\/kf-S934b3e98c0ba428da5a779296235bda6W.webp","datePublished":"2024-12-25T14:30:29+00:00","dateModified":"2024-12-26T15:09:39+00:00","description":"Professional CNC machining factory provide Aokin 3D Printer Aluminum Motor Heatsink Extruded Heat Dissipation Electronic Heat Sink For Nema17 42 Stepper Motor Ender 3","breadcrumb":{"@id":"https:\/\/rapidprecise.com\/de\/product\/aokin-3d-printer-aluminum-motor-heatsink-extruded-heat-dissipation-electronic-heat-sink-for-nema17-42-stepper-motor-ender-3\/#breadcrumb"},"inLanguage":"de","potentialAction":[{"@type":"ReadAction","target":["https:\/\/rapidprecise.com\/de\/product\/aokin-3d-printer-aluminum-motor-heatsink-extruded-heat-dissipation-electronic-heat-sink-for-nema17-42-stepper-motor-ender-3\/"]}]},{"@type":"ImageObject","inLanguage":"de","@id":"https:\/\/rapidprecise.com\/de\/product\/aokin-3d-printer-aluminum-motor-heatsink-extruded-heat-dissipation-electronic-heat-sink-for-nema17-42-stepper-motor-ender-3\/#primaryimage","url":"https:\/\/rapidprecise.com\/wp-content\/uploads\/2024\/12\/kf-S934b3e98c0ba428da5a779296235bda6W.webp","contentUrl":"https:\/\/rapidprecise.com\/wp-content\/uploads\/2024\/12\/kf-S934b3e98c0ba428da5a779296235bda6W.webp","width":1000,"height":1000},{"@type":"BreadcrumbList","@id":"https:\/\/rapidprecise.com\/de\/product\/aokin-3d-printer-aluminum-motor-heatsink-extruded-heat-dissipation-electronic-heat-sink-for-nema17-42-stepper-motor-ender-3\/#breadcrumb","itemListElement":[{"@type":"ListItem","position":1,"name":"Home","item":"https:\/\/rapidprecise.com\/"},{"@type":"ListItem","position":2,"name":"Shop","item":"https:\/\/rapidprecise.com\/shop\/"},{"@type":"ListItem","position":3,"name":"Aokin 3D Printer Aluminum Motor Heatsink Extruded Heat Dissipation Electronic Heat Sink For Nema17 42 Stepper Motor Ender 3"}]},{"@type":"WebSite","@id":"https:\/\/rapidprecise.com\/de\/#website","url":"https:\/\/rapidprecise.com\/de\/","name":"rapidprecise.com","description":"","publisher":{"@id":"https:\/\/rapidprecise.com\/de\/#organization"},"potentialAction":[{"@type":"SearchAction","target":{"@type":"EntryPoint","urlTemplate":"https:\/\/rapidprecise.com\/de\/?s={search_term_string}"},"query-input":{"@type":"PropertyValueSpecification","valueRequired":true,"valueName":"search_term_string"}}],"inLanguage":"de"},{"@type":"Organization","@id":"https:\/\/rapidprecise.com\/de\/#organization","name":"rapidprecise.com","url":"https:\/\/rapidprecise.com\/de\/","logo":{"@type":"ImageObject","inLanguage":"de","@id":"https:\/\/rapidprecise.com\/de\/#\/schema\/logo\/image\/","url":"https:\/\/rapidprecise.com\/wp-content\/uploads\/2024\/12\/rapidprecise.png","contentUrl":"https:\/\/rapidprecise.com\/wp-content\/uploads\/2024\/12\/rapidprecise.png","width":279,"height":58,"caption":"rapidprecise.com"},"image":{"@id":"https:\/\/rapidprecise.com\/de\/#\/schema\/logo\/image\/"}}]}},"_links":{"self":[{"href":"https:\/\/rapidprecise.com\/de\/wp-json\/wp\/v2\/product\/523","targetHints":{"allow":["GET"]}}],"collection":[{"href":"https:\/\/rapidprecise.com\/de\/wp-json\/wp\/v2\/product"}],"about":[{"href":"https:\/\/rapidprecise.com\/de\/wp-json\/wp\/v2\/types\/product"}],"replies":[{"embeddable":true,"href":"https:\/\/rapidprecise.com\/de\/wp-json\/wp\/v2\/comments?post=523"}],"wp:featuredmedia":[{"embeddable":true,"href":"https:\/\/rapidprecise.com\/de\/wp-json\/wp\/v2\/media\/524"}],"wp:attachment":[{"href":"https:\/\/rapidprecise.com\/de\/wp-json\/wp\/v2\/media?parent=523"}],"wp:term":[{"taxonomy":"product_brand","embeddable":true,"href":"https:\/\/rapidprecise.com\/de\/wp-json\/wp\/v2\/product_brand?post=523"},{"taxonomy":"product_cat","embeddable":true,"href":"https:\/\/rapidprecise.com\/de\/wp-json\/wp\/v2\/product_cat?post=523"},{"taxonomy":"product_tag","embeddable":true,"href":"https:\/\/rapidprecise.com\/de\/wp-json\/wp\/v2\/product_tag?post=523"}],"curies":[{"name":"wp","href":"https:\/\/api.w.org\/{rel}","templated":true}]}}