{"id":542,"date":"2024-12-25T14:30:38","date_gmt":"2024-12-25T14:30:38","guid":{"rendered":"https:\/\/rapidprecise.com\/product\/aluminum-alloy-electronic-radiator-dense-teeth-heatsink-cooling-pad-extruded-heat-sink-computer-water-cooling-system-4-sizes\/"},"modified":"2024-12-26T15:09:39","modified_gmt":"2024-12-26T15:09:39","slug":"aluminum-alloy-electronic-radiator-dense-teeth-heatsink-cooling-pad-extruded-heat-sink-computer-water-cooling-system-4-sizes","status":"publish","type":"product","link":"https:\/\/rapidprecise.com\/de\/product\/aluminum-alloy-electronic-radiator-dense-teeth-heatsink-cooling-pad-extruded-heat-sink-computer-water-cooling-system-4-sizes\/","title":{"rendered":"Aluminiumlegierung Elektronischer K\u00fchler Dichte Z\u00e4hne K\u00fchlk\u00f6rper K\u00fchlpad Extrudiert"},"content":{"rendered":"<div class=\"detailmodule_html\">\n<div class=\"detail-desc-decorate-richtext\">\n<p><span style=\"font-size: 19px; font-family: Tahoma;\">Beschreibung: <\/span><\/p>\n<p><span style=\"font-size: 19px; font-family: Tahoma;\">100% brandneu und von hoher Qualit\u00e4t. <\/span><\/p>\n<p><span style=\"font-size: 19px; font-family: Tahoma;\">Hergestellt aus Aluminium hoher Qualit\u00e4t, gute W\u00e4rmeleitf\u00e4higkeit. Leicht und in Anwendungen eingesetzt, bei denen das Gewicht eine gro\u00dfe Rolle spielt. <\/span><\/p>\n<p><span style=\"font-size: 19px; font-family: Tahoma;\">Entwickelt, um seine Oberfl\u00e4che in Kontakt mit der k\u00fchlen Luft zu maximieren. Das Risiko eines LED-Lichtausfalls durch \u00dcberhitzung zu verringern. <\/span><\/p>\n<p><span style=\"font-size: 19px; font-family: Tahoma;\">Speziell entwickelt f\u00fcr Hochleistungs-LED-Licht f\u00fcr Haushalte oder Aquarien-LED-Ger\u00e4te usw. <\/span><\/p>\n<p><span style=\"font-size: 19px; font-family: Tahoma;\">Bitte \u00fcberpr\u00fcfen Sie die Spezifikationstabelle und stellen Sie sicher, dass die Gr\u00f6\u00dfe des K\u00fchlk\u00f6rpers zu Ihrer Komponente passt. <\/span><\/p>\n<p><span style=\"font-size: 19px; font-family: Tahoma;\">Farbe: Silber <\/span><\/p>\n<p><span style=\"font-size: 19px; font-family: Tahoma;\">Material: Aluminiumlegierung <\/span><\/p>\n<p><span style=\"font-size: 19px; font-family: Tahoma;\">Gr\u00f6\u00dfe: 40\u00d740\u00d720 mm \/ 100\u00d740\u00d78 mm \/ 100\u00d740\u00d720 m \/ 100\u00d7100\u00d718 mm <\/span><\/p>\n<\/div>\n<\/div>","protected":false},"excerpt":{"rendered":"<p>Beschreibung: 100% brandneu und hochwertig. Hergestellt aus hochwertigem Aluminium, gute W\u00e4rmeleitf\u00e4higkeit. Leicht und geeignet f\u00fcr Anwendungen, bei denen das Gewicht eine gro\u00dfe Rolle spielt. Entwickelt, um die Oberfl\u00e4che, die mit der k\u00fchlen Luft in Kontakt steht, zu maximieren. Reduziert das Risiko eines LED-Lichtausfalls durch \u00dcberhitzung. Speziell f\u00fcr Hochleistungs-Haushaltsger\u00e4te in Deutschland entwickelt [\u2026]<\/p>","protected":false},"featured_media":543,"comment_status":"closed","ping_status":"closed","template":"","meta":[],"product_brand":[],"product_cat":[25,375],"product_tag":[],"class_list":{"0":"post-542","1":"product","2":"type-product","3":"status-publish","4":"has-post-thumbnail","6":"product_cat-aluminum-extrusion-parts","7":"product_cat-aluminum-heat-sink","9":"first","10":"instock","11":"shipping-taxable","12":"product-type-simple"},"yoast_head":"<!-- This site is optimized with the Yoast SEO plugin v27.4 - https:\/\/yoast.com\/product\/yoast-seo-wordpress\/ -->\n<title>Aluminum Alloy Electronic Radiator Dense Teeth Heatsink Cooling Pad Extruded | RAPIDPRECISE<\/title>\n<meta name=\"description\" content=\"Professional CNC machining factory provide Aluminum Alloy Electronic Radiator Dense Teeth Heatsink Cooling Pad Extruded\" \/>\n<meta name=\"robots\" content=\"index, follow, max-snippet:-1, max-image-preview:large, max-video-preview:-1\" \/>\n<link rel=\"canonical\" href=\"https:\/\/rapidprecise.com\/de\/product\/aluminum-alloy-electronic-radiator-dense-teeth-heatsink-cooling-pad-extruded-heat-sink-computer-water-cooling-system-4-sizes\/\" \/>\n<meta property=\"og:locale\" content=\"de_DE\" \/>\n<meta property=\"og:type\" content=\"article\" \/>\n<meta property=\"og:title\" content=\"Aluminum Alloy Electronic Radiator Dense Teeth Heatsink Cooling Pad Extruded | RAPIDPRECISE\" \/>\n<meta property=\"og:description\" content=\"Professional CNC machining factory provide Aluminum Alloy Electronic Radiator Dense Teeth Heatsink Cooling Pad Extruded\" \/>\n<meta property=\"og:url\" content=\"https:\/\/rapidprecise.com\/de\/product\/aluminum-alloy-electronic-radiator-dense-teeth-heatsink-cooling-pad-extruded-heat-sink-computer-water-cooling-system-4-sizes\/\" \/>\n<meta property=\"og:site_name\" content=\"RAPIDPRECISE\" \/>\n<meta property=\"article:modified_time\" content=\"2024-12-26T15:09:39+00:00\" \/>\n<meta property=\"og:image\" content=\"https:\/\/rapidprecise.com\/wp-content\/uploads\/2024\/12\/kf-Scdf7f05e47b04679b1f81016470a25a5K.webp\" \/>\n\t<meta property=\"og:image:width\" content=\"800\" \/>\n\t<meta property=\"og:image:height\" content=\"800\" \/>\n\t<meta property=\"og:image:type\" content=\"image\/webp\" \/>\n<meta name=\"twitter:card\" content=\"summary_large_image\" \/>\n<meta name=\"twitter:label1\" content=\"Gesch\u00e4tzte Lesezeit\" \/>\n\t<meta name=\"twitter:data1\" content=\"1\u00a0Minute\" \/>\n<script type=\"application\/ld+json\" class=\"yoast-schema-graph\">{\"@context\":\"https:\\\/\\\/schema.org\",\"@graph\":[{\"@type\":\"WebPage\",\"@id\":\"https:\\\/\\\/rapidprecise.com\\\/de\\\/product\\\/aluminum-alloy-electronic-radiator-dense-teeth-heatsink-cooling-pad-extruded-heat-sink-computer-water-cooling-system-4-sizes\\\/\",\"url\":\"https:\\\/\\\/rapidprecise.com\\\/de\\\/product\\\/aluminum-alloy-electronic-radiator-dense-teeth-heatsink-cooling-pad-extruded-heat-sink-computer-water-cooling-system-4-sizes\\\/\",\"name\":\"Aluminum Alloy Electronic Radiator Dense Teeth Heatsink Cooling Pad Extruded | RAPIDPRECISE\",\"isPartOf\":{\"@id\":\"https:\\\/\\\/rapidprecise.com\\\/de\\\/#website\"},\"primaryImageOfPage\":{\"@id\":\"https:\\\/\\\/rapidprecise.com\\\/de\\\/product\\\/aluminum-alloy-electronic-radiator-dense-teeth-heatsink-cooling-pad-extruded-heat-sink-computer-water-cooling-system-4-sizes\\\/#primaryimage\"},\"image\":{\"@id\":\"https:\\\/\\\/rapidprecise.com\\\/de\\\/product\\\/aluminum-alloy-electronic-radiator-dense-teeth-heatsink-cooling-pad-extruded-heat-sink-computer-water-cooling-system-4-sizes\\\/#primaryimage\"},\"thumbnailUrl\":\"https:\\\/\\\/rapidprecise.com\\\/wp-content\\\/uploads\\\/2024\\\/12\\\/kf-Scdf7f05e47b04679b1f81016470a25a5K.webp\",\"datePublished\":\"2024-12-25T14:30:38+00:00\",\"dateModified\":\"2024-12-26T15:09:39+00:00\",\"description\":\"Professional CNC machining factory provide Aluminum Alloy Electronic Radiator Dense Teeth Heatsink Cooling Pad Extruded\",\"breadcrumb\":{\"@id\":\"https:\\\/\\\/rapidprecise.com\\\/de\\\/product\\\/aluminum-alloy-electronic-radiator-dense-teeth-heatsink-cooling-pad-extruded-heat-sink-computer-water-cooling-system-4-sizes\\\/#breadcrumb\"},\"inLanguage\":\"de\",\"potentialAction\":[{\"@type\":\"ReadAction\",\"target\":[\"https:\\\/\\\/rapidprecise.com\\\/de\\\/product\\\/aluminum-alloy-electronic-radiator-dense-teeth-heatsink-cooling-pad-extruded-heat-sink-computer-water-cooling-system-4-sizes\\\/\"]}]},{\"@type\":\"ImageObject\",\"inLanguage\":\"de\",\"@id\":\"https:\\\/\\\/rapidprecise.com\\\/de\\\/product\\\/aluminum-alloy-electronic-radiator-dense-teeth-heatsink-cooling-pad-extruded-heat-sink-computer-water-cooling-system-4-sizes\\\/#primaryimage\",\"url\":\"https:\\\/\\\/rapidprecise.com\\\/wp-content\\\/uploads\\\/2024\\\/12\\\/kf-Scdf7f05e47b04679b1f81016470a25a5K.webp\",\"contentUrl\":\"https:\\\/\\\/rapidprecise.com\\\/wp-content\\\/uploads\\\/2024\\\/12\\\/kf-Scdf7f05e47b04679b1f81016470a25a5K.webp\",\"width\":800,\"height\":800},{\"@type\":\"BreadcrumbList\",\"@id\":\"https:\\\/\\\/rapidprecise.com\\\/de\\\/product\\\/aluminum-alloy-electronic-radiator-dense-teeth-heatsink-cooling-pad-extruded-heat-sink-computer-water-cooling-system-4-sizes\\\/#breadcrumb\",\"itemListElement\":[{\"@type\":\"ListItem\",\"position\":1,\"name\":\"Home\",\"item\":\"https:\\\/\\\/rapidprecise.com\\\/\"},{\"@type\":\"ListItem\",\"position\":2,\"name\":\"Shop\",\"item\":\"https:\\\/\\\/rapidprecise.com\\\/shop\\\/\"},{\"@type\":\"ListItem\",\"position\":3,\"name\":\"Aluminum Alloy Electronic Radiator Dense Teeth Heatsink Cooling Pad Extruded\"}]},{\"@type\":\"WebSite\",\"@id\":\"https:\\\/\\\/rapidprecise.com\\\/de\\\/#website\",\"url\":\"https:\\\/\\\/rapidprecise.com\\\/de\\\/\",\"name\":\"rapidprecise.com\",\"description\":\"\",\"publisher\":{\"@id\":\"https:\\\/\\\/rapidprecise.com\\\/de\\\/#organization\"},\"potentialAction\":[{\"@type\":\"SearchAction\",\"target\":{\"@type\":\"EntryPoint\",\"urlTemplate\":\"https:\\\/\\\/rapidprecise.com\\\/de\\\/?s={search_term_string}\"},\"query-input\":{\"@type\":\"PropertyValueSpecification\",\"valueRequired\":true,\"valueName\":\"search_term_string\"}}],\"inLanguage\":\"de\"},{\"@type\":\"Organization\",\"@id\":\"https:\\\/\\\/rapidprecise.com\\\/de\\\/#organization\",\"name\":\"rapidprecise.com\",\"url\":\"https:\\\/\\\/rapidprecise.com\\\/de\\\/\",\"logo\":{\"@type\":\"ImageObject\",\"inLanguage\":\"de\",\"@id\":\"https:\\\/\\\/rapidprecise.com\\\/de\\\/#\\\/schema\\\/logo\\\/image\\\/\",\"url\":\"https:\\\/\\\/rapidprecise.com\\\/wp-content\\\/uploads\\\/2024\\\/12\\\/rapidprecise.png\",\"contentUrl\":\"https:\\\/\\\/rapidprecise.com\\\/wp-content\\\/uploads\\\/2024\\\/12\\\/rapidprecise.png\",\"width\":279,\"height\":58,\"caption\":\"rapidprecise.com\"},\"image\":{\"@id\":\"https:\\\/\\\/rapidprecise.com\\\/de\\\/#\\\/schema\\\/logo\\\/image\\\/\"}}]}<\/script>\n<!-- \/ Yoast SEO plugin. -->","yoast_head_json":{"title":"Aluminum Alloy Electronic Radiator Dense Teeth Heatsink Cooling Pad Extruded | RAPIDPRECISE","description":"Professional CNC machining factory provide Aluminum Alloy Electronic Radiator Dense Teeth Heatsink Cooling Pad Extruded","robots":{"index":"index","follow":"follow","max-snippet":"max-snippet:-1","max-image-preview":"max-image-preview:large","max-video-preview":"max-video-preview:-1"},"canonical":"https:\/\/rapidprecise.com\/de\/product\/aluminum-alloy-electronic-radiator-dense-teeth-heatsink-cooling-pad-extruded-heat-sink-computer-water-cooling-system-4-sizes\/","og_locale":"de_DE","og_type":"article","og_title":"Aluminum Alloy Electronic Radiator Dense Teeth Heatsink Cooling Pad Extruded | RAPIDPRECISE","og_description":"Professional CNC machining factory provide Aluminum Alloy Electronic Radiator Dense Teeth Heatsink Cooling Pad Extruded","og_url":"https:\/\/rapidprecise.com\/de\/product\/aluminum-alloy-electronic-radiator-dense-teeth-heatsink-cooling-pad-extruded-heat-sink-computer-water-cooling-system-4-sizes\/","og_site_name":"RAPIDPRECISE","article_modified_time":"2024-12-26T15:09:39+00:00","og_image":[{"width":800,"height":800,"url":"https:\/\/rapidprecise.com\/wp-content\/uploads\/2024\/12\/kf-Scdf7f05e47b04679b1f81016470a25a5K.webp","type":"image\/webp"}],"twitter_card":"summary_large_image","twitter_misc":{"Gesch\u00e4tzte Lesezeit":"1\u00a0Minute"},"schema":{"@context":"https:\/\/schema.org","@graph":[{"@type":"WebPage","@id":"https:\/\/rapidprecise.com\/de\/product\/aluminum-alloy-electronic-radiator-dense-teeth-heatsink-cooling-pad-extruded-heat-sink-computer-water-cooling-system-4-sizes\/","url":"https:\/\/rapidprecise.com\/de\/product\/aluminum-alloy-electronic-radiator-dense-teeth-heatsink-cooling-pad-extruded-heat-sink-computer-water-cooling-system-4-sizes\/","name":"Aluminum Alloy Electronic Radiator Dense Teeth Heatsink Cooling Pad Extruded | RAPIDPRECISE","isPartOf":{"@id":"https:\/\/rapidprecise.com\/de\/#website"},"primaryImageOfPage":{"@id":"https:\/\/rapidprecise.com\/de\/product\/aluminum-alloy-electronic-radiator-dense-teeth-heatsink-cooling-pad-extruded-heat-sink-computer-water-cooling-system-4-sizes\/#primaryimage"},"image":{"@id":"https:\/\/rapidprecise.com\/de\/product\/aluminum-alloy-electronic-radiator-dense-teeth-heatsink-cooling-pad-extruded-heat-sink-computer-water-cooling-system-4-sizes\/#primaryimage"},"thumbnailUrl":"https:\/\/rapidprecise.com\/wp-content\/uploads\/2024\/12\/kf-Scdf7f05e47b04679b1f81016470a25a5K.webp","datePublished":"2024-12-25T14:30:38+00:00","dateModified":"2024-12-26T15:09:39+00:00","description":"Professional CNC machining factory provide Aluminum Alloy Electronic Radiator Dense Teeth Heatsink Cooling Pad Extruded","breadcrumb":{"@id":"https:\/\/rapidprecise.com\/de\/product\/aluminum-alloy-electronic-radiator-dense-teeth-heatsink-cooling-pad-extruded-heat-sink-computer-water-cooling-system-4-sizes\/#breadcrumb"},"inLanguage":"de","potentialAction":[{"@type":"ReadAction","target":["https:\/\/rapidprecise.com\/de\/product\/aluminum-alloy-electronic-radiator-dense-teeth-heatsink-cooling-pad-extruded-heat-sink-computer-water-cooling-system-4-sizes\/"]}]},{"@type":"ImageObject","inLanguage":"de","@id":"https:\/\/rapidprecise.com\/de\/product\/aluminum-alloy-electronic-radiator-dense-teeth-heatsink-cooling-pad-extruded-heat-sink-computer-water-cooling-system-4-sizes\/#primaryimage","url":"https:\/\/rapidprecise.com\/wp-content\/uploads\/2024\/12\/kf-Scdf7f05e47b04679b1f81016470a25a5K.webp","contentUrl":"https:\/\/rapidprecise.com\/wp-content\/uploads\/2024\/12\/kf-Scdf7f05e47b04679b1f81016470a25a5K.webp","width":800,"height":800},{"@type":"BreadcrumbList","@id":"https:\/\/rapidprecise.com\/de\/product\/aluminum-alloy-electronic-radiator-dense-teeth-heatsink-cooling-pad-extruded-heat-sink-computer-water-cooling-system-4-sizes\/#breadcrumb","itemListElement":[{"@type":"ListItem","position":1,"name":"Home","item":"https:\/\/rapidprecise.com\/"},{"@type":"ListItem","position":2,"name":"Shop","item":"https:\/\/rapidprecise.com\/shop\/"},{"@type":"ListItem","position":3,"name":"Aluminum Alloy Electronic Radiator Dense Teeth Heatsink Cooling Pad Extruded"}]},{"@type":"WebSite","@id":"https:\/\/rapidprecise.com\/de\/#website","url":"https:\/\/rapidprecise.com\/de\/","name":"rapidprecise.com","description":"","publisher":{"@id":"https:\/\/rapidprecise.com\/de\/#organization"},"potentialAction":[{"@type":"SearchAction","target":{"@type":"EntryPoint","urlTemplate":"https:\/\/rapidprecise.com\/de\/?s={search_term_string}"},"query-input":{"@type":"PropertyValueSpecification","valueRequired":true,"valueName":"search_term_string"}}],"inLanguage":"de"},{"@type":"Organization","@id":"https:\/\/rapidprecise.com\/de\/#organization","name":"rapidprecise.com","url":"https:\/\/rapidprecise.com\/de\/","logo":{"@type":"ImageObject","inLanguage":"de","@id":"https:\/\/rapidprecise.com\/de\/#\/schema\/logo\/image\/","url":"https:\/\/rapidprecise.com\/wp-content\/uploads\/2024\/12\/rapidprecise.png","contentUrl":"https:\/\/rapidprecise.com\/wp-content\/uploads\/2024\/12\/rapidprecise.png","width":279,"height":58,"caption":"rapidprecise.com"},"image":{"@id":"https:\/\/rapidprecise.com\/de\/#\/schema\/logo\/image\/"}}]}},"_links":{"self":[{"href":"https:\/\/rapidprecise.com\/de\/wp-json\/wp\/v2\/product\/542","targetHints":{"allow":["GET"]}}],"collection":[{"href":"https:\/\/rapidprecise.com\/de\/wp-json\/wp\/v2\/product"}],"about":[{"href":"https:\/\/rapidprecise.com\/de\/wp-json\/wp\/v2\/types\/product"}],"replies":[{"embeddable":true,"href":"https:\/\/rapidprecise.com\/de\/wp-json\/wp\/v2\/comments?post=542"}],"wp:featuredmedia":[{"embeddable":true,"href":"https:\/\/rapidprecise.com\/de\/wp-json\/wp\/v2\/media\/543"}],"wp:attachment":[{"href":"https:\/\/rapidprecise.com\/de\/wp-json\/wp\/v2\/media?parent=542"}],"wp:term":[{"taxonomy":"product_brand","embeddable":true,"href":"https:\/\/rapidprecise.com\/de\/wp-json\/wp\/v2\/product_brand?post=542"},{"taxonomy":"product_cat","embeddable":true,"href":"https:\/\/rapidprecise.com\/de\/wp-json\/wp\/v2\/product_cat?post=542"},{"taxonomy":"product_tag","embeddable":true,"href":"https:\/\/rapidprecise.com\/de\/wp-json\/wp\/v2\/product_tag?post=542"}],"curies":[{"name":"wp","href":"https:\/\/api.w.org\/{rel}","templated":true}]}}