{"id":559,"date":"2024-12-25T14:30:43","date_gmt":"2024-12-25T14:30:43","guid":{"rendered":"https:\/\/rapidprecise.com\/product\/v6-heat-sink-1-75mm-aluminum-cooler-heatsink-3d-printer-radiator-for-v6-i3-mk3-j-head-extruder-hotend-bowden\/"},"modified":"2025-07-20T08:14:51","modified_gmt":"2025-07-20T08:14:51","slug":"v6-heat-sink-1-75mm-aluminum-cooler-heatsink-3d-printer-radiator-for-v6-i3-mk3-j-head-extruder-hotend-bowden","status":"publish","type":"product","link":"https:\/\/rapidprecise.com\/de\/product\/v6-heat-sink-1-75mm-aluminum-cooler-heatsink-3d-printer-radiator-for-v6-i3-mk3-j-head-extruder-hotend-bowden\/","title":{"rendered":"K\u00fchlk\u00f6rper 1,75 mm Aluminium K\u00fchler K\u00fchlk\u00f6rper"},"content":{"rendered":"<p>Spezifikationen:<\/p>\n<p>Artikelname: Gewindek\u00fchlk\u00f6rper<\/p>\n<p>Farbe: Silber<\/p>\n<p>Material: Aluminiumlegierung<\/p>\n<p>Produktprozess: CNC<\/p>\n<p>Gr\u00f6\u00dfe: 37,6*22,26*11,85mm<\/p>\n<p>Filamentgr\u00f6\u00dfe: 1,75 mm<\/p>\n<p>Kehlenschraube: M7<\/p>\n<p>Produktfunktion: Motorgetriebe<\/p>\n<p>Kompatibel: Bowden V6 Hotend<\/p>\n<p>Anwendbare Modelle: V6<\/p>\n<p>Achten Sie auf:<\/p>\n<p>Der 3D-Drucker-K\u00fchlk\u00f6rper ist aus hochwertigem Aluminiumlegierung gefertigt<\/p>\n<p>Der K\u00fchlk\u00f6rper perfekt geeignet f\u00fcr M7-Gewinde V6-Heizblock<\/p>\n<p>Geeignet f\u00fcr 1,75 mm Filament V6 Fernk\u00fchler<\/p>\n<p>Der K\u00fchlk\u00f6rper, geeignet f\u00fcr Bowden V6 Hotend<\/p>\n<p>-Kompatibel mit M7-Gewinde V6-Heizblock<\/p>\n<p>-Kompatibel mit E3D V6 Prusa i3 MK3 J-Head Extruder Hotend Bowden.<\/p>","protected":false},"excerpt":{"rendered":"<p>Spezifikationen: Artikelname: Gewindek\u00fchlk\u00f6rper Farbe: Silber Material: Aluminiumlegierung Produktprozess: CNC Gr\u00f6\u00dfe: 37,6*22,26*11,85mm Filamentgr\u00f6\u00dfe: 1,75mm Einlassschraube: M7 Produktfunktion: Motorgetriebe Kompatibel: Bowden V6 Hotend Anwendbare Modelle: V6 Achtung: -Der 3D-Drucker-K\u00fchlk\u00f6rper besteht aus hochwertiger Aluminiumlegierung -Der K\u00fchlk\u00f6rper ist perfekt f\u00fcr M7-Gewinde V6-Hei\u00dfabbruch geeignet -Geeignet f\u00fcr [\u2026]<\/p>","protected":false},"featured_media":561,"comment_status":"closed","ping_status":"closed","template":"","meta":[],"product_brand":[],"product_cat":[474,26,25,375,473,24,23,477,482,479,483,475,485,484],"product_tag":[],"class_list":{"0":"post-559","1":"product","2":"type-product","3":"status-publish","4":"has-post-thumbnail","6":"product_cat-aluminum-casting-molds","7":"product_cat-aluminum-die-casting-parts","8":"product_cat-aluminum-extrusion-parts","9":"product_cat-aluminum-heat-sink","10":"product_cat-aluminum-injection-molds","11":"product_cat-aluminum-milling-parts","12":"product_cat-aluminum-turning-parts","13":"product_cat-custom-aluminum-parts","14":"product_cat-custom-brass-parts","15":"product_cat-custom-cnc-metal-parts","16":"product_cat-custom-copper-parts","17":"product_cat-custom-stainless-steel-parts","18":"product_cat-custom-titanium-parts","19":"product_cat-custom-tool-steel-parts","21":"first","22":"instock","23":"shipping-taxable","24":"product-type-simple"},"yoast_head":"<!-- This site is optimized with the Yoast SEO plugin v27.4 - https:\/\/yoast.com\/product\/yoast-seo-wordpress\/ -->\n<title>Heat Sink 1.75mm Aluminum Cooler Heatsink | RAPIDPRECISE<\/title>\n<meta name=\"description\" content=\"Professional CNC machining factory provide Heat Sink 1.75mm Aluminum Cooler Heatsink\" \/>\n<meta name=\"robots\" content=\"index, follow, max-snippet:-1, max-image-preview:large, max-video-preview:-1\" \/>\n<link rel=\"canonical\" href=\"https:\/\/rapidprecise.com\/de\/product\/v6-heat-sink-1-75mm-aluminum-cooler-heatsink-3d-printer-radiator-for-v6-i3-mk3-j-head-extruder-hotend-bowden\/\" \/>\n<meta property=\"og:locale\" content=\"de_DE\" \/>\n<meta property=\"og:type\" content=\"article\" \/>\n<meta property=\"og:title\" content=\"Heat Sink 1.75mm Aluminum Cooler Heatsink | RAPIDPRECISE\" \/>\n<meta property=\"og:description\" content=\"Professional CNC machining factory provide Heat Sink 1.75mm Aluminum Cooler Heatsink\" \/>\n<meta property=\"og:url\" content=\"https:\/\/rapidprecise.com\/de\/product\/v6-heat-sink-1-75mm-aluminum-cooler-heatsink-3d-printer-radiator-for-v6-i3-mk3-j-head-extruder-hotend-bowden\/\" \/>\n<meta property=\"og:site_name\" content=\"RAPIDPRECISE\" \/>\n<meta property=\"article:modified_time\" content=\"2025-07-20T08:14:51+00:00\" \/>\n<meta property=\"og:image\" content=\"https:\/\/rapidprecise.com\/wp-content\/uploads\/2024\/12\/kf-S1e8bd968bd5d4c40a0299a144a6b10b3G.webp\" \/>\n\t<meta property=\"og:image:width\" content=\"1500\" \/>\n\t<meta property=\"og:image:height\" content=\"1500\" \/>\n\t<meta property=\"og:image:type\" content=\"image\/webp\" \/>\n<meta name=\"twitter:card\" content=\"summary_large_image\" \/>\n<meta name=\"twitter:label1\" content=\"Gesch\u00e4tzte Lesezeit\" \/>\n\t<meta name=\"twitter:data1\" content=\"1\u00a0Minute\" \/>\n<script type=\"application\/ld+json\" class=\"yoast-schema-graph\">{\"@context\":\"https:\\\/\\\/schema.org\",\"@graph\":[{\"@type\":\"WebPage\",\"@id\":\"https:\\\/\\\/rapidprecise.com\\\/de\\\/product\\\/v6-heat-sink-1-75mm-aluminum-cooler-heatsink-3d-printer-radiator-for-v6-i3-mk3-j-head-extruder-hotend-bowden\\\/\",\"url\":\"https:\\\/\\\/rapidprecise.com\\\/de\\\/product\\\/v6-heat-sink-1-75mm-aluminum-cooler-heatsink-3d-printer-radiator-for-v6-i3-mk3-j-head-extruder-hotend-bowden\\\/\",\"name\":\"Heat Sink 1.75mm Aluminum Cooler Heatsink | RAPIDPRECISE\",\"isPartOf\":{\"@id\":\"https:\\\/\\\/rapidprecise.com\\\/de\\\/#website\"},\"primaryImageOfPage\":{\"@id\":\"https:\\\/\\\/rapidprecise.com\\\/de\\\/product\\\/v6-heat-sink-1-75mm-aluminum-cooler-heatsink-3d-printer-radiator-for-v6-i3-mk3-j-head-extruder-hotend-bowden\\\/#primaryimage\"},\"image\":{\"@id\":\"https:\\\/\\\/rapidprecise.com\\\/de\\\/product\\\/v6-heat-sink-1-75mm-aluminum-cooler-heatsink-3d-printer-radiator-for-v6-i3-mk3-j-head-extruder-hotend-bowden\\\/#primaryimage\"},\"thumbnailUrl\":\"https:\\\/\\\/rapidprecise.com\\\/wp-content\\\/uploads\\\/2024\\\/12\\\/kf-S1e8bd968bd5d4c40a0299a144a6b10b3G.webp\",\"datePublished\":\"2024-12-25T14:30:43+00:00\",\"dateModified\":\"2025-07-20T08:14:51+00:00\",\"description\":\"Professional CNC machining factory provide Heat Sink 1.75mm Aluminum Cooler Heatsink\",\"breadcrumb\":{\"@id\":\"https:\\\/\\\/rapidprecise.com\\\/de\\\/product\\\/v6-heat-sink-1-75mm-aluminum-cooler-heatsink-3d-printer-radiator-for-v6-i3-mk3-j-head-extruder-hotend-bowden\\\/#breadcrumb\"},\"inLanguage\":\"de\",\"potentialAction\":[{\"@type\":\"ReadAction\",\"target\":[\"https:\\\/\\\/rapidprecise.com\\\/de\\\/product\\\/v6-heat-sink-1-75mm-aluminum-cooler-heatsink-3d-printer-radiator-for-v6-i3-mk3-j-head-extruder-hotend-bowden\\\/\"]}]},{\"@type\":\"ImageObject\",\"inLanguage\":\"de\",\"@id\":\"https:\\\/\\\/rapidprecise.com\\\/de\\\/product\\\/v6-heat-sink-1-75mm-aluminum-cooler-heatsink-3d-printer-radiator-for-v6-i3-mk3-j-head-extruder-hotend-bowden\\\/#primaryimage\",\"url\":\"https:\\\/\\\/rapidprecise.com\\\/wp-content\\\/uploads\\\/2024\\\/12\\\/kf-S1e8bd968bd5d4c40a0299a144a6b10b3G.webp\",\"contentUrl\":\"https:\\\/\\\/rapidprecise.com\\\/wp-content\\\/uploads\\\/2024\\\/12\\\/kf-S1e8bd968bd5d4c40a0299a144a6b10b3G.webp\",\"width\":1500,\"height\":1500},{\"@type\":\"BreadcrumbList\",\"@id\":\"https:\\\/\\\/rapidprecise.com\\\/de\\\/product\\\/v6-heat-sink-1-75mm-aluminum-cooler-heatsink-3d-printer-radiator-for-v6-i3-mk3-j-head-extruder-hotend-bowden\\\/#breadcrumb\",\"itemListElement\":[{\"@type\":\"ListItem\",\"position\":1,\"name\":\"Home\",\"item\":\"https:\\\/\\\/rapidprecise.com\\\/\"},{\"@type\":\"ListItem\",\"position\":2,\"name\":\"Shop\",\"item\":\"https:\\\/\\\/rapidprecise.com\\\/shop\\\/\"},{\"@type\":\"ListItem\",\"position\":3,\"name\":\"Heat Sink 1.75mm Aluminum Cooler Heatsink\"}]},{\"@type\":\"WebSite\",\"@id\":\"https:\\\/\\\/rapidprecise.com\\\/de\\\/#website\",\"url\":\"https:\\\/\\\/rapidprecise.com\\\/de\\\/\",\"name\":\"rapidprecise.com\",\"description\":\"\",\"publisher\":{\"@id\":\"https:\\\/\\\/rapidprecise.com\\\/de\\\/#organization\"},\"potentialAction\":[{\"@type\":\"SearchAction\",\"target\":{\"@type\":\"EntryPoint\",\"urlTemplate\":\"https:\\\/\\\/rapidprecise.com\\\/de\\\/?s={search_term_string}\"},\"query-input\":{\"@type\":\"PropertyValueSpecification\",\"valueRequired\":true,\"valueName\":\"search_term_string\"}}],\"inLanguage\":\"de\"},{\"@type\":\"Organization\",\"@id\":\"https:\\\/\\\/rapidprecise.com\\\/de\\\/#organization\",\"name\":\"rapidprecise.com\",\"url\":\"https:\\\/\\\/rapidprecise.com\\\/de\\\/\",\"logo\":{\"@type\":\"ImageObject\",\"inLanguage\":\"de\",\"@id\":\"https:\\\/\\\/rapidprecise.com\\\/de\\\/#\\\/schema\\\/logo\\\/image\\\/\",\"url\":\"https:\\\/\\\/rapidprecise.com\\\/wp-content\\\/uploads\\\/2024\\\/12\\\/rapidprecise.png\",\"contentUrl\":\"https:\\\/\\\/rapidprecise.com\\\/wp-content\\\/uploads\\\/2024\\\/12\\\/rapidprecise.png\",\"width\":279,\"height\":58,\"caption\":\"rapidprecise.com\"},\"image\":{\"@id\":\"https:\\\/\\\/rapidprecise.com\\\/de\\\/#\\\/schema\\\/logo\\\/image\\\/\"}}]}<\/script>\n<!-- \/ Yoast SEO plugin. -->","yoast_head_json":{"title":"Heat Sink 1.75mm Aluminum Cooler Heatsink | RAPIDPRECISE","description":"Professional CNC machining factory provide Heat Sink 1.75mm Aluminum Cooler Heatsink","robots":{"index":"index","follow":"follow","max-snippet":"max-snippet:-1","max-image-preview":"max-image-preview:large","max-video-preview":"max-video-preview:-1"},"canonical":"https:\/\/rapidprecise.com\/de\/product\/v6-heat-sink-1-75mm-aluminum-cooler-heatsink-3d-printer-radiator-for-v6-i3-mk3-j-head-extruder-hotend-bowden\/","og_locale":"de_DE","og_type":"article","og_title":"Heat Sink 1.75mm Aluminum Cooler Heatsink | RAPIDPRECISE","og_description":"Professional CNC machining factory provide Heat Sink 1.75mm Aluminum Cooler Heatsink","og_url":"https:\/\/rapidprecise.com\/de\/product\/v6-heat-sink-1-75mm-aluminum-cooler-heatsink-3d-printer-radiator-for-v6-i3-mk3-j-head-extruder-hotend-bowden\/","og_site_name":"RAPIDPRECISE","article_modified_time":"2025-07-20T08:14:51+00:00","og_image":[{"width":1500,"height":1500,"url":"https:\/\/rapidprecise.com\/wp-content\/uploads\/2024\/12\/kf-S1e8bd968bd5d4c40a0299a144a6b10b3G.webp","type":"image\/webp"}],"twitter_card":"summary_large_image","twitter_misc":{"Gesch\u00e4tzte Lesezeit":"1\u00a0Minute"},"schema":{"@context":"https:\/\/schema.org","@graph":[{"@type":"WebPage","@id":"https:\/\/rapidprecise.com\/de\/product\/v6-heat-sink-1-75mm-aluminum-cooler-heatsink-3d-printer-radiator-for-v6-i3-mk3-j-head-extruder-hotend-bowden\/","url":"https:\/\/rapidprecise.com\/de\/product\/v6-heat-sink-1-75mm-aluminum-cooler-heatsink-3d-printer-radiator-for-v6-i3-mk3-j-head-extruder-hotend-bowden\/","name":"Heat Sink 1.75mm Aluminum Cooler Heatsink | RAPIDPRECISE","isPartOf":{"@id":"https:\/\/rapidprecise.com\/de\/#website"},"primaryImageOfPage":{"@id":"https:\/\/rapidprecise.com\/de\/product\/v6-heat-sink-1-75mm-aluminum-cooler-heatsink-3d-printer-radiator-for-v6-i3-mk3-j-head-extruder-hotend-bowden\/#primaryimage"},"image":{"@id":"https:\/\/rapidprecise.com\/de\/product\/v6-heat-sink-1-75mm-aluminum-cooler-heatsink-3d-printer-radiator-for-v6-i3-mk3-j-head-extruder-hotend-bowden\/#primaryimage"},"thumbnailUrl":"https:\/\/rapidprecise.com\/wp-content\/uploads\/2024\/12\/kf-S1e8bd968bd5d4c40a0299a144a6b10b3G.webp","datePublished":"2024-12-25T14:30:43+00:00","dateModified":"2025-07-20T08:14:51+00:00","description":"Professional CNC machining factory provide Heat Sink 1.75mm Aluminum Cooler Heatsink","breadcrumb":{"@id":"https:\/\/rapidprecise.com\/de\/product\/v6-heat-sink-1-75mm-aluminum-cooler-heatsink-3d-printer-radiator-for-v6-i3-mk3-j-head-extruder-hotend-bowden\/#breadcrumb"},"inLanguage":"de","potentialAction":[{"@type":"ReadAction","target":["https:\/\/rapidprecise.com\/de\/product\/v6-heat-sink-1-75mm-aluminum-cooler-heatsink-3d-printer-radiator-for-v6-i3-mk3-j-head-extruder-hotend-bowden\/"]}]},{"@type":"ImageObject","inLanguage":"de","@id":"https:\/\/rapidprecise.com\/de\/product\/v6-heat-sink-1-75mm-aluminum-cooler-heatsink-3d-printer-radiator-for-v6-i3-mk3-j-head-extruder-hotend-bowden\/#primaryimage","url":"https:\/\/rapidprecise.com\/wp-content\/uploads\/2024\/12\/kf-S1e8bd968bd5d4c40a0299a144a6b10b3G.webp","contentUrl":"https:\/\/rapidprecise.com\/wp-content\/uploads\/2024\/12\/kf-S1e8bd968bd5d4c40a0299a144a6b10b3G.webp","width":1500,"height":1500},{"@type":"BreadcrumbList","@id":"https:\/\/rapidprecise.com\/de\/product\/v6-heat-sink-1-75mm-aluminum-cooler-heatsink-3d-printer-radiator-for-v6-i3-mk3-j-head-extruder-hotend-bowden\/#breadcrumb","itemListElement":[{"@type":"ListItem","position":1,"name":"Home","item":"https:\/\/rapidprecise.com\/"},{"@type":"ListItem","position":2,"name":"Shop","item":"https:\/\/rapidprecise.com\/shop\/"},{"@type":"ListItem","position":3,"name":"Heat Sink 1.75mm Aluminum Cooler Heatsink"}]},{"@type":"WebSite","@id":"https:\/\/rapidprecise.com\/de\/#website","url":"https:\/\/rapidprecise.com\/de\/","name":"rapidprecise.com","description":"","publisher":{"@id":"https:\/\/rapidprecise.com\/de\/#organization"},"potentialAction":[{"@type":"SearchAction","target":{"@type":"EntryPoint","urlTemplate":"https:\/\/rapidprecise.com\/de\/?s={search_term_string}"},"query-input":{"@type":"PropertyValueSpecification","valueRequired":true,"valueName":"search_term_string"}}],"inLanguage":"de"},{"@type":"Organization","@id":"https:\/\/rapidprecise.com\/de\/#organization","name":"rapidprecise.com","url":"https:\/\/rapidprecise.com\/de\/","logo":{"@type":"ImageObject","inLanguage":"de","@id":"https:\/\/rapidprecise.com\/de\/#\/schema\/logo\/image\/","url":"https:\/\/rapidprecise.com\/wp-content\/uploads\/2024\/12\/rapidprecise.png","contentUrl":"https:\/\/rapidprecise.com\/wp-content\/uploads\/2024\/12\/rapidprecise.png","width":279,"height":58,"caption":"rapidprecise.com"},"image":{"@id":"https:\/\/rapidprecise.com\/de\/#\/schema\/logo\/image\/"}}]}},"_links":{"self":[{"href":"https:\/\/rapidprecise.com\/de\/wp-json\/wp\/v2\/product\/559","targetHints":{"allow":["GET"]}}],"collection":[{"href":"https:\/\/rapidprecise.com\/de\/wp-json\/wp\/v2\/product"}],"about":[{"href":"https:\/\/rapidprecise.com\/de\/wp-json\/wp\/v2\/types\/product"}],"replies":[{"embeddable":true,"href":"https:\/\/rapidprecise.com\/de\/wp-json\/wp\/v2\/comments?post=559"}],"wp:featuredmedia":[{"embeddable":true,"href":"https:\/\/rapidprecise.com\/de\/wp-json\/wp\/v2\/media\/561"}],"wp:attachment":[{"href":"https:\/\/rapidprecise.com\/de\/wp-json\/wp\/v2\/media?parent=559"}],"wp:term":[{"taxonomy":"product_brand","embeddable":true,"href":"https:\/\/rapidprecise.com\/de\/wp-json\/wp\/v2\/product_brand?post=559"},{"taxonomy":"product_cat","embeddable":true,"href":"https:\/\/rapidprecise.com\/de\/wp-json\/wp\/v2\/product_cat?post=559"},{"taxonomy":"product_tag","embeddable":true,"href":"https:\/\/rapidprecise.com\/de\/wp-json\/wp\/v2\/product_tag?post=559"}],"curies":[{"name":"wp","href":"https:\/\/api.w.org\/{rel}","templated":true}]}}