{"id":608,"date":"2024-12-25T14:31:04","date_gmt":"2024-12-25T14:31:04","guid":{"rendered":"https:\/\/rapidprecise.com\/product\/made-cnc-machined-turning-service-aluminum-for-food-machining-parts-3016-304-steel-polishing-copper-brass-oem-odm-factory\/"},"modified":"2024-12-26T15:09:38","modified_gmt":"2024-12-26T15:09:38","slug":"made-cnc-machined-turning-service-aluminum-for-food-machining-parts-3016-304-steel-polishing-copper-brass-oem-odm-factory","status":"publish","type":"product","link":"https:\/\/rapidprecise.com\/de\/product\/made-cnc-machined-turning-service-aluminum-for-food-machining-parts-3016-304-steel-polishing-copper-brass-oem-odm-factory\/","title":{"rendered":"Hergestellt CNC-gefr\u00e4ster Drehservice Aluminium f\u00fcr Lebensmittelbearbeitungsteile"},"content":{"rendered":"<div class=\"flex max-w-full flex-col flex-grow\">\n<div class=\"min-h-8 text-message flex w-full flex-col items-end gap-2 whitespace-normal break-words text-start [.text-message+&amp;]:mt-5\" dir=\"auto\" data-message-author-role=\"assistant\" data-message-id=\"b4bcb809-5d68-413d-9ac7-340694f45e2f\" data-message-model-slug=\"gpt-4o\">\n<div class=\"flex w-full flex-col gap-1 empty:hidden first:pt-[3px]\">\n<div class=\"markdown prose w-full break-words dark:prose-invert light\">\n<p>Unser CNC-gefr\u00e4stes Drehservice f\u00fcr Aluminiumteile in Lebensmittelqualit\u00e4t gew\u00e4hrleistet Pr\u00e4zision, Haltbarkeit und die Einhaltung der Lebensmittelsicherheitsstandards. Entwickelt f\u00fcr die Lebensmittelverarbeitungs- und Verpackungsindustrie, werden diese Komponenten gefertigt, um strenge Hygiene- und Leistungsanforderungen zu erf\u00fcllen.<\/p>\n<h4>Hauptmerkmale:<\/h4>\n<ol>\n<li>Lebensmittelechtes Aluminium-Material:\n<ul>\n<li>Hergestellt aus hochwertigem Aluminium, das f\u00fcr Anwendungen in der Lebensmittelindustrie geeignet ist.<\/li>\n<li>Leicht, korrosionsbest\u00e4ndig und leicht zu reinigen, um die Hygienestandards aufrechtzuerhalten.<\/li>\n<\/ul>\n<\/li>\n<li>Fortschrittliche CNC-Drehtechnologie:\n<ul>\n<li>Verwendet modernste CNC-Drehmaschinen f\u00fcr \u00fcberlegene Genauigkeit und glatte Oberfl\u00e4chen.<\/li>\n<li>Erreicht enge Toleranzen, um eine zuverl\u00e4ssige und konsistente Leistung zu gew\u00e4hrleisten.<\/li>\n<\/ul>\n<\/li>\n<li>Auf Ihre Bed\u00fcrfnisse zugeschnitten:\n<ul>\n<li>Ma\u00dfgeschneidert, um spezifische Design- und Funktionsanforderungen zu erf\u00fcllen.<\/li>\n<li>Unterst\u00fctzt komplexe Geometrien und detaillierte Spezifikationen.<\/li>\n<\/ul>\n<\/li>\n<li>Oberfl\u00e4chenveredelungen:\n<ul>\n<li>Verf\u00fcgbar mit Eloxieren, Polieren oder anderen Oberfl\u00e4chenbehandlungen zur Verbesserung der Haltbarkeit und Sauberkeit.<\/li>\n<li>Antihaftbeschichtete und pflegeleichte Oberfl\u00e4chen f\u00fcr nahtlose Lebensmittelverarbeitung.<\/li>\n<\/ul>\n<\/li>\n<li>Einhaltung und Qualit\u00e4tssicherung:\n<ul>\n<li>Erf\u00fcllt die Lebensmittelsicherheitsstandards und gew\u00e4hrleistet Sicherheit und Zuverl\u00e4ssigkeit in lebensmittelverarbeitenden Umgebungen.<\/li>\n<li>Strenge Qualit\u00e4tskontrollprozesse, um fehlerfreie Teile zu liefern.<\/li>\n<\/ul>\n<\/li>\n<\/ol>\n<h4>Spezifikationen:<\/h4>\n<table>\n<thead>\n<tr>\n<th>Funktion<\/th>\n<th>Details<\/th>\n<\/tr>\n<\/thead>\n<tbody>\n<tr>\n<td>Material<\/td>\n<td>Lebensmittelechtes Aluminium<\/td>\n<\/tr>\n<tr>\n<td>Prozess<\/td>\n<td>CNC-Drehen<\/td>\n<\/tr>\n<tr>\n<td>Toleranzen<\/td>\n<td>\u00b10,01mm<\/td>\n<\/tr>\n<tr>\n<td>Oberfl\u00e4chenfinish<\/td>\n<td>Anodisiert, Poliert, Anpassenbar<\/td>\n<\/tr>\n<tr>\n<td>Anwendungen<\/td>\n<td>Lebensmittelverarbeitung, Verpackung<\/td>\n<\/tr>\n<\/tbody>\n<\/table>\n<h4>Anwendungen:<\/h4>\n<ul>\n<li>Lebensmittelverarbeitungsger\u00e4te: Pr\u00e4zisionsteile f\u00fcr Mixer, Schneidemaschinen und M\u00fchlen.<\/li>\n<li>Verpackungsmaschinen: Komponenten zum Versiegeln, Schneiden und Transportieren von Lebensmitteln.<\/li>\n<li>Hygiene-kritische Komponenten: Teile, die leicht zu reinigen und zu desinfizieren sind.<\/li>\n<\/ul>\n<h4>Vorteile unseres Services:<\/h4>\n<ul>\n<li>Hohe Pr\u00e4zision: Enge Toleranzen stellen sicher, dass Teile den genauen Spezifikationen entsprechen.<\/li>\n<li>Langlebig und zuverl\u00e4ssig: Hergestellt aus robustem Aluminium mit Oberfl\u00e4chenbehandlungen f\u00fcr Langlebigkeit.<\/li>\n<li>Anpassung: Vollst\u00e4ndig ma\u00dfgeschneiderte Designs, um den einzigartigen betrieblichen Anforderungen gerecht zu werden.<\/li>\n<li>Lebensmittelsichere Herstellung: Konform mit Branchenvorschriften f\u00fcr sicheren Gebrauch.<\/li>\n<\/ul>\n<p>Optimieren Sie Ihre Lebensmittelmaschinen mit CNC-gefr\u00e4sten Aluminiumteilen, die Funktionalit\u00e4t, Sicherheit und Zuverl\u00e4ssigkeit vereinen. Kontaktieren Sie uns noch heute, um Ihre Anforderungen zu besprechen und ein Angebot f\u00fcr Ihr individuelles Projekt zu erhalten!<\/p>\n<\/div>\n<\/div>\n<\/div>\n<\/div>","protected":false},"excerpt":{"rendered":"<p>Our CNC Machined Turning Service for aluminum food-grade machining parts ensures precision, durability, and compliance with food safety standards. Designed for the food processing and packaging industry, these components are crafted to meet rigorous hygiene and performance requirements. Key Features: Food-Grade Aluminum Material: Manufactured from high-quality aluminum suitable for food industry applications. Lightweight, corrosion-resistant, and [&hellip;]<\/p>","protected":false},"featured_media":609,"comment_status":"closed","ping_status":"closed","template":"","meta":[],"product_brand":[],"product_cat":[23],"product_tag":[],"class_list":{"0":"post-608","1":"product","2":"type-product","3":"status-publish","4":"has-post-thumbnail","6":"product_cat-aluminum-turning-parts","8":"first","9":"instock","10":"shipping-taxable","11":"product-type-simple"},"yoast_head":"<!-- This site is optimized with the Yoast SEO plugin v27.4 - https:\/\/yoast.com\/product\/yoast-seo-wordpress\/ -->\n<title>Made CNC Machined Turning Service Aluminum for Food Machining Parts | RAPIDPRECISE<\/title>\n<meta name=\"description\" content=\"Professional CNC machining factory provide Made CNC Machined Turning Service Aluminum for Food Machining Parts\" \/>\n<meta name=\"robots\" content=\"index, follow, max-snippet:-1, max-image-preview:large, max-video-preview:-1\" \/>\n<link rel=\"canonical\" href=\"https:\/\/rapidprecise.com\/de\/product\/made-cnc-machined-turning-service-aluminum-for-food-machining-parts-3016-304-steel-polishing-copper-brass-oem-odm-factory\/\" \/>\n<meta property=\"og:locale\" content=\"de_DE\" \/>\n<meta property=\"og:type\" content=\"article\" \/>\n<meta property=\"og:title\" content=\"Made CNC Machined Turning Service Aluminum for Food Machining Parts | RAPIDPRECISE\" \/>\n<meta property=\"og:description\" content=\"Professional CNC machining factory provide Made CNC Machined Turning Service Aluminum for Food Machining Parts\" \/>\n<meta property=\"og:url\" content=\"https:\/\/rapidprecise.com\/de\/product\/made-cnc-machined-turning-service-aluminum-for-food-machining-parts-3016-304-steel-polishing-copper-brass-oem-odm-factory\/\" \/>\n<meta property=\"og:site_name\" content=\"RAPIDPRECISE\" \/>\n<meta property=\"article:modified_time\" content=\"2024-12-26T15:09:38+00:00\" \/>\n<meta property=\"og:image\" content=\"https:\/\/rapidprecise.com\/wp-content\/uploads\/2024\/12\/kf-S846e55f9e275454a9d7c4b30b9279439t.webp\" \/>\n\t<meta property=\"og:image:width\" content=\"800\" \/>\n\t<meta property=\"og:image:height\" content=\"800\" \/>\n\t<meta property=\"og:image:type\" content=\"image\/webp\" \/>\n<meta name=\"twitter:card\" content=\"summary_large_image\" \/>\n<meta name=\"twitter:label1\" content=\"Gesch\u00e4tzte Lesezeit\" \/>\n\t<meta name=\"twitter:data1\" content=\"2\u00a0Minuten\" \/>\n<script type=\"application\/ld+json\" class=\"yoast-schema-graph\">{\"@context\":\"https:\\\/\\\/schema.org\",\"@graph\":[{\"@type\":\"WebPage\",\"@id\":\"https:\\\/\\\/rapidprecise.com\\\/de\\\/product\\\/made-cnc-machined-turning-service-aluminum-for-food-machining-parts-3016-304-steel-polishing-copper-brass-oem-odm-factory\\\/\",\"url\":\"https:\\\/\\\/rapidprecise.com\\\/de\\\/product\\\/made-cnc-machined-turning-service-aluminum-for-food-machining-parts-3016-304-steel-polishing-copper-brass-oem-odm-factory\\\/\",\"name\":\"Made CNC Machined Turning Service Aluminum for Food Machining Parts | RAPIDPRECISE\",\"isPartOf\":{\"@id\":\"https:\\\/\\\/rapidprecise.com\\\/de\\\/#website\"},\"primaryImageOfPage\":{\"@id\":\"https:\\\/\\\/rapidprecise.com\\\/de\\\/product\\\/made-cnc-machined-turning-service-aluminum-for-food-machining-parts-3016-304-steel-polishing-copper-brass-oem-odm-factory\\\/#primaryimage\"},\"image\":{\"@id\":\"https:\\\/\\\/rapidprecise.com\\\/de\\\/product\\\/made-cnc-machined-turning-service-aluminum-for-food-machining-parts-3016-304-steel-polishing-copper-brass-oem-odm-factory\\\/#primaryimage\"},\"thumbnailUrl\":\"https:\\\/\\\/rapidprecise.com\\\/wp-content\\\/uploads\\\/2024\\\/12\\\/kf-S846e55f9e275454a9d7c4b30b9279439t.webp\",\"datePublished\":\"2024-12-25T14:31:04+00:00\",\"dateModified\":\"2024-12-26T15:09:38+00:00\",\"description\":\"Professional CNC machining factory provide Made CNC Machined Turning Service Aluminum for Food Machining Parts\",\"breadcrumb\":{\"@id\":\"https:\\\/\\\/rapidprecise.com\\\/de\\\/product\\\/made-cnc-machined-turning-service-aluminum-for-food-machining-parts-3016-304-steel-polishing-copper-brass-oem-odm-factory\\\/#breadcrumb\"},\"inLanguage\":\"de\",\"potentialAction\":[{\"@type\":\"ReadAction\",\"target\":[\"https:\\\/\\\/rapidprecise.com\\\/de\\\/product\\\/made-cnc-machined-turning-service-aluminum-for-food-machining-parts-3016-304-steel-polishing-copper-brass-oem-odm-factory\\\/\"]}]},{\"@type\":\"ImageObject\",\"inLanguage\":\"de\",\"@id\":\"https:\\\/\\\/rapidprecise.com\\\/de\\\/product\\\/made-cnc-machined-turning-service-aluminum-for-food-machining-parts-3016-304-steel-polishing-copper-brass-oem-odm-factory\\\/#primaryimage\",\"url\":\"https:\\\/\\\/rapidprecise.com\\\/wp-content\\\/uploads\\\/2024\\\/12\\\/kf-S846e55f9e275454a9d7c4b30b9279439t.webp\",\"contentUrl\":\"https:\\\/\\\/rapidprecise.com\\\/wp-content\\\/uploads\\\/2024\\\/12\\\/kf-S846e55f9e275454a9d7c4b30b9279439t.webp\",\"width\":800,\"height\":800},{\"@type\":\"BreadcrumbList\",\"@id\":\"https:\\\/\\\/rapidprecise.com\\\/de\\\/product\\\/made-cnc-machined-turning-service-aluminum-for-food-machining-parts-3016-304-steel-polishing-copper-brass-oem-odm-factory\\\/#breadcrumb\",\"itemListElement\":[{\"@type\":\"ListItem\",\"position\":1,\"name\":\"Home\",\"item\":\"https:\\\/\\\/rapidprecise.com\\\/\"},{\"@type\":\"ListItem\",\"position\":2,\"name\":\"Shop\",\"item\":\"https:\\\/\\\/rapidprecise.com\\\/shop\\\/\"},{\"@type\":\"ListItem\",\"position\":3,\"name\":\"Made CNC Machined Turning Service Aluminum for Food Machining Parts\"}]},{\"@type\":\"WebSite\",\"@id\":\"https:\\\/\\\/rapidprecise.com\\\/de\\\/#website\",\"url\":\"https:\\\/\\\/rapidprecise.com\\\/de\\\/\",\"name\":\"rapidprecise.com\",\"description\":\"\",\"publisher\":{\"@id\":\"https:\\\/\\\/rapidprecise.com\\\/de\\\/#organization\"},\"potentialAction\":[{\"@type\":\"SearchAction\",\"target\":{\"@type\":\"EntryPoint\",\"urlTemplate\":\"https:\\\/\\\/rapidprecise.com\\\/de\\\/?s={search_term_string}\"},\"query-input\":{\"@type\":\"PropertyValueSpecification\",\"valueRequired\":true,\"valueName\":\"search_term_string\"}}],\"inLanguage\":\"de\"},{\"@type\":\"Organization\",\"@id\":\"https:\\\/\\\/rapidprecise.com\\\/de\\\/#organization\",\"name\":\"rapidprecise.com\",\"url\":\"https:\\\/\\\/rapidprecise.com\\\/de\\\/\",\"logo\":{\"@type\":\"ImageObject\",\"inLanguage\":\"de\",\"@id\":\"https:\\\/\\\/rapidprecise.com\\\/de\\\/#\\\/schema\\\/logo\\\/image\\\/\",\"url\":\"https:\\\/\\\/rapidprecise.com\\\/wp-content\\\/uploads\\\/2024\\\/12\\\/rapidprecise.png\",\"contentUrl\":\"https:\\\/\\\/rapidprecise.com\\\/wp-content\\\/uploads\\\/2024\\\/12\\\/rapidprecise.png\",\"width\":279,\"height\":58,\"caption\":\"rapidprecise.com\"},\"image\":{\"@id\":\"https:\\\/\\\/rapidprecise.com\\\/de\\\/#\\\/schema\\\/logo\\\/image\\\/\"}}]}<\/script>\n<!-- \/ Yoast SEO plugin. -->","yoast_head_json":{"title":"Made CNC Machined Turning Service Aluminum for Food Machining Parts | RAPIDPRECISE","description":"Professional CNC machining factory provide Made CNC Machined Turning Service Aluminum for Food Machining Parts","robots":{"index":"index","follow":"follow","max-snippet":"max-snippet:-1","max-image-preview":"max-image-preview:large","max-video-preview":"max-video-preview:-1"},"canonical":"https:\/\/rapidprecise.com\/de\/product\/made-cnc-machined-turning-service-aluminum-for-food-machining-parts-3016-304-steel-polishing-copper-brass-oem-odm-factory\/","og_locale":"de_DE","og_type":"article","og_title":"Made CNC Machined Turning Service Aluminum for Food Machining Parts | RAPIDPRECISE","og_description":"Professional CNC machining factory provide Made CNC Machined Turning Service Aluminum for Food Machining Parts","og_url":"https:\/\/rapidprecise.com\/de\/product\/made-cnc-machined-turning-service-aluminum-for-food-machining-parts-3016-304-steel-polishing-copper-brass-oem-odm-factory\/","og_site_name":"RAPIDPRECISE","article_modified_time":"2024-12-26T15:09:38+00:00","og_image":[{"width":800,"height":800,"url":"https:\/\/rapidprecise.com\/wp-content\/uploads\/2024\/12\/kf-S846e55f9e275454a9d7c4b30b9279439t.webp","type":"image\/webp"}],"twitter_card":"summary_large_image","twitter_misc":{"Gesch\u00e4tzte Lesezeit":"2\u00a0Minuten"},"schema":{"@context":"https:\/\/schema.org","@graph":[{"@type":"WebPage","@id":"https:\/\/rapidprecise.com\/de\/product\/made-cnc-machined-turning-service-aluminum-for-food-machining-parts-3016-304-steel-polishing-copper-brass-oem-odm-factory\/","url":"https:\/\/rapidprecise.com\/de\/product\/made-cnc-machined-turning-service-aluminum-for-food-machining-parts-3016-304-steel-polishing-copper-brass-oem-odm-factory\/","name":"Made CNC Machined Turning Service Aluminum for Food Machining Parts | RAPIDPRECISE","isPartOf":{"@id":"https:\/\/rapidprecise.com\/de\/#website"},"primaryImageOfPage":{"@id":"https:\/\/rapidprecise.com\/de\/product\/made-cnc-machined-turning-service-aluminum-for-food-machining-parts-3016-304-steel-polishing-copper-brass-oem-odm-factory\/#primaryimage"},"image":{"@id":"https:\/\/rapidprecise.com\/de\/product\/made-cnc-machined-turning-service-aluminum-for-food-machining-parts-3016-304-steel-polishing-copper-brass-oem-odm-factory\/#primaryimage"},"thumbnailUrl":"https:\/\/rapidprecise.com\/wp-content\/uploads\/2024\/12\/kf-S846e55f9e275454a9d7c4b30b9279439t.webp","datePublished":"2024-12-25T14:31:04+00:00","dateModified":"2024-12-26T15:09:38+00:00","description":"Professional CNC machining factory provide Made CNC Machined Turning Service Aluminum for Food Machining Parts","breadcrumb":{"@id":"https:\/\/rapidprecise.com\/de\/product\/made-cnc-machined-turning-service-aluminum-for-food-machining-parts-3016-304-steel-polishing-copper-brass-oem-odm-factory\/#breadcrumb"},"inLanguage":"de","potentialAction":[{"@type":"ReadAction","target":["https:\/\/rapidprecise.com\/de\/product\/made-cnc-machined-turning-service-aluminum-for-food-machining-parts-3016-304-steel-polishing-copper-brass-oem-odm-factory\/"]}]},{"@type":"ImageObject","inLanguage":"de","@id":"https:\/\/rapidprecise.com\/de\/product\/made-cnc-machined-turning-service-aluminum-for-food-machining-parts-3016-304-steel-polishing-copper-brass-oem-odm-factory\/#primaryimage","url":"https:\/\/rapidprecise.com\/wp-content\/uploads\/2024\/12\/kf-S846e55f9e275454a9d7c4b30b9279439t.webp","contentUrl":"https:\/\/rapidprecise.com\/wp-content\/uploads\/2024\/12\/kf-S846e55f9e275454a9d7c4b30b9279439t.webp","width":800,"height":800},{"@type":"BreadcrumbList","@id":"https:\/\/rapidprecise.com\/de\/product\/made-cnc-machined-turning-service-aluminum-for-food-machining-parts-3016-304-steel-polishing-copper-brass-oem-odm-factory\/#breadcrumb","itemListElement":[{"@type":"ListItem","position":1,"name":"Home","item":"https:\/\/rapidprecise.com\/"},{"@type":"ListItem","position":2,"name":"Shop","item":"https:\/\/rapidprecise.com\/shop\/"},{"@type":"ListItem","position":3,"name":"Made CNC Machined Turning Service Aluminum for Food Machining Parts"}]},{"@type":"WebSite","@id":"https:\/\/rapidprecise.com\/de\/#website","url":"https:\/\/rapidprecise.com\/de\/","name":"rapidprecise.com","description":"","publisher":{"@id":"https:\/\/rapidprecise.com\/de\/#organization"},"potentialAction":[{"@type":"SearchAction","target":{"@type":"EntryPoint","urlTemplate":"https:\/\/rapidprecise.com\/de\/?s={search_term_string}"},"query-input":{"@type":"PropertyValueSpecification","valueRequired":true,"valueName":"search_term_string"}}],"inLanguage":"de"},{"@type":"Organization","@id":"https:\/\/rapidprecise.com\/de\/#organization","name":"rapidprecise.com","url":"https:\/\/rapidprecise.com\/de\/","logo":{"@type":"ImageObject","inLanguage":"de","@id":"https:\/\/rapidprecise.com\/de\/#\/schema\/logo\/image\/","url":"https:\/\/rapidprecise.com\/wp-content\/uploads\/2024\/12\/rapidprecise.png","contentUrl":"https:\/\/rapidprecise.com\/wp-content\/uploads\/2024\/12\/rapidprecise.png","width":279,"height":58,"caption":"rapidprecise.com"},"image":{"@id":"https:\/\/rapidprecise.com\/de\/#\/schema\/logo\/image\/"}}]}},"_links":{"self":[{"href":"https:\/\/rapidprecise.com\/de\/wp-json\/wp\/v2\/product\/608","targetHints":{"allow":["GET"]}}],"collection":[{"href":"https:\/\/rapidprecise.com\/de\/wp-json\/wp\/v2\/product"}],"about":[{"href":"https:\/\/rapidprecise.com\/de\/wp-json\/wp\/v2\/types\/product"}],"replies":[{"embeddable":true,"href":"https:\/\/rapidprecise.com\/de\/wp-json\/wp\/v2\/comments?post=608"}],"wp:featuredmedia":[{"embeddable":true,"href":"https:\/\/rapidprecise.com\/de\/wp-json\/wp\/v2\/media\/609"}],"wp:attachment":[{"href":"https:\/\/rapidprecise.com\/de\/wp-json\/wp\/v2\/media?parent=608"}],"wp:term":[{"taxonomy":"product_brand","embeddable":true,"href":"https:\/\/rapidprecise.com\/de\/wp-json\/wp\/v2\/product_brand?post=608"},{"taxonomy":"product_cat","embeddable":true,"href":"https:\/\/rapidprecise.com\/de\/wp-json\/wp\/v2\/product_cat?post=608"},{"taxonomy":"product_tag","embeddable":true,"href":"https:\/\/rapidprecise.com\/de\/wp-json\/wp\/v2\/product_tag?post=608"}],"curies":[{"name":"wp","href":"https:\/\/api.w.org\/{rel}","templated":true}]}}