{"id":615,"date":"2024-12-25T14:31:07","date_gmt":"2024-12-25T14:31:07","guid":{"rendered":"https:\/\/rapidprecise.com\/product\/wholesale-custom-cnc-machining-parts-cnc-milling-turning-manufacturing-aluminum-brass-stainless-steel-metal-cnc-machining-servic\/"},"modified":"2024-12-26T15:09:38","modified_gmt":"2024-12-26T15:09:38","slug":"wholesale-custom-cnc-machining-parts-cnc-milling-turning-manufacturing-aluminum","status":"publish","type":"product","link":"https:\/\/rapidprecise.com\/de\/product\/wholesale-custom-cnc-machining-parts-cnc-milling-turning-manufacturing-aluminum\/","title":{"rendered":"Gro\u00dfhandel ma\u00dfgeschneiderte CNC-Bearbeitungsteile CNC-Fr\u00e4sen Drehen Herstellung Aluminium"},"content":{"rendered":"<p>Unser <strong>Gro\u00dfhandels-Teile f\u00fcr ma\u00dfgeschneiderte CNC-Bearbeitung<\/strong> Der Service bietet hochwertige Qualit\u00e4t <strong>CNC-Fr\u00e4sen und Drehen<\/strong> f\u00fcr Aluminiumkomponenten, die genau auf Ihre Spezifikationen zugeschnitten sind. Entwickelt, um die Bed\u00fcrfnisse verschiedener Branchen zu erf\u00fcllen, liefern wir pr\u00e4zise gefertigte Teile in gro\u00dfem Umfang mit wettbewerbsf\u00e4higen Preisen und gleichbleibender Qualit\u00e4t.<\/p>\n<h4>Hauptmerkmale:<\/h4>\n<ol>\n<li><strong>Premium Materialoptionen<\/strong>:\n<ul>\n<li>Hochwertige Aluminiumlegierungen wie 6061, 6063, 7075 und andere.<\/li>\n<li>Leicht, korrosionsbest\u00e4ndig und langlebig f\u00fcr eine Vielzahl von Anwendungen.<\/li>\n<\/ul>\n<\/li>\n<li><strong>Fortschrittliche CNC-Technologie<\/strong>:\n<ul>\n<li>State-of-the-art <strong>CNC-Fr\u00e4sen<\/strong> und <strong>drehen<\/strong> Maschinen f\u00fcr pr\u00e4zise Ma\u00dfe und glatte Oberfl\u00e4chen.<\/li>\n<li>Unterst\u00fctzt komplexe Geometrien und filigrane Designs mit engen Toleranzen (\u00b10,01 mm).<\/li>\n<\/ul>\n<\/li>\n<li><strong>Ma\u00dfgeschneiderte Herstellung<\/strong>:\n<ul>\n<li>Ma\u00dfgeschneidert auf Ihre einzigartigen Anforderungen, von Prototypen bis zur Massenproduktion.<\/li>\n<li>Flexible Designoptionen, einschlie\u00dflich L\u00f6cher, Gewinde, Schlitze und Oberfl\u00e4chenveredelungen.<\/li>\n<\/ul>\n<\/li>\n<li><strong>Oberfl\u00e4chenbehandlungen<\/strong>:\n<ul>\n<li>Gro\u00dfe Auswahl an Oberfl\u00e4chenbehandlungen wie Eloxieren, Pulverbeschichtung, Sandstrahlen, Polieren und mehr.<\/li>\n<li>Verbessert Korrosionsbest\u00e4ndigkeit, Aussehen und Haltbarkeit.<\/li>\n<\/ul>\n<\/li>\n<li><strong>Skalierbare Produktion<\/strong>:\n<ul>\n<li>Unterst\u00fctzt sowohl die Prototypenentwicklung in kleinen Chargen als auch die gro\u00df angelegte Fertigung.<\/li>\n<li>Effiziente Prozesse gew\u00e4hrleisten schnelle Durchlaufzeiten, ohne die Qualit\u00e4t zu beeintr\u00e4chtigen.<\/li>\n<\/ul>\n<\/li>\n<\/ol>\n<h4>Spezifikationen:<\/h4>\n<table>\n<thead>\n<tr>\n<th><strong>Funktion<\/strong><\/th>\n<th><strong>Details<\/strong><\/th>\n<\/tr>\n<\/thead>\n<tbody>\n<tr>\n<td><strong>Material<\/strong><\/td>\n<td>Aluminiumlegierungen (6061, 6063, 7075)<\/td>\n<\/tr>\n<tr>\n<td><strong>Prozesse<\/strong><\/td>\n<td>CNC-Fr\u00e4sen, CNC-Drehen<\/td>\n<\/tr>\n<tr>\n<td><strong>Toleranzen<\/strong><\/td>\n<td>\u00b10,01mm<\/td>\n<\/tr>\n<tr>\n<td><strong>Oberfl\u00e4chenfinish<\/strong><\/td>\n<td>Anodisiert, Pulverbeschichtet, Poliert<\/td>\n<\/tr>\n<tr>\n<td><strong>Produktionsma\u00dfstab<\/strong><\/td>\n<td>Prototyping bis zur Massenproduktion<\/td>\n<\/tr>\n<\/tbody>\n<\/table>\n<h4>Anwendungen:<\/h4>\n<ul>\n<li><strong>Automobilindustrie<\/strong>Leichtmetallteile aus Aluminium f\u00fcr Motor, Fahrgestell und Innenraumkomponenten.<\/li>\n<li><strong>Elektronik<\/strong>: K\u00fchlk\u00f6rper, Geh\u00e4use und Pr\u00e4zisionskomponenten.<\/li>\n<li><strong>Luft- und Raumfahrt<\/strong>Hochfeste, leichte Teile f\u00fcr Luftfahrtanwendungen.<\/li>\n<li><strong>Medizinisch<\/strong>: Ma\u00dfgeschneiderte Ausr\u00fcstungsteile mit Pr\u00e4zisionsbearbeitung.<\/li>\n<li><strong>Industriell<\/strong>: Robuste Komponenten f\u00fcr Maschinen und Werkzeuge.<\/li>\n<\/ul>\n<h4>Vorteile der Wahl von uns:<\/h4>\n<ul>\n<li><strong>Gro\u00dfhandelspreise<\/strong>Kosteng\u00fcnstige L\u00f6sungen f\u00fcr Gro\u00dfbestellungen.<\/li>\n<li><strong>Pr\u00e4zision und Qualit\u00e4t<\/strong>: ISO-zertifizierte Prozesse gew\u00e4hrleisten konsistente, hochwertige Teile.<\/li>\n<li><strong>Anpassungsf\u00e4higkeit<\/strong>: Anpassbar an Ihre genauen Design- und Funktionsanforderungen.<\/li>\n<li><strong>Schnelle Bearbeitung<\/strong>: Effiziente Herstellung mit schneller Lieferung.<\/li>\n<\/ul>\n<p>Nutzen Sie unsere <strong>Ma\u00dfgeschneiderte CNC-Bearbeitungskompetenz<\/strong> f\u00fcr Aluminiumteile zu Gro\u00dfhandelspreisen. Kontaktieren Sie uns jetzt f\u00fcr ein Angebot und lassen Sie uns dabei helfen, Ihre Entw\u00fcrfe mit Pr\u00e4zision und Effizienz zum Leben zu erwecken!<\/p>","protected":false},"excerpt":{"rendered":"<p>Our Wholesale Custom CNC Machining Parts service offers high-quality CNC milling and turning for aluminum components tailored to your exact specifications. Designed to meet the needs of diverse industries, we deliver precision-manufactured parts at scale with competitive pricing and consistent quality. Key Features: Premium Material Options: High-grade aluminum alloys such as 6061, 6063, 7075, and [&hellip;]<\/p>","protected":false},"featured_media":617,"comment_status":"closed","ping_status":"closed","template":"","meta":[],"product_brand":[],"product_cat":[24],"product_tag":[],"class_list":{"0":"post-615","1":"product","2":"type-product","3":"status-publish","4":"has-post-thumbnail","6":"product_cat-aluminum-milling-parts","8":"first","9":"instock","10":"shipping-taxable","11":"product-type-simple"},"yoast_head":"<!-- This site is optimized with the Yoast SEO plugin v27.4 - https:\/\/yoast.com\/product\/yoast-seo-wordpress\/ -->\n<title>wholesale Custom Cnc Machining Parts Cnc Milling Turning Manufacturing Aluminum | RAPIDPRECISE<\/title>\n<meta name=\"description\" content=\"Professional CNC machining factory provide wholesale Custom Cnc Machining Parts Cnc Milling Turning Manufacturing Aluminum\" \/>\n<meta name=\"robots\" content=\"index, follow, max-snippet:-1, max-image-preview:large, max-video-preview:-1\" \/>\n<link rel=\"canonical\" href=\"https:\/\/rapidprecise.com\/de\/product\/wholesale-custom-cnc-machining-parts-cnc-milling-turning-manufacturing-aluminum\/\" \/>\n<meta property=\"og:locale\" content=\"de_DE\" \/>\n<meta property=\"og:type\" content=\"article\" \/>\n<meta property=\"og:title\" content=\"wholesale Custom Cnc Machining Parts Cnc Milling Turning Manufacturing Aluminum | RAPIDPRECISE\" \/>\n<meta property=\"og:description\" content=\"Professional CNC machining factory provide wholesale Custom Cnc Machining Parts Cnc Milling Turning Manufacturing Aluminum\" \/>\n<meta property=\"og:url\" content=\"https:\/\/rapidprecise.com\/de\/product\/wholesale-custom-cnc-machining-parts-cnc-milling-turning-manufacturing-aluminum\/\" \/>\n<meta property=\"og:site_name\" content=\"RAPIDPRECISE\" \/>\n<meta property=\"article:modified_time\" content=\"2024-12-26T15:09:38+00:00\" \/>\n<meta property=\"og:image\" content=\"https:\/\/rapidprecise.com\/wp-content\/uploads\/2024\/12\/kf-Sa2007b5ded4b49ea87e8d9572e80e0ffD.webp\" \/>\n\t<meta property=\"og:image:width\" content=\"900\" \/>\n\t<meta property=\"og:image:height\" content=\"900\" \/>\n\t<meta property=\"og:image:type\" content=\"image\/webp\" \/>\n<meta name=\"twitter:card\" content=\"summary_large_image\" \/>\n<meta name=\"twitter:label1\" content=\"Gesch\u00e4tzte Lesezeit\" \/>\n\t<meta name=\"twitter:data1\" content=\"2\u00a0Minuten\" \/>\n<script type=\"application\/ld+json\" class=\"yoast-schema-graph\">{\"@context\":\"https:\\\/\\\/schema.org\",\"@graph\":[{\"@type\":\"WebPage\",\"@id\":\"https:\\\/\\\/rapidprecise.com\\\/de\\\/product\\\/wholesale-custom-cnc-machining-parts-cnc-milling-turning-manufacturing-aluminum\\\/\",\"url\":\"https:\\\/\\\/rapidprecise.com\\\/de\\\/product\\\/wholesale-custom-cnc-machining-parts-cnc-milling-turning-manufacturing-aluminum\\\/\",\"name\":\"wholesale Custom Cnc Machining Parts Cnc Milling Turning Manufacturing Aluminum | RAPIDPRECISE\",\"isPartOf\":{\"@id\":\"https:\\\/\\\/rapidprecise.com\\\/de\\\/#website\"},\"primaryImageOfPage\":{\"@id\":\"https:\\\/\\\/rapidprecise.com\\\/de\\\/product\\\/wholesale-custom-cnc-machining-parts-cnc-milling-turning-manufacturing-aluminum\\\/#primaryimage\"},\"image\":{\"@id\":\"https:\\\/\\\/rapidprecise.com\\\/de\\\/product\\\/wholesale-custom-cnc-machining-parts-cnc-milling-turning-manufacturing-aluminum\\\/#primaryimage\"},\"thumbnailUrl\":\"https:\\\/\\\/rapidprecise.com\\\/wp-content\\\/uploads\\\/2024\\\/12\\\/kf-Sa2007b5ded4b49ea87e8d9572e80e0ffD.webp\",\"datePublished\":\"2024-12-25T14:31:07+00:00\",\"dateModified\":\"2024-12-26T15:09:38+00:00\",\"description\":\"Professional CNC machining factory provide wholesale Custom Cnc Machining Parts Cnc Milling Turning Manufacturing Aluminum\",\"breadcrumb\":{\"@id\":\"https:\\\/\\\/rapidprecise.com\\\/de\\\/product\\\/wholesale-custom-cnc-machining-parts-cnc-milling-turning-manufacturing-aluminum\\\/#breadcrumb\"},\"inLanguage\":\"de\",\"potentialAction\":[{\"@type\":\"ReadAction\",\"target\":[\"https:\\\/\\\/rapidprecise.com\\\/de\\\/product\\\/wholesale-custom-cnc-machining-parts-cnc-milling-turning-manufacturing-aluminum\\\/\"]}]},{\"@type\":\"ImageObject\",\"inLanguage\":\"de\",\"@id\":\"https:\\\/\\\/rapidprecise.com\\\/de\\\/product\\\/wholesale-custom-cnc-machining-parts-cnc-milling-turning-manufacturing-aluminum\\\/#primaryimage\",\"url\":\"https:\\\/\\\/rapidprecise.com\\\/wp-content\\\/uploads\\\/2024\\\/12\\\/kf-Sa2007b5ded4b49ea87e8d9572e80e0ffD.webp\",\"contentUrl\":\"https:\\\/\\\/rapidprecise.com\\\/wp-content\\\/uploads\\\/2024\\\/12\\\/kf-Sa2007b5ded4b49ea87e8d9572e80e0ffD.webp\",\"width\":900,\"height\":900},{\"@type\":\"BreadcrumbList\",\"@id\":\"https:\\\/\\\/rapidprecise.com\\\/de\\\/product\\\/wholesale-custom-cnc-machining-parts-cnc-milling-turning-manufacturing-aluminum\\\/#breadcrumb\",\"itemListElement\":[{\"@type\":\"ListItem\",\"position\":1,\"name\":\"Home\",\"item\":\"https:\\\/\\\/rapidprecise.com\\\/\"},{\"@type\":\"ListItem\",\"position\":2,\"name\":\"Shop\",\"item\":\"https:\\\/\\\/rapidprecise.com\\\/shop\\\/\"},{\"@type\":\"ListItem\",\"position\":3,\"name\":\"wholesale Custom Cnc Machining Parts Cnc Milling Turning Manufacturing Aluminum\"}]},{\"@type\":\"WebSite\",\"@id\":\"https:\\\/\\\/rapidprecise.com\\\/de\\\/#website\",\"url\":\"https:\\\/\\\/rapidprecise.com\\\/de\\\/\",\"name\":\"rapidprecise.com\",\"description\":\"\",\"publisher\":{\"@id\":\"https:\\\/\\\/rapidprecise.com\\\/de\\\/#organization\"},\"potentialAction\":[{\"@type\":\"SearchAction\",\"target\":{\"@type\":\"EntryPoint\",\"urlTemplate\":\"https:\\\/\\\/rapidprecise.com\\\/de\\\/?s={search_term_string}\"},\"query-input\":{\"@type\":\"PropertyValueSpecification\",\"valueRequired\":true,\"valueName\":\"search_term_string\"}}],\"inLanguage\":\"de\"},{\"@type\":\"Organization\",\"@id\":\"https:\\\/\\\/rapidprecise.com\\\/de\\\/#organization\",\"name\":\"rapidprecise.com\",\"url\":\"https:\\\/\\\/rapidprecise.com\\\/de\\\/\",\"logo\":{\"@type\":\"ImageObject\",\"inLanguage\":\"de\",\"@id\":\"https:\\\/\\\/rapidprecise.com\\\/de\\\/#\\\/schema\\\/logo\\\/image\\\/\",\"url\":\"https:\\\/\\\/rapidprecise.com\\\/wp-content\\\/uploads\\\/2024\\\/12\\\/rapidprecise.png\",\"contentUrl\":\"https:\\\/\\\/rapidprecise.com\\\/wp-content\\\/uploads\\\/2024\\\/12\\\/rapidprecise.png\",\"width\":279,\"height\":58,\"caption\":\"rapidprecise.com\"},\"image\":{\"@id\":\"https:\\\/\\\/rapidprecise.com\\\/de\\\/#\\\/schema\\\/logo\\\/image\\\/\"}}]}<\/script>\n<!-- \/ Yoast SEO plugin. -->","yoast_head_json":{"title":"wholesale Custom Cnc Machining Parts Cnc Milling Turning Manufacturing Aluminum | RAPIDPRECISE","description":"Professional CNC machining factory provide wholesale Custom Cnc Machining Parts Cnc Milling Turning Manufacturing Aluminum","robots":{"index":"index","follow":"follow","max-snippet":"max-snippet:-1","max-image-preview":"max-image-preview:large","max-video-preview":"max-video-preview:-1"},"canonical":"https:\/\/rapidprecise.com\/de\/product\/wholesale-custom-cnc-machining-parts-cnc-milling-turning-manufacturing-aluminum\/","og_locale":"de_DE","og_type":"article","og_title":"wholesale Custom Cnc Machining Parts Cnc Milling Turning Manufacturing Aluminum | RAPIDPRECISE","og_description":"Professional CNC machining factory provide wholesale Custom Cnc Machining Parts Cnc Milling Turning Manufacturing Aluminum","og_url":"https:\/\/rapidprecise.com\/de\/product\/wholesale-custom-cnc-machining-parts-cnc-milling-turning-manufacturing-aluminum\/","og_site_name":"RAPIDPRECISE","article_modified_time":"2024-12-26T15:09:38+00:00","og_image":[{"width":900,"height":900,"url":"https:\/\/rapidprecise.com\/wp-content\/uploads\/2024\/12\/kf-Sa2007b5ded4b49ea87e8d9572e80e0ffD.webp","type":"image\/webp"}],"twitter_card":"summary_large_image","twitter_misc":{"Gesch\u00e4tzte Lesezeit":"2\u00a0Minuten"},"schema":{"@context":"https:\/\/schema.org","@graph":[{"@type":"WebPage","@id":"https:\/\/rapidprecise.com\/de\/product\/wholesale-custom-cnc-machining-parts-cnc-milling-turning-manufacturing-aluminum\/","url":"https:\/\/rapidprecise.com\/de\/product\/wholesale-custom-cnc-machining-parts-cnc-milling-turning-manufacturing-aluminum\/","name":"wholesale Custom Cnc Machining Parts Cnc Milling Turning Manufacturing Aluminum | RAPIDPRECISE","isPartOf":{"@id":"https:\/\/rapidprecise.com\/de\/#website"},"primaryImageOfPage":{"@id":"https:\/\/rapidprecise.com\/de\/product\/wholesale-custom-cnc-machining-parts-cnc-milling-turning-manufacturing-aluminum\/#primaryimage"},"image":{"@id":"https:\/\/rapidprecise.com\/de\/product\/wholesale-custom-cnc-machining-parts-cnc-milling-turning-manufacturing-aluminum\/#primaryimage"},"thumbnailUrl":"https:\/\/rapidprecise.com\/wp-content\/uploads\/2024\/12\/kf-Sa2007b5ded4b49ea87e8d9572e80e0ffD.webp","datePublished":"2024-12-25T14:31:07+00:00","dateModified":"2024-12-26T15:09:38+00:00","description":"Professional CNC machining factory provide wholesale Custom Cnc Machining Parts Cnc Milling Turning Manufacturing Aluminum","breadcrumb":{"@id":"https:\/\/rapidprecise.com\/de\/product\/wholesale-custom-cnc-machining-parts-cnc-milling-turning-manufacturing-aluminum\/#breadcrumb"},"inLanguage":"de","potentialAction":[{"@type":"ReadAction","target":["https:\/\/rapidprecise.com\/de\/product\/wholesale-custom-cnc-machining-parts-cnc-milling-turning-manufacturing-aluminum\/"]}]},{"@type":"ImageObject","inLanguage":"de","@id":"https:\/\/rapidprecise.com\/de\/product\/wholesale-custom-cnc-machining-parts-cnc-milling-turning-manufacturing-aluminum\/#primaryimage","url":"https:\/\/rapidprecise.com\/wp-content\/uploads\/2024\/12\/kf-Sa2007b5ded4b49ea87e8d9572e80e0ffD.webp","contentUrl":"https:\/\/rapidprecise.com\/wp-content\/uploads\/2024\/12\/kf-Sa2007b5ded4b49ea87e8d9572e80e0ffD.webp","width":900,"height":900},{"@type":"BreadcrumbList","@id":"https:\/\/rapidprecise.com\/de\/product\/wholesale-custom-cnc-machining-parts-cnc-milling-turning-manufacturing-aluminum\/#breadcrumb","itemListElement":[{"@type":"ListItem","position":1,"name":"Home","item":"https:\/\/rapidprecise.com\/"},{"@type":"ListItem","position":2,"name":"Shop","item":"https:\/\/rapidprecise.com\/shop\/"},{"@type":"ListItem","position":3,"name":"wholesale Custom Cnc Machining Parts Cnc Milling Turning Manufacturing Aluminum"}]},{"@type":"WebSite","@id":"https:\/\/rapidprecise.com\/de\/#website","url":"https:\/\/rapidprecise.com\/de\/","name":"rapidprecise.com","description":"","publisher":{"@id":"https:\/\/rapidprecise.com\/de\/#organization"},"potentialAction":[{"@type":"SearchAction","target":{"@type":"EntryPoint","urlTemplate":"https:\/\/rapidprecise.com\/de\/?s={search_term_string}"},"query-input":{"@type":"PropertyValueSpecification","valueRequired":true,"valueName":"search_term_string"}}],"inLanguage":"de"},{"@type":"Organization","@id":"https:\/\/rapidprecise.com\/de\/#organization","name":"rapidprecise.com","url":"https:\/\/rapidprecise.com\/de\/","logo":{"@type":"ImageObject","inLanguage":"de","@id":"https:\/\/rapidprecise.com\/de\/#\/schema\/logo\/image\/","url":"https:\/\/rapidprecise.com\/wp-content\/uploads\/2024\/12\/rapidprecise.png","contentUrl":"https:\/\/rapidprecise.com\/wp-content\/uploads\/2024\/12\/rapidprecise.png","width":279,"height":58,"caption":"rapidprecise.com"},"image":{"@id":"https:\/\/rapidprecise.com\/de\/#\/schema\/logo\/image\/"}}]}},"_links":{"self":[{"href":"https:\/\/rapidprecise.com\/de\/wp-json\/wp\/v2\/product\/615","targetHints":{"allow":["GET"]}}],"collection":[{"href":"https:\/\/rapidprecise.com\/de\/wp-json\/wp\/v2\/product"}],"about":[{"href":"https:\/\/rapidprecise.com\/de\/wp-json\/wp\/v2\/types\/product"}],"replies":[{"embeddable":true,"href":"https:\/\/rapidprecise.com\/de\/wp-json\/wp\/v2\/comments?post=615"}],"wp:featuredmedia":[{"embeddable":true,"href":"https:\/\/rapidprecise.com\/de\/wp-json\/wp\/v2\/media\/617"}],"wp:attachment":[{"href":"https:\/\/rapidprecise.com\/de\/wp-json\/wp\/v2\/media?parent=615"}],"wp:term":[{"taxonomy":"product_brand","embeddable":true,"href":"https:\/\/rapidprecise.com\/de\/wp-json\/wp\/v2\/product_brand?post=615"},{"taxonomy":"product_cat","embeddable":true,"href":"https:\/\/rapidprecise.com\/de\/wp-json\/wp\/v2\/product_cat?post=615"},{"taxonomy":"product_tag","embeddable":true,"href":"https:\/\/rapidprecise.com\/de\/wp-json\/wp\/v2\/product_tag?post=615"}],"curies":[{"name":"wp","href":"https:\/\/api.w.org\/{rel}","templated":true}]}}