{"id":523,"date":"2024-12-25T14:30:29","date_gmt":"2024-12-25T14:30:29","guid":{"rendered":"https:\/\/rapidprecise.com\/product\/aokin-3d-printer-aluminum-motor-heatsink-extruded-heat-dissipation-electronic-heat-sink-for-nema17-42-stepper-motor-ender-3\/"},"modified":"2024-12-26T15:09:39","modified_gmt":"2024-12-26T15:09:39","slug":"aokin-3d-printer-aluminum-motor-heatsink-extruded-heat-dissipation-electronic-heat-sink-for-nema17-42-stepper-motor-ender-3","status":"publish","type":"product","link":"https:\/\/rapidprecise.com\/es\/product\/aokin-3d-printer-aluminum-motor-heatsink-extruded-heat-dissipation-electronic-heat-sink-for-nema17-42-stepper-motor-ender-3\/","title":{"rendered":"Aokin disipador de calor de motor de aluminio para impresora 3D, disipador de calor extruido para disipaci\u00f3n de calor electr\u00f3nico para Nema17, motor paso a paso 42, Ender 3"},"content":{"rendered":"<div class=\"detailmodule_html\">\n<div class=\"detail-desc-decorate-richtext\">\n<div class=\"detailmodule_html\">\n<div class=\"detail-desc-decorate-richtext\">\n<h1 style=\"font-family: arial, helvetica, sans-serif; font-size: 13px; font-weight: 400; line-height: inherit; text-align: left; margin: 0px;\" align=\"left\"><span style=\"font-size: 16px; font-family: arial, helvetica, sans-serif;\"><strong>Descripci\u00f3n\uff1a<\/strong><\/span><\/h1>\n<h1 style=\"font-family: arial, helvetica, sans-serif; font-size: 13px; font-weight: 400; line-height: inherit; text-align: left; margin: 0px;\" align=\"left\"><span style=\"font-size: 16px; font-family: arial, helvetica, sans-serif;\">Tama\u00f1o del disipador de calor: 40*40*11.3MM<\/span><\/h1>\n<h1 style=\"font-family: arial, helvetica, sans-serif; font-size: 13px; font-weight: 400; line-height: inherit; text-align: left; margin: 0px;\" align=\"left\"><span style=\"font-size: 16px; font-family: arial, helvetica, sans-serif;\">Material: Acero y caucho<\/span><\/h1>\n<h1 style=\"font-family: arial, helvetica, sans-serif; font-size: 13px; font-weight: 400; line-height: inherit; text-align: left; margin: 0px;\" align=\"left\"><span style=\"font-size: 16px; font-family: arial, helvetica, sans-serif;\">Adecuado para: Motor paso a paso Nema17<\/span><\/h1>\n<h1 style=\"font-family: arial, helvetica, sans-serif; font-size: 13px; font-weight: 400; line-height: inherit; text-align: left; margin: 0px;\" align=\"left\"><span style=\"font-size: 16px; font-family: arial, helvetica, sans-serif;\">Para: Impresora 3D, M\u00e1quina CNC<\/span><\/h1>\n<div><\/div>\n<p style=\"font-family: arial, helvetica, sans-serif; font-size: 13px; line-height: inherit; text-align: left; margin: 0px;\" align=\"left\"><strong><span style=\"font-size: 16px; font-family: arial, helvetica, sans-serif;\">Caracter\u00edstica:<\/span><\/strong><\/p>\n<p style=\"text-align: left;\" align=\"left\"><span style=\"font-size: 16px; font-family: arial, helvetica, sans-serif;\">Estos amortiguadores de vibraci\u00f3n son adecuados para impresoras 3D y otras m\u00e1quinas que utilizan motores paso a paso NEMA17.<\/span><\/p>\n<p style=\"text-align: left;\" align=\"left\"><span style=\"font-size: 16px; font-family: arial, helvetica, sans-serif;\">Los amortiguadores Nema17 se utilizan para reducir el ruido y la resonancia en su CNC y impresora 3D, eliminando vibraciones y mejorando eficazmente la calidad de impresi\u00f3n 3D.<\/span><\/p>\n<p style=\"text-align: left;\" align=\"left\"><span style=\"font-size: 16px; font-family: arial, helvetica, sans-serif;\">1 amortiguador por motor paso a paso o motor el\u00e9ctrico.<\/span><\/p>\n<p style=\"text-align: left;\" align=\"left\"><span style=\"font-size: 16px; font-family: arial, helvetica, sans-serif;\">Las impresoras 3D experimentan una reducci\u00f3n de 5-10dB en el ruido cuando se usan en los motores paso a paso de los ejes X e Y con los vapores de vibraci\u00f3n para Nema 17.<\/span><\/p>\n<p style=\"text-align: left;\" align=\"left\"><span style=\"font-size: 16px; font-family: arial, helvetica, sans-serif;\">Funciona en m\u00e1quinas de fabricaci\u00f3n aditiva de estilo cartesiano y Delta, como CR-10. Comb\u00ednelos con buen filamento para obtener los mejores resultados en su impresora 3D y elimine vibraciones y ruido.<\/span><\/p>\n<\/div>\n<\/div>\n<\/div>\n<\/div>\n<p>&nbsp;<\/p>","protected":false},"excerpt":{"rendered":"<p>Description\uff1a Heat Sink Size: 40*40*11.3MM Marerial: Steel Rubber Suitable For: Nema17 Stepper Motor For: 3D Printer, CNC Machine Feature: These vibration dampers are suitable for 3D printer and other machine adopted NEMA17 stepper motors. Nema17 Stepper Dampers are used to decrease noise and resonance in your CNC and3d Printer, eliminating vibration and effectively improving 3D [&hellip;]<\/p>","protected":false},"featured_media":524,"comment_status":"closed","ping_status":"closed","template":"","meta":[],"product_brand":[],"product_cat":[25,375],"product_tag":[],"class_list":{"0":"post-523","1":"product","2":"type-product","3":"status-publish","4":"has-post-thumbnail","6":"product_cat-aluminum-extrusion-parts","7":"product_cat-aluminum-heat-sink","9":"first","10":"instock","11":"shipping-taxable","12":"product-type-simple"},"yoast_head":"<!-- This site is optimized with the Yoast SEO plugin v27.4 - https:\/\/yoast.com\/product\/yoast-seo-wordpress\/ -->\n<title>Aokin 3D Printer Aluminum Motor Heatsink Extruded Heat Dissipation Electronic Heat Sink For Nema17 42 Stepper Motor Ender 3 | RAPIDPRECISE<\/title>\n<meta name=\"description\" content=\"Professional CNC machining factory provide Aokin 3D Printer Aluminum Motor Heatsink Extruded Heat Dissipation Electronic Heat Sink For Nema17 42 Stepper Motor Ender 3\" \/>\n<meta name=\"robots\" content=\"index, follow, max-snippet:-1, max-image-preview:large, max-video-preview:-1\" \/>\n<link rel=\"canonical\" href=\"https:\/\/rapidprecise.com\/es\/product\/aokin-3d-printer-aluminum-motor-heatsink-extruded-heat-dissipation-electronic-heat-sink-for-nema17-42-stepper-motor-ender-3\/\" \/>\n<meta property=\"og:locale\" content=\"es_MX\" \/>\n<meta property=\"og:type\" content=\"article\" \/>\n<meta property=\"og:title\" content=\"Aokin 3D Printer Aluminum Motor Heatsink Extruded Heat Dissipation Electronic Heat Sink For Nema17 42 Stepper Motor Ender 3 | RAPIDPRECISE\" \/>\n<meta property=\"og:description\" content=\"Professional CNC machining factory provide Aokin 3D Printer Aluminum Motor Heatsink Extruded Heat Dissipation Electronic Heat Sink For Nema17 42 Stepper Motor Ender 3\" \/>\n<meta property=\"og:url\" content=\"https:\/\/rapidprecise.com\/es\/product\/aokin-3d-printer-aluminum-motor-heatsink-extruded-heat-dissipation-electronic-heat-sink-for-nema17-42-stepper-motor-ender-3\/\" \/>\n<meta property=\"og:site_name\" content=\"RAPIDPRECISE\" \/>\n<meta property=\"article:modified_time\" content=\"2024-12-26T15:09:39+00:00\" \/>\n<meta property=\"og:image\" content=\"https:\/\/rapidprecise.com\/wp-content\/uploads\/2024\/12\/kf-S934b3e98c0ba428da5a779296235bda6W.webp\" \/>\n\t<meta property=\"og:image:width\" content=\"1000\" \/>\n\t<meta property=\"og:image:height\" content=\"1000\" \/>\n\t<meta property=\"og:image:type\" content=\"image\/webp\" \/>\n<meta name=\"twitter:card\" content=\"summary_large_image\" \/>\n<meta name=\"twitter:label1\" content=\"Tiempo de lectura\" \/>\n\t<meta name=\"twitter:data1\" content=\"1 minuto\" \/>\n<script type=\"application\/ld+json\" class=\"yoast-schema-graph\">{\"@context\":\"https:\\\/\\\/schema.org\",\"@graph\":[{\"@type\":\"WebPage\",\"@id\":\"https:\\\/\\\/rapidprecise.com\\\/es\\\/product\\\/aokin-3d-printer-aluminum-motor-heatsink-extruded-heat-dissipation-electronic-heat-sink-for-nema17-42-stepper-motor-ender-3\\\/\",\"url\":\"https:\\\/\\\/rapidprecise.com\\\/es\\\/product\\\/aokin-3d-printer-aluminum-motor-heatsink-extruded-heat-dissipation-electronic-heat-sink-for-nema17-42-stepper-motor-ender-3\\\/\",\"name\":\"Aokin 3D Printer Aluminum Motor Heatsink Extruded Heat Dissipation Electronic Heat Sink For Nema17 42 Stepper Motor Ender 3 | RAPIDPRECISE\",\"isPartOf\":{\"@id\":\"https:\\\/\\\/rapidprecise.com\\\/es\\\/#website\"},\"primaryImageOfPage\":{\"@id\":\"https:\\\/\\\/rapidprecise.com\\\/es\\\/product\\\/aokin-3d-printer-aluminum-motor-heatsink-extruded-heat-dissipation-electronic-heat-sink-for-nema17-42-stepper-motor-ender-3\\\/#primaryimage\"},\"image\":{\"@id\":\"https:\\\/\\\/rapidprecise.com\\\/es\\\/product\\\/aokin-3d-printer-aluminum-motor-heatsink-extruded-heat-dissipation-electronic-heat-sink-for-nema17-42-stepper-motor-ender-3\\\/#primaryimage\"},\"thumbnailUrl\":\"https:\\\/\\\/rapidprecise.com\\\/wp-content\\\/uploads\\\/2024\\\/12\\\/kf-S934b3e98c0ba428da5a779296235bda6W.webp\",\"datePublished\":\"2024-12-25T14:30:29+00:00\",\"dateModified\":\"2024-12-26T15:09:39+00:00\",\"description\":\"Professional CNC machining factory provide Aokin 3D Printer Aluminum Motor Heatsink Extruded Heat Dissipation Electronic Heat Sink For Nema17 42 Stepper Motor Ender 3\",\"breadcrumb\":{\"@id\":\"https:\\\/\\\/rapidprecise.com\\\/es\\\/product\\\/aokin-3d-printer-aluminum-motor-heatsink-extruded-heat-dissipation-electronic-heat-sink-for-nema17-42-stepper-motor-ender-3\\\/#breadcrumb\"},\"inLanguage\":\"es\",\"potentialAction\":[{\"@type\":\"ReadAction\",\"target\":[\"https:\\\/\\\/rapidprecise.com\\\/es\\\/product\\\/aokin-3d-printer-aluminum-motor-heatsink-extruded-heat-dissipation-electronic-heat-sink-for-nema17-42-stepper-motor-ender-3\\\/\"]}]},{\"@type\":\"ImageObject\",\"inLanguage\":\"es\",\"@id\":\"https:\\\/\\\/rapidprecise.com\\\/es\\\/product\\\/aokin-3d-printer-aluminum-motor-heatsink-extruded-heat-dissipation-electronic-heat-sink-for-nema17-42-stepper-motor-ender-3\\\/#primaryimage\",\"url\":\"https:\\\/\\\/rapidprecise.com\\\/wp-content\\\/uploads\\\/2024\\\/12\\\/kf-S934b3e98c0ba428da5a779296235bda6W.webp\",\"contentUrl\":\"https:\\\/\\\/rapidprecise.com\\\/wp-content\\\/uploads\\\/2024\\\/12\\\/kf-S934b3e98c0ba428da5a779296235bda6W.webp\",\"width\":1000,\"height\":1000},{\"@type\":\"BreadcrumbList\",\"@id\":\"https:\\\/\\\/rapidprecise.com\\\/es\\\/product\\\/aokin-3d-printer-aluminum-motor-heatsink-extruded-heat-dissipation-electronic-heat-sink-for-nema17-42-stepper-motor-ender-3\\\/#breadcrumb\",\"itemListElement\":[{\"@type\":\"ListItem\",\"position\":1,\"name\":\"Home\",\"item\":\"https:\\\/\\\/rapidprecise.com\\\/\"},{\"@type\":\"ListItem\",\"position\":2,\"name\":\"Shop\",\"item\":\"https:\\\/\\\/rapidprecise.com\\\/shop\\\/\"},{\"@type\":\"ListItem\",\"position\":3,\"name\":\"Aokin 3D Printer Aluminum Motor Heatsink Extruded Heat Dissipation Electronic Heat Sink For Nema17 42 Stepper Motor Ender 3\"}]},{\"@type\":\"WebSite\",\"@id\":\"https:\\\/\\\/rapidprecise.com\\\/es\\\/#website\",\"url\":\"https:\\\/\\\/rapidprecise.com\\\/es\\\/\",\"name\":\"rapidprecise.com\",\"description\":\"\",\"publisher\":{\"@id\":\"https:\\\/\\\/rapidprecise.com\\\/es\\\/#organization\"},\"potentialAction\":[{\"@type\":\"SearchAction\",\"target\":{\"@type\":\"EntryPoint\",\"urlTemplate\":\"https:\\\/\\\/rapidprecise.com\\\/es\\\/?s={search_term_string}\"},\"query-input\":{\"@type\":\"PropertyValueSpecification\",\"valueRequired\":true,\"valueName\":\"search_term_string\"}}],\"inLanguage\":\"es\"},{\"@type\":\"Organization\",\"@id\":\"https:\\\/\\\/rapidprecise.com\\\/es\\\/#organization\",\"name\":\"rapidprecise.com\",\"url\":\"https:\\\/\\\/rapidprecise.com\\\/es\\\/\",\"logo\":{\"@type\":\"ImageObject\",\"inLanguage\":\"es\",\"@id\":\"https:\\\/\\\/rapidprecise.com\\\/es\\\/#\\\/schema\\\/logo\\\/image\\\/\",\"url\":\"https:\\\/\\\/rapidprecise.com\\\/wp-content\\\/uploads\\\/2024\\\/12\\\/rapidprecise.png\",\"contentUrl\":\"https:\\\/\\\/rapidprecise.com\\\/wp-content\\\/uploads\\\/2024\\\/12\\\/rapidprecise.png\",\"width\":279,\"height\":58,\"caption\":\"rapidprecise.com\"},\"image\":{\"@id\":\"https:\\\/\\\/rapidprecise.com\\\/es\\\/#\\\/schema\\\/logo\\\/image\\\/\"}}]}<\/script>\n<!-- \/ Yoast SEO plugin. -->","yoast_head_json":{"title":"Aokin 3D Printer Aluminum Motor Heatsink Extruded Heat Dissipation Electronic Heat Sink For Nema17 42 Stepper Motor Ender 3 | RAPIDPRECISE","description":"Professional CNC machining factory provide Aokin 3D Printer Aluminum Motor Heatsink Extruded Heat Dissipation Electronic Heat Sink For Nema17 42 Stepper Motor Ender 3","robots":{"index":"index","follow":"follow","max-snippet":"max-snippet:-1","max-image-preview":"max-image-preview:large","max-video-preview":"max-video-preview:-1"},"canonical":"https:\/\/rapidprecise.com\/es\/product\/aokin-3d-printer-aluminum-motor-heatsink-extruded-heat-dissipation-electronic-heat-sink-for-nema17-42-stepper-motor-ender-3\/","og_locale":"es_MX","og_type":"article","og_title":"Aokin 3D Printer Aluminum Motor Heatsink Extruded Heat Dissipation Electronic Heat Sink For Nema17 42 Stepper Motor Ender 3 | RAPIDPRECISE","og_description":"Professional CNC machining factory provide Aokin 3D Printer Aluminum Motor Heatsink Extruded Heat Dissipation Electronic Heat Sink For Nema17 42 Stepper Motor Ender 3","og_url":"https:\/\/rapidprecise.com\/es\/product\/aokin-3d-printer-aluminum-motor-heatsink-extruded-heat-dissipation-electronic-heat-sink-for-nema17-42-stepper-motor-ender-3\/","og_site_name":"RAPIDPRECISE","article_modified_time":"2024-12-26T15:09:39+00:00","og_image":[{"width":1000,"height":1000,"url":"https:\/\/rapidprecise.com\/wp-content\/uploads\/2024\/12\/kf-S934b3e98c0ba428da5a779296235bda6W.webp","type":"image\/webp"}],"twitter_card":"summary_large_image","twitter_misc":{"Tiempo de lectura":"1 minuto"},"schema":{"@context":"https:\/\/schema.org","@graph":[{"@type":"WebPage","@id":"https:\/\/rapidprecise.com\/es\/product\/aokin-3d-printer-aluminum-motor-heatsink-extruded-heat-dissipation-electronic-heat-sink-for-nema17-42-stepper-motor-ender-3\/","url":"https:\/\/rapidprecise.com\/es\/product\/aokin-3d-printer-aluminum-motor-heatsink-extruded-heat-dissipation-electronic-heat-sink-for-nema17-42-stepper-motor-ender-3\/","name":"Aokin 3D Printer Aluminum Motor Heatsink Extruded Heat Dissipation Electronic Heat Sink For Nema17 42 Stepper Motor Ender 3 | RAPIDPRECISE","isPartOf":{"@id":"https:\/\/rapidprecise.com\/es\/#website"},"primaryImageOfPage":{"@id":"https:\/\/rapidprecise.com\/es\/product\/aokin-3d-printer-aluminum-motor-heatsink-extruded-heat-dissipation-electronic-heat-sink-for-nema17-42-stepper-motor-ender-3\/#primaryimage"},"image":{"@id":"https:\/\/rapidprecise.com\/es\/product\/aokin-3d-printer-aluminum-motor-heatsink-extruded-heat-dissipation-electronic-heat-sink-for-nema17-42-stepper-motor-ender-3\/#primaryimage"},"thumbnailUrl":"https:\/\/rapidprecise.com\/wp-content\/uploads\/2024\/12\/kf-S934b3e98c0ba428da5a779296235bda6W.webp","datePublished":"2024-12-25T14:30:29+00:00","dateModified":"2024-12-26T15:09:39+00:00","description":"Professional CNC machining factory provide Aokin 3D Printer Aluminum Motor Heatsink Extruded Heat Dissipation Electronic Heat Sink For Nema17 42 Stepper Motor Ender 3","breadcrumb":{"@id":"https:\/\/rapidprecise.com\/es\/product\/aokin-3d-printer-aluminum-motor-heatsink-extruded-heat-dissipation-electronic-heat-sink-for-nema17-42-stepper-motor-ender-3\/#breadcrumb"},"inLanguage":"es","potentialAction":[{"@type":"ReadAction","target":["https:\/\/rapidprecise.com\/es\/product\/aokin-3d-printer-aluminum-motor-heatsink-extruded-heat-dissipation-electronic-heat-sink-for-nema17-42-stepper-motor-ender-3\/"]}]},{"@type":"ImageObject","inLanguage":"es","@id":"https:\/\/rapidprecise.com\/es\/product\/aokin-3d-printer-aluminum-motor-heatsink-extruded-heat-dissipation-electronic-heat-sink-for-nema17-42-stepper-motor-ender-3\/#primaryimage","url":"https:\/\/rapidprecise.com\/wp-content\/uploads\/2024\/12\/kf-S934b3e98c0ba428da5a779296235bda6W.webp","contentUrl":"https:\/\/rapidprecise.com\/wp-content\/uploads\/2024\/12\/kf-S934b3e98c0ba428da5a779296235bda6W.webp","width":1000,"height":1000},{"@type":"BreadcrumbList","@id":"https:\/\/rapidprecise.com\/es\/product\/aokin-3d-printer-aluminum-motor-heatsink-extruded-heat-dissipation-electronic-heat-sink-for-nema17-42-stepper-motor-ender-3\/#breadcrumb","itemListElement":[{"@type":"ListItem","position":1,"name":"Home","item":"https:\/\/rapidprecise.com\/"},{"@type":"ListItem","position":2,"name":"Shop","item":"https:\/\/rapidprecise.com\/shop\/"},{"@type":"ListItem","position":3,"name":"Aokin 3D Printer Aluminum Motor Heatsink Extruded Heat Dissipation Electronic Heat Sink For Nema17 42 Stepper Motor Ender 3"}]},{"@type":"WebSite","@id":"https:\/\/rapidprecise.com\/es\/#website","url":"https:\/\/rapidprecise.com\/es\/","name":"rapidprecise.com","description":"","publisher":{"@id":"https:\/\/rapidprecise.com\/es\/#organization"},"potentialAction":[{"@type":"SearchAction","target":{"@type":"EntryPoint","urlTemplate":"https:\/\/rapidprecise.com\/es\/?s={search_term_string}"},"query-input":{"@type":"PropertyValueSpecification","valueRequired":true,"valueName":"search_term_string"}}],"inLanguage":"es"},{"@type":"Organization","@id":"https:\/\/rapidprecise.com\/es\/#organization","name":"rapidprecise.com","url":"https:\/\/rapidprecise.com\/es\/","logo":{"@type":"ImageObject","inLanguage":"es","@id":"https:\/\/rapidprecise.com\/es\/#\/schema\/logo\/image\/","url":"https:\/\/rapidprecise.com\/wp-content\/uploads\/2024\/12\/rapidprecise.png","contentUrl":"https:\/\/rapidprecise.com\/wp-content\/uploads\/2024\/12\/rapidprecise.png","width":279,"height":58,"caption":"rapidprecise.com"},"image":{"@id":"https:\/\/rapidprecise.com\/es\/#\/schema\/logo\/image\/"}}]}},"_links":{"self":[{"href":"https:\/\/rapidprecise.com\/es\/wp-json\/wp\/v2\/product\/523","targetHints":{"allow":["GET"]}}],"collection":[{"href":"https:\/\/rapidprecise.com\/es\/wp-json\/wp\/v2\/product"}],"about":[{"href":"https:\/\/rapidprecise.com\/es\/wp-json\/wp\/v2\/types\/product"}],"replies":[{"embeddable":true,"href":"https:\/\/rapidprecise.com\/es\/wp-json\/wp\/v2\/comments?post=523"}],"wp:featuredmedia":[{"embeddable":true,"href":"https:\/\/rapidprecise.com\/es\/wp-json\/wp\/v2\/media\/524"}],"wp:attachment":[{"href":"https:\/\/rapidprecise.com\/es\/wp-json\/wp\/v2\/media?parent=523"}],"wp:term":[{"taxonomy":"product_brand","embeddable":true,"href":"https:\/\/rapidprecise.com\/es\/wp-json\/wp\/v2\/product_brand?post=523"},{"taxonomy":"product_cat","embeddable":true,"href":"https:\/\/rapidprecise.com\/es\/wp-json\/wp\/v2\/product_cat?post=523"},{"taxonomy":"product_tag","embeddable":true,"href":"https:\/\/rapidprecise.com\/es\/wp-json\/wp\/v2\/product_tag?post=523"}],"curies":[{"name":"wp","href":"https:\/\/api.w.org\/{rel}","templated":true}]}}