{"id":542,"date":"2024-12-25T14:30:38","date_gmt":"2024-12-25T14:30:38","guid":{"rendered":"https:\/\/rapidprecise.com\/product\/aluminum-alloy-electronic-radiator-dense-teeth-heatsink-cooling-pad-extruded-heat-sink-computer-water-cooling-system-4-sizes\/"},"modified":"2024-12-26T15:09:39","modified_gmt":"2024-12-26T15:09:39","slug":"aluminum-alloy-electronic-radiator-dense-teeth-heatsink-cooling-pad-extruded-heat-sink-computer-water-cooling-system-4-sizes","status":"publish","type":"product","link":"https:\/\/rapidprecise.com\/es\/product\/aluminum-alloy-electronic-radiator-dense-teeth-heatsink-cooling-pad-extruded-heat-sink-computer-water-cooling-system-4-sizes\/","title":{"rendered":"Disipador de calor de aleaci\u00f3n de aluminio para radiador electr\u00f3nico con dientes densos, almohadilla de enfriamiento extruida"},"content":{"rendered":"<div class=\"detailmodule_html\">\n<div class=\"detail-desc-decorate-richtext\">\n<p><span style=\"font-size: 19px; font-family: Tahoma;\">Descripci\u00f3n: <\/span><\/p>\n<p><span style=\"font-size: 19px; font-family: Tahoma;\">Marca 100% nueva y de alta calidad. <\/span><\/p>\n<p><span style=\"font-size: 19px; font-family: Tahoma;\">Fabricado con aluminio de alta calidad, buena conductividad t\u00e9rmica. Ligero y utilizado en aplicaciones donde el peso es una gran preocupaci\u00f3n. <\/span><\/p>\n<p><span style=\"font-size: 19px; font-family: Tahoma;\">Dise\u00f1ado para maximizar su \u00e1rea de superficie en contacto con el aire fr\u00edo. Reducir el riesgo de fallo de la luz LED por sobrecalentamiento. <\/span><\/p>\n<p><span style=\"font-size: 19px; font-family: Tahoma;\">Especialmente dise\u00f1ado para luces LED dom\u00e9sticas de alta potencia o dispositivos LED para acuarios, etc. <\/span><\/p>\n<p><span style=\"font-size: 19px; font-family: Tahoma;\">Por favor, consulte la tabla de especificaciones y aseg\u00farese de que el tama\u00f1o del disipador encaje con el de su componente. <\/span><\/p>\n<p><span style=\"font-size: 19px; font-family: Tahoma;\">Color: Plata <\/span><\/p>\n<p><span style=\"font-size: 19px; font-family: Tahoma;\">Material: Aleaci\u00f3n de aluminio <\/span><\/p>\n<p><span style=\"font-size: 19px; font-family: Tahoma;\">Tama\u00f1o: 40\u00d740\u00d720mm \/ 100\u00d740\u00d78mm \/ 100\u00d740\u00d720mm \/ 100\u00d7100\u00d718mm <\/span><\/p>\n<\/div>\n<\/div>","protected":false},"excerpt":{"rendered":"<p>Description: 100% brand new and high quality. Made of high quantity aluminum, good thermal conductivity. Light weight and used in applications where weight is a big concern. Designed to maximize its surface area in contact with the cool air. Reduce the risk of LED light failure due to overheating. Specially designed for high power household [&hellip;]<\/p>","protected":false},"featured_media":543,"comment_status":"closed","ping_status":"closed","template":"","meta":[],"product_brand":[],"product_cat":[25,375],"product_tag":[],"class_list":{"0":"post-542","1":"product","2":"type-product","3":"status-publish","4":"has-post-thumbnail","6":"product_cat-aluminum-extrusion-parts","7":"product_cat-aluminum-heat-sink","9":"first","10":"instock","11":"shipping-taxable","12":"product-type-simple"},"yoast_head":"<!-- This site is optimized with the Yoast SEO plugin v27.4 - https:\/\/yoast.com\/product\/yoast-seo-wordpress\/ -->\n<title>Aluminum Alloy Electronic Radiator Dense Teeth Heatsink Cooling Pad Extruded | RAPIDPRECISE<\/title>\n<meta name=\"description\" content=\"Professional CNC machining factory provide Aluminum Alloy Electronic Radiator Dense Teeth Heatsink Cooling Pad Extruded\" \/>\n<meta name=\"robots\" content=\"index, follow, max-snippet:-1, max-image-preview:large, max-video-preview:-1\" \/>\n<link rel=\"canonical\" href=\"https:\/\/rapidprecise.com\/es\/product\/aluminum-alloy-electronic-radiator-dense-teeth-heatsink-cooling-pad-extruded-heat-sink-computer-water-cooling-system-4-sizes\/\" \/>\n<meta property=\"og:locale\" content=\"es_MX\" \/>\n<meta property=\"og:type\" content=\"article\" \/>\n<meta property=\"og:title\" content=\"Aluminum Alloy Electronic Radiator Dense Teeth Heatsink Cooling Pad Extruded | RAPIDPRECISE\" \/>\n<meta property=\"og:description\" content=\"Professional CNC machining factory provide Aluminum Alloy Electronic Radiator Dense Teeth Heatsink Cooling Pad Extruded\" \/>\n<meta property=\"og:url\" content=\"https:\/\/rapidprecise.com\/es\/product\/aluminum-alloy-electronic-radiator-dense-teeth-heatsink-cooling-pad-extruded-heat-sink-computer-water-cooling-system-4-sizes\/\" \/>\n<meta property=\"og:site_name\" content=\"RAPIDPRECISE\" \/>\n<meta property=\"article:modified_time\" content=\"2024-12-26T15:09:39+00:00\" \/>\n<meta property=\"og:image\" content=\"https:\/\/rapidprecise.com\/wp-content\/uploads\/2024\/12\/kf-Scdf7f05e47b04679b1f81016470a25a5K.webp\" \/>\n\t<meta property=\"og:image:width\" content=\"800\" \/>\n\t<meta property=\"og:image:height\" content=\"800\" \/>\n\t<meta property=\"og:image:type\" content=\"image\/webp\" \/>\n<meta name=\"twitter:card\" content=\"summary_large_image\" \/>\n<meta name=\"twitter:label1\" content=\"Tiempo de lectura\" \/>\n\t<meta name=\"twitter:data1\" content=\"1 minuto\" \/>\n<script type=\"application\/ld+json\" class=\"yoast-schema-graph\">{\"@context\":\"https:\\\/\\\/schema.org\",\"@graph\":[{\"@type\":\"WebPage\",\"@id\":\"https:\\\/\\\/rapidprecise.com\\\/es\\\/product\\\/aluminum-alloy-electronic-radiator-dense-teeth-heatsink-cooling-pad-extruded-heat-sink-computer-water-cooling-system-4-sizes\\\/\",\"url\":\"https:\\\/\\\/rapidprecise.com\\\/es\\\/product\\\/aluminum-alloy-electronic-radiator-dense-teeth-heatsink-cooling-pad-extruded-heat-sink-computer-water-cooling-system-4-sizes\\\/\",\"name\":\"Aluminum Alloy Electronic Radiator Dense Teeth Heatsink Cooling Pad Extruded | RAPIDPRECISE\",\"isPartOf\":{\"@id\":\"https:\\\/\\\/rapidprecise.com\\\/es\\\/#website\"},\"primaryImageOfPage\":{\"@id\":\"https:\\\/\\\/rapidprecise.com\\\/es\\\/product\\\/aluminum-alloy-electronic-radiator-dense-teeth-heatsink-cooling-pad-extruded-heat-sink-computer-water-cooling-system-4-sizes\\\/#primaryimage\"},\"image\":{\"@id\":\"https:\\\/\\\/rapidprecise.com\\\/es\\\/product\\\/aluminum-alloy-electronic-radiator-dense-teeth-heatsink-cooling-pad-extruded-heat-sink-computer-water-cooling-system-4-sizes\\\/#primaryimage\"},\"thumbnailUrl\":\"https:\\\/\\\/rapidprecise.com\\\/wp-content\\\/uploads\\\/2024\\\/12\\\/kf-Scdf7f05e47b04679b1f81016470a25a5K.webp\",\"datePublished\":\"2024-12-25T14:30:38+00:00\",\"dateModified\":\"2024-12-26T15:09:39+00:00\",\"description\":\"Professional CNC machining factory provide Aluminum Alloy Electronic Radiator Dense Teeth Heatsink Cooling Pad Extruded\",\"breadcrumb\":{\"@id\":\"https:\\\/\\\/rapidprecise.com\\\/es\\\/product\\\/aluminum-alloy-electronic-radiator-dense-teeth-heatsink-cooling-pad-extruded-heat-sink-computer-water-cooling-system-4-sizes\\\/#breadcrumb\"},\"inLanguage\":\"es\",\"potentialAction\":[{\"@type\":\"ReadAction\",\"target\":[\"https:\\\/\\\/rapidprecise.com\\\/es\\\/product\\\/aluminum-alloy-electronic-radiator-dense-teeth-heatsink-cooling-pad-extruded-heat-sink-computer-water-cooling-system-4-sizes\\\/\"]}]},{\"@type\":\"ImageObject\",\"inLanguage\":\"es\",\"@id\":\"https:\\\/\\\/rapidprecise.com\\\/es\\\/product\\\/aluminum-alloy-electronic-radiator-dense-teeth-heatsink-cooling-pad-extruded-heat-sink-computer-water-cooling-system-4-sizes\\\/#primaryimage\",\"url\":\"https:\\\/\\\/rapidprecise.com\\\/wp-content\\\/uploads\\\/2024\\\/12\\\/kf-Scdf7f05e47b04679b1f81016470a25a5K.webp\",\"contentUrl\":\"https:\\\/\\\/rapidprecise.com\\\/wp-content\\\/uploads\\\/2024\\\/12\\\/kf-Scdf7f05e47b04679b1f81016470a25a5K.webp\",\"width\":800,\"height\":800},{\"@type\":\"BreadcrumbList\",\"@id\":\"https:\\\/\\\/rapidprecise.com\\\/es\\\/product\\\/aluminum-alloy-electronic-radiator-dense-teeth-heatsink-cooling-pad-extruded-heat-sink-computer-water-cooling-system-4-sizes\\\/#breadcrumb\",\"itemListElement\":[{\"@type\":\"ListItem\",\"position\":1,\"name\":\"Home\",\"item\":\"https:\\\/\\\/rapidprecise.com\\\/\"},{\"@type\":\"ListItem\",\"position\":2,\"name\":\"Shop\",\"item\":\"https:\\\/\\\/rapidprecise.com\\\/shop\\\/\"},{\"@type\":\"ListItem\",\"position\":3,\"name\":\"Aluminum Alloy Electronic Radiator Dense Teeth Heatsink Cooling Pad Extruded\"}]},{\"@type\":\"WebSite\",\"@id\":\"https:\\\/\\\/rapidprecise.com\\\/es\\\/#website\",\"url\":\"https:\\\/\\\/rapidprecise.com\\\/es\\\/\",\"name\":\"rapidprecise.com\",\"description\":\"\",\"publisher\":{\"@id\":\"https:\\\/\\\/rapidprecise.com\\\/es\\\/#organization\"},\"potentialAction\":[{\"@type\":\"SearchAction\",\"target\":{\"@type\":\"EntryPoint\",\"urlTemplate\":\"https:\\\/\\\/rapidprecise.com\\\/es\\\/?s={search_term_string}\"},\"query-input\":{\"@type\":\"PropertyValueSpecification\",\"valueRequired\":true,\"valueName\":\"search_term_string\"}}],\"inLanguage\":\"es\"},{\"@type\":\"Organization\",\"@id\":\"https:\\\/\\\/rapidprecise.com\\\/es\\\/#organization\",\"name\":\"rapidprecise.com\",\"url\":\"https:\\\/\\\/rapidprecise.com\\\/es\\\/\",\"logo\":{\"@type\":\"ImageObject\",\"inLanguage\":\"es\",\"@id\":\"https:\\\/\\\/rapidprecise.com\\\/es\\\/#\\\/schema\\\/logo\\\/image\\\/\",\"url\":\"https:\\\/\\\/rapidprecise.com\\\/wp-content\\\/uploads\\\/2024\\\/12\\\/rapidprecise.png\",\"contentUrl\":\"https:\\\/\\\/rapidprecise.com\\\/wp-content\\\/uploads\\\/2024\\\/12\\\/rapidprecise.png\",\"width\":279,\"height\":58,\"caption\":\"rapidprecise.com\"},\"image\":{\"@id\":\"https:\\\/\\\/rapidprecise.com\\\/es\\\/#\\\/schema\\\/logo\\\/image\\\/\"}}]}<\/script>\n<!-- \/ Yoast SEO plugin. -->","yoast_head_json":{"title":"Aluminum Alloy Electronic Radiator Dense Teeth Heatsink Cooling Pad Extruded | RAPIDPRECISE","description":"Professional CNC machining factory provide Aluminum Alloy Electronic Radiator Dense Teeth Heatsink Cooling Pad Extruded","robots":{"index":"index","follow":"follow","max-snippet":"max-snippet:-1","max-image-preview":"max-image-preview:large","max-video-preview":"max-video-preview:-1"},"canonical":"https:\/\/rapidprecise.com\/es\/product\/aluminum-alloy-electronic-radiator-dense-teeth-heatsink-cooling-pad-extruded-heat-sink-computer-water-cooling-system-4-sizes\/","og_locale":"es_MX","og_type":"article","og_title":"Aluminum Alloy Electronic Radiator Dense Teeth Heatsink Cooling Pad Extruded | RAPIDPRECISE","og_description":"Professional CNC machining factory provide Aluminum Alloy Electronic Radiator Dense Teeth Heatsink Cooling Pad Extruded","og_url":"https:\/\/rapidprecise.com\/es\/product\/aluminum-alloy-electronic-radiator-dense-teeth-heatsink-cooling-pad-extruded-heat-sink-computer-water-cooling-system-4-sizes\/","og_site_name":"RAPIDPRECISE","article_modified_time":"2024-12-26T15:09:39+00:00","og_image":[{"width":800,"height":800,"url":"https:\/\/rapidprecise.com\/wp-content\/uploads\/2024\/12\/kf-Scdf7f05e47b04679b1f81016470a25a5K.webp","type":"image\/webp"}],"twitter_card":"summary_large_image","twitter_misc":{"Tiempo de lectura":"1 minuto"},"schema":{"@context":"https:\/\/schema.org","@graph":[{"@type":"WebPage","@id":"https:\/\/rapidprecise.com\/es\/product\/aluminum-alloy-electronic-radiator-dense-teeth-heatsink-cooling-pad-extruded-heat-sink-computer-water-cooling-system-4-sizes\/","url":"https:\/\/rapidprecise.com\/es\/product\/aluminum-alloy-electronic-radiator-dense-teeth-heatsink-cooling-pad-extruded-heat-sink-computer-water-cooling-system-4-sizes\/","name":"Aluminum Alloy Electronic Radiator Dense Teeth Heatsink Cooling Pad Extruded | RAPIDPRECISE","isPartOf":{"@id":"https:\/\/rapidprecise.com\/es\/#website"},"primaryImageOfPage":{"@id":"https:\/\/rapidprecise.com\/es\/product\/aluminum-alloy-electronic-radiator-dense-teeth-heatsink-cooling-pad-extruded-heat-sink-computer-water-cooling-system-4-sizes\/#primaryimage"},"image":{"@id":"https:\/\/rapidprecise.com\/es\/product\/aluminum-alloy-electronic-radiator-dense-teeth-heatsink-cooling-pad-extruded-heat-sink-computer-water-cooling-system-4-sizes\/#primaryimage"},"thumbnailUrl":"https:\/\/rapidprecise.com\/wp-content\/uploads\/2024\/12\/kf-Scdf7f05e47b04679b1f81016470a25a5K.webp","datePublished":"2024-12-25T14:30:38+00:00","dateModified":"2024-12-26T15:09:39+00:00","description":"Professional CNC machining factory provide Aluminum Alloy Electronic Radiator Dense Teeth Heatsink Cooling Pad Extruded","breadcrumb":{"@id":"https:\/\/rapidprecise.com\/es\/product\/aluminum-alloy-electronic-radiator-dense-teeth-heatsink-cooling-pad-extruded-heat-sink-computer-water-cooling-system-4-sizes\/#breadcrumb"},"inLanguage":"es","potentialAction":[{"@type":"ReadAction","target":["https:\/\/rapidprecise.com\/es\/product\/aluminum-alloy-electronic-radiator-dense-teeth-heatsink-cooling-pad-extruded-heat-sink-computer-water-cooling-system-4-sizes\/"]}]},{"@type":"ImageObject","inLanguage":"es","@id":"https:\/\/rapidprecise.com\/es\/product\/aluminum-alloy-electronic-radiator-dense-teeth-heatsink-cooling-pad-extruded-heat-sink-computer-water-cooling-system-4-sizes\/#primaryimage","url":"https:\/\/rapidprecise.com\/wp-content\/uploads\/2024\/12\/kf-Scdf7f05e47b04679b1f81016470a25a5K.webp","contentUrl":"https:\/\/rapidprecise.com\/wp-content\/uploads\/2024\/12\/kf-Scdf7f05e47b04679b1f81016470a25a5K.webp","width":800,"height":800},{"@type":"BreadcrumbList","@id":"https:\/\/rapidprecise.com\/es\/product\/aluminum-alloy-electronic-radiator-dense-teeth-heatsink-cooling-pad-extruded-heat-sink-computer-water-cooling-system-4-sizes\/#breadcrumb","itemListElement":[{"@type":"ListItem","position":1,"name":"Home","item":"https:\/\/rapidprecise.com\/"},{"@type":"ListItem","position":2,"name":"Shop","item":"https:\/\/rapidprecise.com\/shop\/"},{"@type":"ListItem","position":3,"name":"Aluminum Alloy Electronic Radiator Dense Teeth Heatsink Cooling Pad Extruded"}]},{"@type":"WebSite","@id":"https:\/\/rapidprecise.com\/es\/#website","url":"https:\/\/rapidprecise.com\/es\/","name":"rapidprecise.com","description":"","publisher":{"@id":"https:\/\/rapidprecise.com\/es\/#organization"},"potentialAction":[{"@type":"SearchAction","target":{"@type":"EntryPoint","urlTemplate":"https:\/\/rapidprecise.com\/es\/?s={search_term_string}"},"query-input":{"@type":"PropertyValueSpecification","valueRequired":true,"valueName":"search_term_string"}}],"inLanguage":"es"},{"@type":"Organization","@id":"https:\/\/rapidprecise.com\/es\/#organization","name":"rapidprecise.com","url":"https:\/\/rapidprecise.com\/es\/","logo":{"@type":"ImageObject","inLanguage":"es","@id":"https:\/\/rapidprecise.com\/es\/#\/schema\/logo\/image\/","url":"https:\/\/rapidprecise.com\/wp-content\/uploads\/2024\/12\/rapidprecise.png","contentUrl":"https:\/\/rapidprecise.com\/wp-content\/uploads\/2024\/12\/rapidprecise.png","width":279,"height":58,"caption":"rapidprecise.com"},"image":{"@id":"https:\/\/rapidprecise.com\/es\/#\/schema\/logo\/image\/"}}]}},"_links":{"self":[{"href":"https:\/\/rapidprecise.com\/es\/wp-json\/wp\/v2\/product\/542","targetHints":{"allow":["GET"]}}],"collection":[{"href":"https:\/\/rapidprecise.com\/es\/wp-json\/wp\/v2\/product"}],"about":[{"href":"https:\/\/rapidprecise.com\/es\/wp-json\/wp\/v2\/types\/product"}],"replies":[{"embeddable":true,"href":"https:\/\/rapidprecise.com\/es\/wp-json\/wp\/v2\/comments?post=542"}],"wp:featuredmedia":[{"embeddable":true,"href":"https:\/\/rapidprecise.com\/es\/wp-json\/wp\/v2\/media\/543"}],"wp:attachment":[{"href":"https:\/\/rapidprecise.com\/es\/wp-json\/wp\/v2\/media?parent=542"}],"wp:term":[{"taxonomy":"product_brand","embeddable":true,"href":"https:\/\/rapidprecise.com\/es\/wp-json\/wp\/v2\/product_brand?post=542"},{"taxonomy":"product_cat","embeddable":true,"href":"https:\/\/rapidprecise.com\/es\/wp-json\/wp\/v2\/product_cat?post=542"},{"taxonomy":"product_tag","embeddable":true,"href":"https:\/\/rapidprecise.com\/es\/wp-json\/wp\/v2\/product_tag?post=542"}],"curies":[{"name":"wp","href":"https:\/\/api.w.org\/{rel}","templated":true}]}}