{"id":608,"date":"2024-12-25T14:31:04","date_gmt":"2024-12-25T14:31:04","guid":{"rendered":"https:\/\/rapidprecise.com\/product\/made-cnc-machined-turning-service-aluminum-for-food-machining-parts-3016-304-steel-polishing-copper-brass-oem-odm-factory\/"},"modified":"2024-12-26T15:09:38","modified_gmt":"2024-12-26T15:09:38","slug":"made-cnc-machined-turning-service-aluminum-for-food-machining-parts-3016-304-steel-polishing-copper-brass-oem-odm-factory","status":"publish","type":"product","link":"https:\/\/rapidprecise.com\/es\/product\/made-cnc-machined-turning-service-aluminum-for-food-machining-parts-3016-304-steel-polishing-copper-brass-oem-odm-factory\/","title":{"rendered":"Servicio de torneado CNC en aluminio para piezas de mecanizado de alimentos"},"content":{"rendered":"<div class=\"flex max-w-full flex-col flex-grow\">\n<div class=\"min-h-8 text-message flex w-full flex-col items-end gap-2 whitespace-normal break-words text-start [.text-message+&amp;]:mt-5\" dir=\"auto\" data-message-author-role=\"assistant\" data-message-id=\"b4bcb809-5d68-413d-9ac7-340694f45e2f\" data-message-model-slug=\"gpt-4o\">\n<div class=\"flex w-full flex-col gap-1 empty:hidden first:pt-[3px]\">\n<div class=\"markdown prose w-full break-words dark:prose-invert light\">\n<p>Nuestro servicio de torneado por mecanizado CNC para piezas de aluminio aptas para uso alimentario garantiza precisi\u00f3n, durabilidad y cumplimiento con las normas de seguridad alimentaria. Dise\u00f1ado para la industria de procesamiento y envasado de alimentos, estos componentes est\u00e1n fabricados para cumplir con estrictos requisitos de higiene y rendimiento.<\/p>\n<h4>Caracter\u00edsticas clave:<\/h4>\n<ol>\n<li>Material de aluminio apto para uso alimentario:\n<ul>\n<li>Fabricado con aluminio de alta calidad adecuado para aplicaciones en la industria alimentaria.<\/li>\n<li>Ligero, resistente a la corrosi\u00f3n y f\u00e1cil de limpiar para mantener los est\u00e1ndares de higiene.<\/li>\n<\/ul>\n<\/li>\n<li>Tecnolog\u00eda avanzada de torneado CNC:\n<ul>\n<li>Utiliza m\u00e1quinas de torneado CNC de \u00faltima generaci\u00f3n para una precisi\u00f3n superior y acabados suaves.<\/li>\n<li>Logra tolerancias ajustadas para garantizar un rendimiento fiable y consistente.<\/li>\n<\/ul>\n<\/li>\n<li>Personalizado seg\u00fan sus necesidades:\n<ul>\n<li>Adaptado para cumplir con requisitos espec\u00edficos de dise\u00f1o y funcionalidad.<\/li>\n<li>Soporta geometr\u00edas complejas y especificaciones detalladas.<\/li>\n<\/ul>\n<\/li>\n<li>Acabados Superficiales:\n<ul>\n<li>Disponible con anodizado, pulido u otros tratamientos superficiales para mejorar la durabilidad y la limpieza.<\/li>\n<li>Superficies antiadherentes y f\u00e1ciles de mantener para un procesamiento de alimentos sin problemas.<\/li>\n<\/ul>\n<\/li>\n<li>Cumplimiento y aseguramiento de calidad:\n<ul>\n<li>Cumple con las normas de seguridad alimentaria, garantizando seguridad y fiabilidad en entornos de manipulaci\u00f3n de alimentos.<\/li>\n<li>Procesos rigurosos de control de calidad para entregar piezas libres de defectos.<\/li>\n<\/ul>\n<\/li>\n<\/ol>\n<h4>Especificaciones:<\/h4>\n<table>\n<thead>\n<tr>\n<th>Caracter\u00edstica<\/th>\n<th>Detalles<\/th>\n<\/tr>\n<\/thead>\n<tbody>\n<tr>\n<td>Material<\/td>\n<td>Aluminio de grado alimentario<\/td>\n<\/tr>\n<tr>\n<td>Proceso<\/td>\n<td>Torneado CNC<\/td>\n<\/tr>\n<tr>\n<td>Tolerancias<\/td>\n<td>\u00b10.01mm<\/td>\n<\/tr>\n<tr>\n<td>Acabado superficial<\/td>\n<td>Anodizado, Pulido, Personalizable<\/td>\n<\/tr>\n<tr>\n<td>Aplicaciones<\/td>\n<td>Procesamiento de alimentos, Embalaje<\/td>\n<\/tr>\n<\/tbody>\n<\/table>\n<h4>Aplicaciones:<\/h4>\n<ul>\n<li>Equipamiento para procesamiento de alimentos: piezas de precisi\u00f3n para mezcladoras, cortadoras y molinillos.<\/li>\n<li>M\u00e1quinas de embalaje: componentes para sellar, cortar y transportar productos alimenticios.<\/li>\n<li>Componentes cr\u00edticos para la higiene: piezas que requieren f\u00e1cil limpieza y desinfecci\u00f3n.<\/li>\n<\/ul>\n<h4>Beneficios de nuestro servicio:<\/h4>\n<ul>\n<li>Alta precisi\u00f3n: tolerancias ajustadas que aseguran que las piezas cumplan con las especificaciones exactas.<\/li>\n<li>Duradero y confiable: fabricado con aluminio robusto con tratamientos superficiales para mayor durabilidad.<\/li>\n<li>Personalizaci\u00f3n: dise\u00f1os completamente adaptados para satisfacer necesidades operativas \u00fanicas.<\/li>\n<li>Fabricaci\u00f3n segura para alimentos: cumple con las regulaciones de la industria para un uso seguro.<\/li>\n<\/ul>\n<p>Optimiza tu maquinaria alimentaria con piezas de aluminio mecanizadas por CNC que combinan funcionalidad, seguridad y fiabilidad. \u00a1Cont\u00e1ctanos hoy para discutir tus requisitos y obtener una cotizaci\u00f3n para tu proyecto personalizado!<\/p>\n<\/div>\n<\/div>\n<\/div>\n<\/div>","protected":false},"excerpt":{"rendered":"<p>Our CNC Machined Turning Service for aluminum food-grade machining parts ensures precision, durability, and compliance with food safety standards. Designed for the food processing and packaging industry, these components are crafted to meet rigorous hygiene and performance requirements. Key Features: Food-Grade Aluminum Material: Manufactured from high-quality aluminum suitable for food industry applications. Lightweight, corrosion-resistant, and [&hellip;]<\/p>","protected":false},"featured_media":609,"comment_status":"closed","ping_status":"closed","template":"","meta":[],"product_brand":[],"product_cat":[23],"product_tag":[],"class_list":{"0":"post-608","1":"product","2":"type-product","3":"status-publish","4":"has-post-thumbnail","6":"product_cat-aluminum-turning-parts","8":"first","9":"instock","10":"shipping-taxable","11":"product-type-simple"},"yoast_head":"<!-- This site is optimized with the Yoast SEO plugin v27.4 - https:\/\/yoast.com\/product\/yoast-seo-wordpress\/ -->\n<title>Made CNC Machined Turning Service Aluminum for Food Machining Parts | RAPIDPRECISE<\/title>\n<meta name=\"description\" content=\"Professional CNC machining factory provide Made CNC Machined Turning Service Aluminum for Food Machining Parts\" \/>\n<meta name=\"robots\" content=\"index, follow, max-snippet:-1, max-image-preview:large, max-video-preview:-1\" \/>\n<link rel=\"canonical\" href=\"https:\/\/rapidprecise.com\/es\/product\/made-cnc-machined-turning-service-aluminum-for-food-machining-parts-3016-304-steel-polishing-copper-brass-oem-odm-factory\/\" \/>\n<meta property=\"og:locale\" content=\"es_MX\" \/>\n<meta property=\"og:type\" content=\"article\" \/>\n<meta property=\"og:title\" content=\"Made CNC Machined Turning Service Aluminum for Food Machining Parts | RAPIDPRECISE\" \/>\n<meta property=\"og:description\" content=\"Professional CNC machining factory provide Made CNC Machined Turning Service Aluminum for Food Machining Parts\" \/>\n<meta property=\"og:url\" content=\"https:\/\/rapidprecise.com\/es\/product\/made-cnc-machined-turning-service-aluminum-for-food-machining-parts-3016-304-steel-polishing-copper-brass-oem-odm-factory\/\" \/>\n<meta property=\"og:site_name\" content=\"RAPIDPRECISE\" \/>\n<meta property=\"article:modified_time\" content=\"2024-12-26T15:09:38+00:00\" \/>\n<meta property=\"og:image\" content=\"https:\/\/rapidprecise.com\/wp-content\/uploads\/2024\/12\/kf-S846e55f9e275454a9d7c4b30b9279439t.webp\" \/>\n\t<meta property=\"og:image:width\" content=\"800\" \/>\n\t<meta property=\"og:image:height\" content=\"800\" \/>\n\t<meta property=\"og:image:type\" content=\"image\/webp\" \/>\n<meta name=\"twitter:card\" content=\"summary_large_image\" \/>\n<meta name=\"twitter:label1\" content=\"Tiempo de lectura\" \/>\n\t<meta name=\"twitter:data1\" content=\"2 minutos\" \/>\n<script type=\"application\/ld+json\" class=\"yoast-schema-graph\">{\"@context\":\"https:\\\/\\\/schema.org\",\"@graph\":[{\"@type\":\"WebPage\",\"@id\":\"https:\\\/\\\/rapidprecise.com\\\/es\\\/product\\\/made-cnc-machined-turning-service-aluminum-for-food-machining-parts-3016-304-steel-polishing-copper-brass-oem-odm-factory\\\/\",\"url\":\"https:\\\/\\\/rapidprecise.com\\\/es\\\/product\\\/made-cnc-machined-turning-service-aluminum-for-food-machining-parts-3016-304-steel-polishing-copper-brass-oem-odm-factory\\\/\",\"name\":\"Made CNC Machined Turning Service Aluminum for Food Machining Parts | RAPIDPRECISE\",\"isPartOf\":{\"@id\":\"https:\\\/\\\/rapidprecise.com\\\/es\\\/#website\"},\"primaryImageOfPage\":{\"@id\":\"https:\\\/\\\/rapidprecise.com\\\/es\\\/product\\\/made-cnc-machined-turning-service-aluminum-for-food-machining-parts-3016-304-steel-polishing-copper-brass-oem-odm-factory\\\/#primaryimage\"},\"image\":{\"@id\":\"https:\\\/\\\/rapidprecise.com\\\/es\\\/product\\\/made-cnc-machined-turning-service-aluminum-for-food-machining-parts-3016-304-steel-polishing-copper-brass-oem-odm-factory\\\/#primaryimage\"},\"thumbnailUrl\":\"https:\\\/\\\/rapidprecise.com\\\/wp-content\\\/uploads\\\/2024\\\/12\\\/kf-S846e55f9e275454a9d7c4b30b9279439t.webp\",\"datePublished\":\"2024-12-25T14:31:04+00:00\",\"dateModified\":\"2024-12-26T15:09:38+00:00\",\"description\":\"Professional CNC machining factory provide Made CNC Machined Turning Service Aluminum for Food Machining Parts\",\"breadcrumb\":{\"@id\":\"https:\\\/\\\/rapidprecise.com\\\/es\\\/product\\\/made-cnc-machined-turning-service-aluminum-for-food-machining-parts-3016-304-steel-polishing-copper-brass-oem-odm-factory\\\/#breadcrumb\"},\"inLanguage\":\"es\",\"potentialAction\":[{\"@type\":\"ReadAction\",\"target\":[\"https:\\\/\\\/rapidprecise.com\\\/es\\\/product\\\/made-cnc-machined-turning-service-aluminum-for-food-machining-parts-3016-304-steel-polishing-copper-brass-oem-odm-factory\\\/\"]}]},{\"@type\":\"ImageObject\",\"inLanguage\":\"es\",\"@id\":\"https:\\\/\\\/rapidprecise.com\\\/es\\\/product\\\/made-cnc-machined-turning-service-aluminum-for-food-machining-parts-3016-304-steel-polishing-copper-brass-oem-odm-factory\\\/#primaryimage\",\"url\":\"https:\\\/\\\/rapidprecise.com\\\/wp-content\\\/uploads\\\/2024\\\/12\\\/kf-S846e55f9e275454a9d7c4b30b9279439t.webp\",\"contentUrl\":\"https:\\\/\\\/rapidprecise.com\\\/wp-content\\\/uploads\\\/2024\\\/12\\\/kf-S846e55f9e275454a9d7c4b30b9279439t.webp\",\"width\":800,\"height\":800},{\"@type\":\"BreadcrumbList\",\"@id\":\"https:\\\/\\\/rapidprecise.com\\\/es\\\/product\\\/made-cnc-machined-turning-service-aluminum-for-food-machining-parts-3016-304-steel-polishing-copper-brass-oem-odm-factory\\\/#breadcrumb\",\"itemListElement\":[{\"@type\":\"ListItem\",\"position\":1,\"name\":\"Home\",\"item\":\"https:\\\/\\\/rapidprecise.com\\\/\"},{\"@type\":\"ListItem\",\"position\":2,\"name\":\"Shop\",\"item\":\"https:\\\/\\\/rapidprecise.com\\\/shop\\\/\"},{\"@type\":\"ListItem\",\"position\":3,\"name\":\"Made CNC Machined Turning Service Aluminum for Food Machining Parts\"}]},{\"@type\":\"WebSite\",\"@id\":\"https:\\\/\\\/rapidprecise.com\\\/es\\\/#website\",\"url\":\"https:\\\/\\\/rapidprecise.com\\\/es\\\/\",\"name\":\"rapidprecise.com\",\"description\":\"\",\"publisher\":{\"@id\":\"https:\\\/\\\/rapidprecise.com\\\/es\\\/#organization\"},\"potentialAction\":[{\"@type\":\"SearchAction\",\"target\":{\"@type\":\"EntryPoint\",\"urlTemplate\":\"https:\\\/\\\/rapidprecise.com\\\/es\\\/?s={search_term_string}\"},\"query-input\":{\"@type\":\"PropertyValueSpecification\",\"valueRequired\":true,\"valueName\":\"search_term_string\"}}],\"inLanguage\":\"es\"},{\"@type\":\"Organization\",\"@id\":\"https:\\\/\\\/rapidprecise.com\\\/es\\\/#organization\",\"name\":\"rapidprecise.com\",\"url\":\"https:\\\/\\\/rapidprecise.com\\\/es\\\/\",\"logo\":{\"@type\":\"ImageObject\",\"inLanguage\":\"es\",\"@id\":\"https:\\\/\\\/rapidprecise.com\\\/es\\\/#\\\/schema\\\/logo\\\/image\\\/\",\"url\":\"https:\\\/\\\/rapidprecise.com\\\/wp-content\\\/uploads\\\/2024\\\/12\\\/rapidprecise.png\",\"contentUrl\":\"https:\\\/\\\/rapidprecise.com\\\/wp-content\\\/uploads\\\/2024\\\/12\\\/rapidprecise.png\",\"width\":279,\"height\":58,\"caption\":\"rapidprecise.com\"},\"image\":{\"@id\":\"https:\\\/\\\/rapidprecise.com\\\/es\\\/#\\\/schema\\\/logo\\\/image\\\/\"}}]}<\/script>\n<!-- \/ Yoast SEO plugin. -->","yoast_head_json":{"title":"Made CNC Machined Turning Service Aluminum for Food Machining Parts | RAPIDPRECISE","description":"Professional CNC machining factory provide Made CNC Machined Turning Service Aluminum for Food Machining Parts","robots":{"index":"index","follow":"follow","max-snippet":"max-snippet:-1","max-image-preview":"max-image-preview:large","max-video-preview":"max-video-preview:-1"},"canonical":"https:\/\/rapidprecise.com\/es\/product\/made-cnc-machined-turning-service-aluminum-for-food-machining-parts-3016-304-steel-polishing-copper-brass-oem-odm-factory\/","og_locale":"es_MX","og_type":"article","og_title":"Made CNC Machined Turning Service Aluminum for Food Machining Parts | RAPIDPRECISE","og_description":"Professional CNC machining factory provide Made CNC Machined Turning Service Aluminum for Food Machining Parts","og_url":"https:\/\/rapidprecise.com\/es\/product\/made-cnc-machined-turning-service-aluminum-for-food-machining-parts-3016-304-steel-polishing-copper-brass-oem-odm-factory\/","og_site_name":"RAPIDPRECISE","article_modified_time":"2024-12-26T15:09:38+00:00","og_image":[{"width":800,"height":800,"url":"https:\/\/rapidprecise.com\/wp-content\/uploads\/2024\/12\/kf-S846e55f9e275454a9d7c4b30b9279439t.webp","type":"image\/webp"}],"twitter_card":"summary_large_image","twitter_misc":{"Tiempo de lectura":"2 minutos"},"schema":{"@context":"https:\/\/schema.org","@graph":[{"@type":"WebPage","@id":"https:\/\/rapidprecise.com\/es\/product\/made-cnc-machined-turning-service-aluminum-for-food-machining-parts-3016-304-steel-polishing-copper-brass-oem-odm-factory\/","url":"https:\/\/rapidprecise.com\/es\/product\/made-cnc-machined-turning-service-aluminum-for-food-machining-parts-3016-304-steel-polishing-copper-brass-oem-odm-factory\/","name":"Made CNC Machined Turning Service Aluminum for Food Machining Parts | RAPIDPRECISE","isPartOf":{"@id":"https:\/\/rapidprecise.com\/es\/#website"},"primaryImageOfPage":{"@id":"https:\/\/rapidprecise.com\/es\/product\/made-cnc-machined-turning-service-aluminum-for-food-machining-parts-3016-304-steel-polishing-copper-brass-oem-odm-factory\/#primaryimage"},"image":{"@id":"https:\/\/rapidprecise.com\/es\/product\/made-cnc-machined-turning-service-aluminum-for-food-machining-parts-3016-304-steel-polishing-copper-brass-oem-odm-factory\/#primaryimage"},"thumbnailUrl":"https:\/\/rapidprecise.com\/wp-content\/uploads\/2024\/12\/kf-S846e55f9e275454a9d7c4b30b9279439t.webp","datePublished":"2024-12-25T14:31:04+00:00","dateModified":"2024-12-26T15:09:38+00:00","description":"Professional CNC machining factory provide Made CNC Machined Turning Service Aluminum for Food Machining Parts","breadcrumb":{"@id":"https:\/\/rapidprecise.com\/es\/product\/made-cnc-machined-turning-service-aluminum-for-food-machining-parts-3016-304-steel-polishing-copper-brass-oem-odm-factory\/#breadcrumb"},"inLanguage":"es","potentialAction":[{"@type":"ReadAction","target":["https:\/\/rapidprecise.com\/es\/product\/made-cnc-machined-turning-service-aluminum-for-food-machining-parts-3016-304-steel-polishing-copper-brass-oem-odm-factory\/"]}]},{"@type":"ImageObject","inLanguage":"es","@id":"https:\/\/rapidprecise.com\/es\/product\/made-cnc-machined-turning-service-aluminum-for-food-machining-parts-3016-304-steel-polishing-copper-brass-oem-odm-factory\/#primaryimage","url":"https:\/\/rapidprecise.com\/wp-content\/uploads\/2024\/12\/kf-S846e55f9e275454a9d7c4b30b9279439t.webp","contentUrl":"https:\/\/rapidprecise.com\/wp-content\/uploads\/2024\/12\/kf-S846e55f9e275454a9d7c4b30b9279439t.webp","width":800,"height":800},{"@type":"BreadcrumbList","@id":"https:\/\/rapidprecise.com\/es\/product\/made-cnc-machined-turning-service-aluminum-for-food-machining-parts-3016-304-steel-polishing-copper-brass-oem-odm-factory\/#breadcrumb","itemListElement":[{"@type":"ListItem","position":1,"name":"Home","item":"https:\/\/rapidprecise.com\/"},{"@type":"ListItem","position":2,"name":"Shop","item":"https:\/\/rapidprecise.com\/shop\/"},{"@type":"ListItem","position":3,"name":"Made CNC Machined Turning Service Aluminum for Food Machining Parts"}]},{"@type":"WebSite","@id":"https:\/\/rapidprecise.com\/es\/#website","url":"https:\/\/rapidprecise.com\/es\/","name":"rapidprecise.com","description":"","publisher":{"@id":"https:\/\/rapidprecise.com\/es\/#organization"},"potentialAction":[{"@type":"SearchAction","target":{"@type":"EntryPoint","urlTemplate":"https:\/\/rapidprecise.com\/es\/?s={search_term_string}"},"query-input":{"@type":"PropertyValueSpecification","valueRequired":true,"valueName":"search_term_string"}}],"inLanguage":"es"},{"@type":"Organization","@id":"https:\/\/rapidprecise.com\/es\/#organization","name":"rapidprecise.com","url":"https:\/\/rapidprecise.com\/es\/","logo":{"@type":"ImageObject","inLanguage":"es","@id":"https:\/\/rapidprecise.com\/es\/#\/schema\/logo\/image\/","url":"https:\/\/rapidprecise.com\/wp-content\/uploads\/2024\/12\/rapidprecise.png","contentUrl":"https:\/\/rapidprecise.com\/wp-content\/uploads\/2024\/12\/rapidprecise.png","width":279,"height":58,"caption":"rapidprecise.com"},"image":{"@id":"https:\/\/rapidprecise.com\/es\/#\/schema\/logo\/image\/"}}]}},"_links":{"self":[{"href":"https:\/\/rapidprecise.com\/es\/wp-json\/wp\/v2\/product\/608","targetHints":{"allow":["GET"]}}],"collection":[{"href":"https:\/\/rapidprecise.com\/es\/wp-json\/wp\/v2\/product"}],"about":[{"href":"https:\/\/rapidprecise.com\/es\/wp-json\/wp\/v2\/types\/product"}],"replies":[{"embeddable":true,"href":"https:\/\/rapidprecise.com\/es\/wp-json\/wp\/v2\/comments?post=608"}],"wp:featuredmedia":[{"embeddable":true,"href":"https:\/\/rapidprecise.com\/es\/wp-json\/wp\/v2\/media\/609"}],"wp:attachment":[{"href":"https:\/\/rapidprecise.com\/es\/wp-json\/wp\/v2\/media?parent=608"}],"wp:term":[{"taxonomy":"product_brand","embeddable":true,"href":"https:\/\/rapidprecise.com\/es\/wp-json\/wp\/v2\/product_brand?post=608"},{"taxonomy":"product_cat","embeddable":true,"href":"https:\/\/rapidprecise.com\/es\/wp-json\/wp\/v2\/product_cat?post=608"},{"taxonomy":"product_tag","embeddable":true,"href":"https:\/\/rapidprecise.com\/es\/wp-json\/wp\/v2\/product_tag?post=608"}],"curies":[{"name":"wp","href":"https:\/\/api.w.org\/{rel}","templated":true}]}}