{"id":513,"date":"2024-12-25T14:30:22","date_gmt":"2024-12-25T14:30:22","guid":{"rendered":"https:\/\/rapidprecise.com\/product\/led-light-power-heatsink-copper-8-heat-tubes-heat-sink-silver-aluminum-round-ip65-led-die-casting-aluminum-empty-cabinet-outdoor\/"},"modified":"2024-12-26T15:09:39","modified_gmt":"2024-12-26T15:09:39","slug":"led-light-power-heatsink-copper-8-heat-tubes-heat-sink-silver-aluminum-round-ip65-led-die-casting-aluminum-empty-cabinet-outdoor","status":"publish","type":"product","link":"https:\/\/rapidprecise.com\/fr\/product\/led-light-power-heatsink-copper-8-heat-tubes-heat-sink-silver-aluminum-round-ip65-led-die-casting-aluminum-empty-cabinet-outdoor\/","title":{"rendered":"Refroidisseur de puissance \u00e0 LED en cuivre, 8 tubes de refroidissement, dissipateur de chaleur en aluminium argent\u00e9, rond, IP65, bo\u00eetier vide en aluminium moul\u00e9 sous pression pour LED, ext\u00e9rieur"},"content":{"rendered":"<div class=\"detailmodule_html\">\n<div class=\"detail-desc-decorate-richtext\">\n<div id=\"detail_decorate_root\" data-magic-global=\"%7B%22bizId%22%3A2541172111%2C%22pageId%22%3A21021011365%2C%22siteId%22%3A5006313009%7D\">\n<div>\n<div>* Qualification d'entreprise de haute technologie<\/div>\n<div>\n<div><span class=\"magic-6\">*OEM\/ODM Livraison rapide <\/span><\/div>\n<div><span class=\"magic-6\">*ISO9001:2015,ISO14001:2015<\/span><\/div>\n<div><span class=\"magic-6\">Mat\u00e9riau brut parfait - Cuivre de cathode de haute puret\u00e9<\/span><\/div>\n<\/div>\n<\/div>\n<div>\n<div id=\"ali-anchor-AliMagic-tgxadp\" data-section=\"AliMagic-tgxadp\" data-section-title=\"Products Description\">Description des produits<\/div>\n<\/div>\n<div>\n<div>\n<table class=\"all magic-11\">\n<tbody>\n<tr>\n<td colspan=\"1\" rowspan=\"1\">\n<div><span class=\"magic-13\">Nom du produit:<\/span><\/div>\n<\/td>\n<td colspan=\"1\" rowspan=\"1\">\n<div><span class=\"magic-13\">Ailettes de refroidissement en cuivre pour lumi\u00e8re LED 8 tubes de chaleur dissipateur thermique<\/span><\/div>\n<\/td>\n<\/tr>\n<tr>\n<td colspan=\"1\" rowspan=\"1\">\n<div><span class=\"magic-13\">Taille du produit:<\/span><\/div>\n<\/td>\n<td colspan=\"1\" rowspan=\"1\">\n<div><span class=\"magic-13\">Personnalis\u00e9<\/span><\/div>\n<\/td>\n<\/tr>\n<tr>\n<td colspan=\"1\" rowspan=\"1\">\n<div><span class=\"magic-13\">Mat\u00e9riau:<\/span><\/div>\n<\/td>\n<td colspan=\"1\" rowspan=\"1\">\n<div><span class=\"magic-13\">Cooper+aluminium\u00a0<\/span><\/div>\n<\/td>\n<\/tr>\n<tr>\n<td colspan=\"1\" rowspan=\"1\">\n<div><span class=\"magic-13\">M\u00e9thode d'emballage<\/span><\/div>\n<\/td>\n<td colspan=\"1\" rowspan=\"1\">\n<div><span class=\"magic-13\">bo\u00eete en bois ou bo\u00eete en carton\u00a0<\/span><\/div>\n<\/td>\n<\/tr>\n<tr>\n<td colspan=\"1\" rowspan=\"1\">\n<div><span class=\"magic-13\">Exemple de temps<\/span><\/div>\n<\/td>\n<td colspan=\"1\" rowspan=\"1\">\n<div><span class=\"magic-13\">7-12 jours<\/span><\/div>\n<\/td>\n<\/tr>\n<tr>\n<td colspan=\"1\" rowspan=\"1\">\n<div><span class=\"magic-13\">Certification<\/span><\/div>\n<\/td>\n<td colspan=\"1\" rowspan=\"1\">\n<div><span class=\"magic-13\">ISO9001:2015, CE, SGS etc<\/span><\/div>\n<\/td>\n<\/tr>\n<tr>\n<td colspan=\"1\" rowspan=\"1\">\n<div><span class=\"magic-13\">M\u00e9thode de paiement<\/span><\/div>\n<\/td>\n<td colspan=\"1\" rowspan=\"1\">\n<div><span class=\"magic-13\">T\/T.L\/C etc<\/span><\/div>\n<\/td>\n<\/tr>\n<tr>\n<td colspan=\"1\" rowspan=\"1\">\n<div><span class=\"magic-13\">D\u00e9lai de livraison :<\/span><\/div>\n<\/td>\n<td colspan=\"1\" rowspan=\"1\">\n<div><span class=\"magic-13\">15-35 jours<\/span><\/div>\n<\/td>\n<\/tr>\n<tr>\n<td colspan=\"1\" rowspan=\"1\">\n<div><span class=\"magic-13\">MOQ<\/span><\/div>\n<\/td>\n<td colspan=\"1\" rowspan=\"1\">\n<div><span class=\"magic-13\">100 pi\u00e8ces<\/span><\/div>\n<\/td>\n<\/tr>\n<tr>\n<td colspan=\"1\" rowspan=\"1\">\n<div><span class=\"magic-13\">M\u00e9thode d'exp\u00e9dition<\/span><\/div>\n<\/td>\n<td colspan=\"1\" rowspan=\"1\">\n<div><span class=\"magic-13\">Par mer, par air, par express, etc<\/span><\/div>\n<\/td>\n<\/tr>\n<\/tbody>\n<\/table>\n<\/div>\n<\/div>\n<\/div>\n<\/div>\n<\/div>","protected":false},"excerpt":{"rendered":"<p>* HI-tech enterprise qualification *OEM\/ODM Fast Delivery *ISO9001:2015,ISO14001:2015 *Perfect raw material-High purity cathode copper Products Description Product Name: LED Light Power Heatsink Copper 8 Heat Tubes Heat Sink Product Size: Customized Material: Cooper+aluminum\u00a0 Packaging method wood box or carton box\u00a0 Sample time 7-12 days Certification ISO9001:2015, CE, sgs etc Payment method T\/T.L\/C etc Delivery time: [&hellip;]<\/p>","protected":false},"featured_media":514,"comment_status":"closed","ping_status":"closed","template":"","meta":[],"product_brand":[],"product_cat":[26,375],"product_tag":[],"class_list":{"0":"post-513","1":"product","2":"type-product","3":"status-publish","4":"has-post-thumbnail","6":"product_cat-aluminum-die-casting-parts","7":"product_cat-aluminum-heat-sink","9":"first","10":"instock","11":"shipping-taxable","12":"product-type-simple"},"yoast_head":"<!-- This site is optimized with the Yoast SEO plugin v27.4 - https:\/\/yoast.com\/product\/yoast-seo-wordpress\/ -->\n<title>LED Light Power Heatsink Copper 8 Heat Tubes Heat Sink Silver Aluminum Round IP65 Led Die-casting Aluminum Empty Cabinet Outdoor | RAPIDPRECISE<\/title>\n<meta name=\"description\" content=\"Professional CNC machining factory provide LED Light Power Heatsink Copper 8 Heat Tubes Heat Sink Silver Aluminum Round IP65 Led Die-casting Aluminum Empty Cabinet Outdoor\" \/>\n<meta name=\"robots\" content=\"index, follow, max-snippet:-1, max-image-preview:large, max-video-preview:-1\" \/>\n<link rel=\"canonical\" href=\"https:\/\/rapidprecise.com\/fr\/product\/led-light-power-heatsink-copper-8-heat-tubes-heat-sink-silver-aluminum-round-ip65-led-die-casting-aluminum-empty-cabinet-outdoor\/\" \/>\n<meta property=\"og:locale\" content=\"fr_FR\" \/>\n<meta property=\"og:type\" content=\"article\" \/>\n<meta property=\"og:title\" content=\"LED Light Power Heatsink Copper 8 Heat Tubes Heat Sink Silver Aluminum Round IP65 Led Die-casting Aluminum Empty Cabinet Outdoor | RAPIDPRECISE\" \/>\n<meta property=\"og:description\" content=\"Professional CNC machining factory provide LED Light Power Heatsink Copper 8 Heat Tubes Heat Sink Silver Aluminum Round IP65 Led Die-casting Aluminum Empty Cabinet Outdoor\" \/>\n<meta property=\"og:url\" content=\"https:\/\/rapidprecise.com\/fr\/product\/led-light-power-heatsink-copper-8-heat-tubes-heat-sink-silver-aluminum-round-ip65-led-die-casting-aluminum-empty-cabinet-outdoor\/\" \/>\n<meta property=\"og:site_name\" content=\"RAPIDPRECISE\" \/>\n<meta property=\"article:modified_time\" content=\"2024-12-26T15:09:39+00:00\" \/>\n<meta property=\"og:image\" content=\"https:\/\/rapidprecise.com\/wp-content\/uploads\/2024\/12\/kf-S720820dc1a3d4b1a92ddebfb77b3fe128.webp\" \/>\n\t<meta property=\"og:image:width\" content=\"800\" \/>\n\t<meta property=\"og:image:height\" content=\"800\" \/>\n\t<meta property=\"og:image:type\" content=\"image\/webp\" \/>\n<meta name=\"twitter:card\" content=\"summary_large_image\" \/>\n<meta name=\"twitter:label1\" content=\"Dur\u00e9e de lecture estim\u00e9e\" \/>\n\t<meta name=\"twitter:data1\" content=\"1 minute\" \/>\n<script type=\"application\/ld+json\" class=\"yoast-schema-graph\">{\"@context\":\"https:\\\/\\\/schema.org\",\"@graph\":[{\"@type\":\"WebPage\",\"@id\":\"https:\\\/\\\/rapidprecise.com\\\/fr\\\/product\\\/led-light-power-heatsink-copper-8-heat-tubes-heat-sink-silver-aluminum-round-ip65-led-die-casting-aluminum-empty-cabinet-outdoor\\\/\",\"url\":\"https:\\\/\\\/rapidprecise.com\\\/fr\\\/product\\\/led-light-power-heatsink-copper-8-heat-tubes-heat-sink-silver-aluminum-round-ip65-led-die-casting-aluminum-empty-cabinet-outdoor\\\/\",\"name\":\"LED Light Power Heatsink Copper 8 Heat Tubes Heat Sink Silver Aluminum Round IP65 Led Die-casting Aluminum Empty Cabinet Outdoor | RAPIDPRECISE\",\"isPartOf\":{\"@id\":\"https:\\\/\\\/rapidprecise.com\\\/fr\\\/#website\"},\"primaryImageOfPage\":{\"@id\":\"https:\\\/\\\/rapidprecise.com\\\/fr\\\/product\\\/led-light-power-heatsink-copper-8-heat-tubes-heat-sink-silver-aluminum-round-ip65-led-die-casting-aluminum-empty-cabinet-outdoor\\\/#primaryimage\"},\"image\":{\"@id\":\"https:\\\/\\\/rapidprecise.com\\\/fr\\\/product\\\/led-light-power-heatsink-copper-8-heat-tubes-heat-sink-silver-aluminum-round-ip65-led-die-casting-aluminum-empty-cabinet-outdoor\\\/#primaryimage\"},\"thumbnailUrl\":\"https:\\\/\\\/rapidprecise.com\\\/wp-content\\\/uploads\\\/2024\\\/12\\\/kf-S720820dc1a3d4b1a92ddebfb77b3fe128.webp\",\"datePublished\":\"2024-12-25T14:30:22+00:00\",\"dateModified\":\"2024-12-26T15:09:39+00:00\",\"description\":\"Professional CNC machining factory provide LED Light Power Heatsink Copper 8 Heat Tubes Heat Sink Silver Aluminum Round IP65 Led Die-casting Aluminum Empty Cabinet Outdoor\",\"breadcrumb\":{\"@id\":\"https:\\\/\\\/rapidprecise.com\\\/fr\\\/product\\\/led-light-power-heatsink-copper-8-heat-tubes-heat-sink-silver-aluminum-round-ip65-led-die-casting-aluminum-empty-cabinet-outdoor\\\/#breadcrumb\"},\"inLanguage\":\"fr-FR\",\"potentialAction\":[{\"@type\":\"ReadAction\",\"target\":[\"https:\\\/\\\/rapidprecise.com\\\/fr\\\/product\\\/led-light-power-heatsink-copper-8-heat-tubes-heat-sink-silver-aluminum-round-ip65-led-die-casting-aluminum-empty-cabinet-outdoor\\\/\"]}]},{\"@type\":\"ImageObject\",\"inLanguage\":\"fr-FR\",\"@id\":\"https:\\\/\\\/rapidprecise.com\\\/fr\\\/product\\\/led-light-power-heatsink-copper-8-heat-tubes-heat-sink-silver-aluminum-round-ip65-led-die-casting-aluminum-empty-cabinet-outdoor\\\/#primaryimage\",\"url\":\"https:\\\/\\\/rapidprecise.com\\\/wp-content\\\/uploads\\\/2024\\\/12\\\/kf-S720820dc1a3d4b1a92ddebfb77b3fe128.webp\",\"contentUrl\":\"https:\\\/\\\/rapidprecise.com\\\/wp-content\\\/uploads\\\/2024\\\/12\\\/kf-S720820dc1a3d4b1a92ddebfb77b3fe128.webp\",\"width\":800,\"height\":800},{\"@type\":\"BreadcrumbList\",\"@id\":\"https:\\\/\\\/rapidprecise.com\\\/fr\\\/product\\\/led-light-power-heatsink-copper-8-heat-tubes-heat-sink-silver-aluminum-round-ip65-led-die-casting-aluminum-empty-cabinet-outdoor\\\/#breadcrumb\",\"itemListElement\":[{\"@type\":\"ListItem\",\"position\":1,\"name\":\"Home\",\"item\":\"https:\\\/\\\/rapidprecise.com\\\/\"},{\"@type\":\"ListItem\",\"position\":2,\"name\":\"Shop\",\"item\":\"https:\\\/\\\/rapidprecise.com\\\/shop\\\/\"},{\"@type\":\"ListItem\",\"position\":3,\"name\":\"LED Light Power Heatsink Copper 8 Heat Tubes Heat Sink Silver Aluminum Round IP65 Led Die-casting Aluminum Empty Cabinet Outdoor\"}]},{\"@type\":\"WebSite\",\"@id\":\"https:\\\/\\\/rapidprecise.com\\\/fr\\\/#website\",\"url\":\"https:\\\/\\\/rapidprecise.com\\\/fr\\\/\",\"name\":\"rapidprecise.com\",\"description\":\"\",\"publisher\":{\"@id\":\"https:\\\/\\\/rapidprecise.com\\\/fr\\\/#organization\"},\"potentialAction\":[{\"@type\":\"SearchAction\",\"target\":{\"@type\":\"EntryPoint\",\"urlTemplate\":\"https:\\\/\\\/rapidprecise.com\\\/fr\\\/?s={search_term_string}\"},\"query-input\":{\"@type\":\"PropertyValueSpecification\",\"valueRequired\":true,\"valueName\":\"search_term_string\"}}],\"inLanguage\":\"fr-FR\"},{\"@type\":\"Organization\",\"@id\":\"https:\\\/\\\/rapidprecise.com\\\/fr\\\/#organization\",\"name\":\"rapidprecise.com\",\"url\":\"https:\\\/\\\/rapidprecise.com\\\/fr\\\/\",\"logo\":{\"@type\":\"ImageObject\",\"inLanguage\":\"fr-FR\",\"@id\":\"https:\\\/\\\/rapidprecise.com\\\/fr\\\/#\\\/schema\\\/logo\\\/image\\\/\",\"url\":\"https:\\\/\\\/rapidprecise.com\\\/wp-content\\\/uploads\\\/2024\\\/12\\\/rapidprecise.png\",\"contentUrl\":\"https:\\\/\\\/rapidprecise.com\\\/wp-content\\\/uploads\\\/2024\\\/12\\\/rapidprecise.png\",\"width\":279,\"height\":58,\"caption\":\"rapidprecise.com\"},\"image\":{\"@id\":\"https:\\\/\\\/rapidprecise.com\\\/fr\\\/#\\\/schema\\\/logo\\\/image\\\/\"}}]}<\/script>\n<!-- \/ Yoast SEO plugin. -->","yoast_head_json":{"title":"LED Light Power Heatsink Copper 8 Heat Tubes Heat Sink Silver Aluminum Round IP65 Led Die-casting Aluminum Empty Cabinet Outdoor | RAPIDPRECISE","description":"Professional CNC machining factory provide LED Light Power Heatsink Copper 8 Heat Tubes Heat Sink Silver Aluminum Round IP65 Led Die-casting Aluminum Empty Cabinet Outdoor","robots":{"index":"index","follow":"follow","max-snippet":"max-snippet:-1","max-image-preview":"max-image-preview:large","max-video-preview":"max-video-preview:-1"},"canonical":"https:\/\/rapidprecise.com\/fr\/product\/led-light-power-heatsink-copper-8-heat-tubes-heat-sink-silver-aluminum-round-ip65-led-die-casting-aluminum-empty-cabinet-outdoor\/","og_locale":"fr_FR","og_type":"article","og_title":"LED Light Power Heatsink Copper 8 Heat Tubes Heat Sink Silver Aluminum Round IP65 Led Die-casting Aluminum Empty Cabinet Outdoor | RAPIDPRECISE","og_description":"Professional CNC machining factory provide LED Light Power Heatsink Copper 8 Heat Tubes Heat Sink Silver Aluminum Round IP65 Led Die-casting Aluminum Empty Cabinet Outdoor","og_url":"https:\/\/rapidprecise.com\/fr\/product\/led-light-power-heatsink-copper-8-heat-tubes-heat-sink-silver-aluminum-round-ip65-led-die-casting-aluminum-empty-cabinet-outdoor\/","og_site_name":"RAPIDPRECISE","article_modified_time":"2024-12-26T15:09:39+00:00","og_image":[{"width":800,"height":800,"url":"https:\/\/rapidprecise.com\/wp-content\/uploads\/2024\/12\/kf-S720820dc1a3d4b1a92ddebfb77b3fe128.webp","type":"image\/webp"}],"twitter_card":"summary_large_image","twitter_misc":{"Dur\u00e9e de lecture estim\u00e9e":"1 minute"},"schema":{"@context":"https:\/\/schema.org","@graph":[{"@type":"WebPage","@id":"https:\/\/rapidprecise.com\/fr\/product\/led-light-power-heatsink-copper-8-heat-tubes-heat-sink-silver-aluminum-round-ip65-led-die-casting-aluminum-empty-cabinet-outdoor\/","url":"https:\/\/rapidprecise.com\/fr\/product\/led-light-power-heatsink-copper-8-heat-tubes-heat-sink-silver-aluminum-round-ip65-led-die-casting-aluminum-empty-cabinet-outdoor\/","name":"LED Light Power Heatsink Copper 8 Heat Tubes Heat Sink Silver Aluminum Round IP65 Led Die-casting Aluminum Empty Cabinet Outdoor | RAPIDPRECISE","isPartOf":{"@id":"https:\/\/rapidprecise.com\/fr\/#website"},"primaryImageOfPage":{"@id":"https:\/\/rapidprecise.com\/fr\/product\/led-light-power-heatsink-copper-8-heat-tubes-heat-sink-silver-aluminum-round-ip65-led-die-casting-aluminum-empty-cabinet-outdoor\/#primaryimage"},"image":{"@id":"https:\/\/rapidprecise.com\/fr\/product\/led-light-power-heatsink-copper-8-heat-tubes-heat-sink-silver-aluminum-round-ip65-led-die-casting-aluminum-empty-cabinet-outdoor\/#primaryimage"},"thumbnailUrl":"https:\/\/rapidprecise.com\/wp-content\/uploads\/2024\/12\/kf-S720820dc1a3d4b1a92ddebfb77b3fe128.webp","datePublished":"2024-12-25T14:30:22+00:00","dateModified":"2024-12-26T15:09:39+00:00","description":"Professional CNC machining factory provide LED Light Power Heatsink Copper 8 Heat Tubes Heat Sink Silver Aluminum Round IP65 Led Die-casting Aluminum Empty Cabinet Outdoor","breadcrumb":{"@id":"https:\/\/rapidprecise.com\/fr\/product\/led-light-power-heatsink-copper-8-heat-tubes-heat-sink-silver-aluminum-round-ip65-led-die-casting-aluminum-empty-cabinet-outdoor\/#breadcrumb"},"inLanguage":"fr-FR","potentialAction":[{"@type":"ReadAction","target":["https:\/\/rapidprecise.com\/fr\/product\/led-light-power-heatsink-copper-8-heat-tubes-heat-sink-silver-aluminum-round-ip65-led-die-casting-aluminum-empty-cabinet-outdoor\/"]}]},{"@type":"ImageObject","inLanguage":"fr-FR","@id":"https:\/\/rapidprecise.com\/fr\/product\/led-light-power-heatsink-copper-8-heat-tubes-heat-sink-silver-aluminum-round-ip65-led-die-casting-aluminum-empty-cabinet-outdoor\/#primaryimage","url":"https:\/\/rapidprecise.com\/wp-content\/uploads\/2024\/12\/kf-S720820dc1a3d4b1a92ddebfb77b3fe128.webp","contentUrl":"https:\/\/rapidprecise.com\/wp-content\/uploads\/2024\/12\/kf-S720820dc1a3d4b1a92ddebfb77b3fe128.webp","width":800,"height":800},{"@type":"BreadcrumbList","@id":"https:\/\/rapidprecise.com\/fr\/product\/led-light-power-heatsink-copper-8-heat-tubes-heat-sink-silver-aluminum-round-ip65-led-die-casting-aluminum-empty-cabinet-outdoor\/#breadcrumb","itemListElement":[{"@type":"ListItem","position":1,"name":"Home","item":"https:\/\/rapidprecise.com\/"},{"@type":"ListItem","position":2,"name":"Shop","item":"https:\/\/rapidprecise.com\/shop\/"},{"@type":"ListItem","position":3,"name":"LED Light Power Heatsink Copper 8 Heat Tubes Heat Sink Silver Aluminum Round IP65 Led Die-casting Aluminum Empty Cabinet Outdoor"}]},{"@type":"WebSite","@id":"https:\/\/rapidprecise.com\/fr\/#website","url":"https:\/\/rapidprecise.com\/fr\/","name":"rapidprecise.com","description":"","publisher":{"@id":"https:\/\/rapidprecise.com\/fr\/#organization"},"potentialAction":[{"@type":"SearchAction","target":{"@type":"EntryPoint","urlTemplate":"https:\/\/rapidprecise.com\/fr\/?s={search_term_string}"},"query-input":{"@type":"PropertyValueSpecification","valueRequired":true,"valueName":"search_term_string"}}],"inLanguage":"fr-FR"},{"@type":"Organization","@id":"https:\/\/rapidprecise.com\/fr\/#organization","name":"rapidprecise.com","url":"https:\/\/rapidprecise.com\/fr\/","logo":{"@type":"ImageObject","inLanguage":"fr-FR","@id":"https:\/\/rapidprecise.com\/fr\/#\/schema\/logo\/image\/","url":"https:\/\/rapidprecise.com\/wp-content\/uploads\/2024\/12\/rapidprecise.png","contentUrl":"https:\/\/rapidprecise.com\/wp-content\/uploads\/2024\/12\/rapidprecise.png","width":279,"height":58,"caption":"rapidprecise.com"},"image":{"@id":"https:\/\/rapidprecise.com\/fr\/#\/schema\/logo\/image\/"}}]}},"_links":{"self":[{"href":"https:\/\/rapidprecise.com\/fr\/wp-json\/wp\/v2\/product\/513","targetHints":{"allow":["GET"]}}],"collection":[{"href":"https:\/\/rapidprecise.com\/fr\/wp-json\/wp\/v2\/product"}],"about":[{"href":"https:\/\/rapidprecise.com\/fr\/wp-json\/wp\/v2\/types\/product"}],"replies":[{"embeddable":true,"href":"https:\/\/rapidprecise.com\/fr\/wp-json\/wp\/v2\/comments?post=513"}],"wp:featuredmedia":[{"embeddable":true,"href":"https:\/\/rapidprecise.com\/fr\/wp-json\/wp\/v2\/media\/514"}],"wp:attachment":[{"href":"https:\/\/rapidprecise.com\/fr\/wp-json\/wp\/v2\/media?parent=513"}],"wp:term":[{"taxonomy":"product_brand","embeddable":true,"href":"https:\/\/rapidprecise.com\/fr\/wp-json\/wp\/v2\/product_brand?post=513"},{"taxonomy":"product_cat","embeddable":true,"href":"https:\/\/rapidprecise.com\/fr\/wp-json\/wp\/v2\/product_cat?post=513"},{"taxonomy":"product_tag","embeddable":true,"href":"https:\/\/rapidprecise.com\/fr\/wp-json\/wp\/v2\/product_tag?post=513"}],"curies":[{"name":"wp","href":"https:\/\/api.w.org\/{rel}","templated":true}]}}