{"id":523,"date":"2024-12-25T14:30:29","date_gmt":"2024-12-25T14:30:29","guid":{"rendered":"https:\/\/rapidprecise.com\/product\/aokin-3d-printer-aluminum-motor-heatsink-extruded-heat-dissipation-electronic-heat-sink-for-nema17-42-stepper-motor-ender-3\/"},"modified":"2024-12-26T15:09:39","modified_gmt":"2024-12-26T15:09:39","slug":"aokin-3d-printer-aluminum-motor-heatsink-extruded-heat-dissipation-electronic-heat-sink-for-nema17-42-stepper-motor-ender-3","status":"publish","type":"product","link":"https:\/\/rapidprecise.com\/fr\/product\/aokin-3d-printer-aluminum-motor-heatsink-extruded-heat-dissipation-electronic-heat-sink-for-nema17-42-stepper-motor-ender-3\/","title":{"rendered":"Aokin 3D Printer Aluminium Dissipateur de Chaleur pour Moteur, Dissipateur de Chaleur Extrud\u00e9 pour \u00e9lectronique, pour Nema17 42, Moteur Pas \u00e0 Pas Ender 3"},"content":{"rendered":"<div class=\"detailmodule_html\">\n<div class=\"detail-desc-decorate-richtext\">\n<div class=\"detailmodule_html\">\n<div class=\"detail-desc-decorate-richtext\">\n<h1 style=\"font-family: arial, helvetica, sans-serif; font-size: 13px; font-weight: 400; line-height: inherit; text-align: left; margin: 0px;\" align=\"left\"><span style=\"font-size: 16px; font-family: arial, helvetica, sans-serif;\"><strong>Description\uff1a<\/strong><\/span><\/h1>\n<h1 style=\"font-family: arial, helvetica, sans-serif; font-size: 13px; font-weight: 400; line-height: inherit; text-align: left; margin: 0px;\" align=\"left\"><span style=\"font-size: 16px; font-family: arial, helvetica, sans-serif;\">Taille du dissipateur thermique : 40*40*11,3 mm<\/span><\/h1>\n<h1 style=\"font-family: arial, helvetica, sans-serif; font-size: 13px; font-weight: 400; line-height: inherit; text-align: left; margin: 0px;\" align=\"left\"><span style=\"font-size: 16px; font-family: arial, helvetica, sans-serif;\">Mat\u00e9riel : Acier Caoutchouc<\/span><\/h1>\n<h1 style=\"font-family: arial, helvetica, sans-serif; font-size: 13px; font-weight: 400; line-height: inherit; text-align: left; margin: 0px;\" align=\"left\"><span style=\"font-size: 16px; font-family: arial, helvetica, sans-serif;\">Convient pour : Moteur pas \u00e0 pas Nema17<\/span><\/h1>\n<h1 style=\"font-family: arial, helvetica, sans-serif; font-size: 13px; font-weight: 400; line-height: inherit; text-align: left; margin: 0px;\" align=\"left\"><span style=\"font-size: 16px; font-family: arial, helvetica, sans-serif;\">Pour : Imprimante 3D, Machine CNC<\/span><\/h1>\n<div><\/div>\n<p style=\"font-family: arial, helvetica, sans-serif; font-size: 13px; line-height: inherit; text-align: left; margin: 0px;\" align=\"left\"><strong><span style=\"font-size: 16px; font-family: arial, helvetica, sans-serif;\">Fonctionnalit\u00e9 :<\/span><\/strong><\/p>\n<p style=\"text-align: left;\" align=\"left\"><span style=\"font-size: 16px; font-family: arial, helvetica, sans-serif;\">Ces amortisseurs de vibration conviennent aux imprimantes 3D et autres machines \u00e9quip\u00e9es de moteurs pas \u00e0 pas NEMA17.<\/span><\/p>\n<p style=\"text-align: left;\" align=\"left\"><span style=\"font-size: 16px; font-family: arial, helvetica, sans-serif;\">Les amortisseurs pour moteur pas \u00e0 pas Nema17 sont utilis\u00e9s pour r\u00e9duire le bruit et la r\u00e9sonance dans votre CNC et votre imprimante 3D, \u00e9liminant ainsi les vibrations et am\u00e9liorant efficacement la qualit\u00e9 de l'impression 3D.<\/span><\/p>\n<p style=\"text-align: left;\" align=\"left\"><span style=\"font-size: 16px; font-family: arial, helvetica, sans-serif;\">1 Amortisseur utilis\u00e9 par pas \u00e0 pas ou moteur \u00e9lectrique.<\/span><\/p>\n<p style=\"text-align: left;\" align=\"left\"><span style=\"font-size: 16px; font-family: arial, helvetica, sans-serif;\">Les imprimantes 3D constatent une r\u00e9duction de 5 \u00e0 10 dB du bruit lorsqu'elles sont utilis\u00e9es sur les moteurs des axes X et Y avec les vapeurs de vibration pour nema 17.<\/span><\/p>\n<p style=\"text-align: left;\" align=\"left\"><span style=\"font-size: 16px; font-family: arial, helvetica, sans-serif;\">Fonctionne sur des machines de fabrication additive de style Cartesian et Delta telles que la CR-10. Associez-les \u00e0 un bon filament pour obtenir les meilleurs r\u00e9sultats avec votre imprimante 3D et \u00e9liminer les vibrations et le bruit.<\/span><\/p>\n<\/div>\n<\/div>\n<\/div>\n<\/div>\n<p>&nbsp;<\/p>","protected":false},"excerpt":{"rendered":"<p>Description\uff1a Heat Sink Size: 40*40*11.3MM Marerial: Steel Rubber Suitable For: Nema17 Stepper Motor For: 3D Printer, CNC Machine Feature: These vibration dampers are suitable for 3D printer and other machine adopted NEMA17 stepper motors. Nema17 Stepper Dampers are used to decrease noise and resonance in your CNC and3d Printer, eliminating vibration and effectively improving 3D [&hellip;]<\/p>","protected":false},"featured_media":524,"comment_status":"closed","ping_status":"closed","template":"","meta":[],"product_brand":[],"product_cat":[25,375],"product_tag":[],"class_list":{"0":"post-523","1":"product","2":"type-product","3":"status-publish","4":"has-post-thumbnail","6":"product_cat-aluminum-extrusion-parts","7":"product_cat-aluminum-heat-sink","9":"first","10":"instock","11":"shipping-taxable","12":"product-type-simple"},"yoast_head":"<!-- This site is optimized with the Yoast SEO plugin v27.4 - https:\/\/yoast.com\/product\/yoast-seo-wordpress\/ -->\n<title>Aokin 3D Printer Aluminum Motor Heatsink Extruded Heat Dissipation Electronic Heat Sink For Nema17 42 Stepper Motor Ender 3 | RAPIDPRECISE<\/title>\n<meta name=\"description\" content=\"Professional CNC machining factory provide Aokin 3D Printer Aluminum Motor Heatsink Extruded Heat Dissipation Electronic Heat Sink For Nema17 42 Stepper Motor Ender 3\" \/>\n<meta name=\"robots\" content=\"index, follow, max-snippet:-1, max-image-preview:large, max-video-preview:-1\" \/>\n<link rel=\"canonical\" href=\"https:\/\/rapidprecise.com\/fr\/product\/aokin-3d-printer-aluminum-motor-heatsink-extruded-heat-dissipation-electronic-heat-sink-for-nema17-42-stepper-motor-ender-3\/\" \/>\n<meta property=\"og:locale\" content=\"fr_FR\" \/>\n<meta property=\"og:type\" content=\"article\" \/>\n<meta property=\"og:title\" content=\"Aokin 3D Printer Aluminum Motor Heatsink Extruded Heat Dissipation Electronic Heat Sink For Nema17 42 Stepper Motor Ender 3 | RAPIDPRECISE\" \/>\n<meta property=\"og:description\" content=\"Professional CNC machining factory provide Aokin 3D Printer Aluminum Motor Heatsink Extruded Heat Dissipation Electronic Heat Sink For Nema17 42 Stepper Motor Ender 3\" \/>\n<meta property=\"og:url\" content=\"https:\/\/rapidprecise.com\/fr\/product\/aokin-3d-printer-aluminum-motor-heatsink-extruded-heat-dissipation-electronic-heat-sink-for-nema17-42-stepper-motor-ender-3\/\" \/>\n<meta property=\"og:site_name\" content=\"RAPIDPRECISE\" \/>\n<meta property=\"article:modified_time\" content=\"2024-12-26T15:09:39+00:00\" \/>\n<meta property=\"og:image\" content=\"https:\/\/rapidprecise.com\/wp-content\/uploads\/2024\/12\/kf-S934b3e98c0ba428da5a779296235bda6W.webp\" \/>\n\t<meta property=\"og:image:width\" content=\"1000\" \/>\n\t<meta property=\"og:image:height\" content=\"1000\" \/>\n\t<meta property=\"og:image:type\" content=\"image\/webp\" \/>\n<meta name=\"twitter:card\" content=\"summary_large_image\" \/>\n<meta name=\"twitter:label1\" content=\"Dur\u00e9e de lecture estim\u00e9e\" \/>\n\t<meta name=\"twitter:data1\" content=\"1 minute\" \/>\n<script type=\"application\/ld+json\" class=\"yoast-schema-graph\">{\"@context\":\"https:\\\/\\\/schema.org\",\"@graph\":[{\"@type\":\"WebPage\",\"@id\":\"https:\\\/\\\/rapidprecise.com\\\/fr\\\/product\\\/aokin-3d-printer-aluminum-motor-heatsink-extruded-heat-dissipation-electronic-heat-sink-for-nema17-42-stepper-motor-ender-3\\\/\",\"url\":\"https:\\\/\\\/rapidprecise.com\\\/fr\\\/product\\\/aokin-3d-printer-aluminum-motor-heatsink-extruded-heat-dissipation-electronic-heat-sink-for-nema17-42-stepper-motor-ender-3\\\/\",\"name\":\"Aokin 3D Printer Aluminum Motor Heatsink Extruded Heat Dissipation Electronic Heat Sink For Nema17 42 Stepper Motor Ender 3 | RAPIDPRECISE\",\"isPartOf\":{\"@id\":\"https:\\\/\\\/rapidprecise.com\\\/fr\\\/#website\"},\"primaryImageOfPage\":{\"@id\":\"https:\\\/\\\/rapidprecise.com\\\/fr\\\/product\\\/aokin-3d-printer-aluminum-motor-heatsink-extruded-heat-dissipation-electronic-heat-sink-for-nema17-42-stepper-motor-ender-3\\\/#primaryimage\"},\"image\":{\"@id\":\"https:\\\/\\\/rapidprecise.com\\\/fr\\\/product\\\/aokin-3d-printer-aluminum-motor-heatsink-extruded-heat-dissipation-electronic-heat-sink-for-nema17-42-stepper-motor-ender-3\\\/#primaryimage\"},\"thumbnailUrl\":\"https:\\\/\\\/rapidprecise.com\\\/wp-content\\\/uploads\\\/2024\\\/12\\\/kf-S934b3e98c0ba428da5a779296235bda6W.webp\",\"datePublished\":\"2024-12-25T14:30:29+00:00\",\"dateModified\":\"2024-12-26T15:09:39+00:00\",\"description\":\"Professional CNC machining factory provide Aokin 3D Printer Aluminum Motor Heatsink Extruded Heat Dissipation Electronic Heat Sink For Nema17 42 Stepper Motor Ender 3\",\"breadcrumb\":{\"@id\":\"https:\\\/\\\/rapidprecise.com\\\/fr\\\/product\\\/aokin-3d-printer-aluminum-motor-heatsink-extruded-heat-dissipation-electronic-heat-sink-for-nema17-42-stepper-motor-ender-3\\\/#breadcrumb\"},\"inLanguage\":\"fr-FR\",\"potentialAction\":[{\"@type\":\"ReadAction\",\"target\":[\"https:\\\/\\\/rapidprecise.com\\\/fr\\\/product\\\/aokin-3d-printer-aluminum-motor-heatsink-extruded-heat-dissipation-electronic-heat-sink-for-nema17-42-stepper-motor-ender-3\\\/\"]}]},{\"@type\":\"ImageObject\",\"inLanguage\":\"fr-FR\",\"@id\":\"https:\\\/\\\/rapidprecise.com\\\/fr\\\/product\\\/aokin-3d-printer-aluminum-motor-heatsink-extruded-heat-dissipation-electronic-heat-sink-for-nema17-42-stepper-motor-ender-3\\\/#primaryimage\",\"url\":\"https:\\\/\\\/rapidprecise.com\\\/wp-content\\\/uploads\\\/2024\\\/12\\\/kf-S934b3e98c0ba428da5a779296235bda6W.webp\",\"contentUrl\":\"https:\\\/\\\/rapidprecise.com\\\/wp-content\\\/uploads\\\/2024\\\/12\\\/kf-S934b3e98c0ba428da5a779296235bda6W.webp\",\"width\":1000,\"height\":1000},{\"@type\":\"BreadcrumbList\",\"@id\":\"https:\\\/\\\/rapidprecise.com\\\/fr\\\/product\\\/aokin-3d-printer-aluminum-motor-heatsink-extruded-heat-dissipation-electronic-heat-sink-for-nema17-42-stepper-motor-ender-3\\\/#breadcrumb\",\"itemListElement\":[{\"@type\":\"ListItem\",\"position\":1,\"name\":\"Home\",\"item\":\"https:\\\/\\\/rapidprecise.com\\\/\"},{\"@type\":\"ListItem\",\"position\":2,\"name\":\"Shop\",\"item\":\"https:\\\/\\\/rapidprecise.com\\\/shop\\\/\"},{\"@type\":\"ListItem\",\"position\":3,\"name\":\"Aokin 3D Printer Aluminum Motor Heatsink Extruded Heat Dissipation Electronic Heat Sink For Nema17 42 Stepper Motor Ender 3\"}]},{\"@type\":\"WebSite\",\"@id\":\"https:\\\/\\\/rapidprecise.com\\\/fr\\\/#website\",\"url\":\"https:\\\/\\\/rapidprecise.com\\\/fr\\\/\",\"name\":\"rapidprecise.com\",\"description\":\"\",\"publisher\":{\"@id\":\"https:\\\/\\\/rapidprecise.com\\\/fr\\\/#organization\"},\"potentialAction\":[{\"@type\":\"SearchAction\",\"target\":{\"@type\":\"EntryPoint\",\"urlTemplate\":\"https:\\\/\\\/rapidprecise.com\\\/fr\\\/?s={search_term_string}\"},\"query-input\":{\"@type\":\"PropertyValueSpecification\",\"valueRequired\":true,\"valueName\":\"search_term_string\"}}],\"inLanguage\":\"fr-FR\"},{\"@type\":\"Organization\",\"@id\":\"https:\\\/\\\/rapidprecise.com\\\/fr\\\/#organization\",\"name\":\"rapidprecise.com\",\"url\":\"https:\\\/\\\/rapidprecise.com\\\/fr\\\/\",\"logo\":{\"@type\":\"ImageObject\",\"inLanguage\":\"fr-FR\",\"@id\":\"https:\\\/\\\/rapidprecise.com\\\/fr\\\/#\\\/schema\\\/logo\\\/image\\\/\",\"url\":\"https:\\\/\\\/rapidprecise.com\\\/wp-content\\\/uploads\\\/2024\\\/12\\\/rapidprecise.png\",\"contentUrl\":\"https:\\\/\\\/rapidprecise.com\\\/wp-content\\\/uploads\\\/2024\\\/12\\\/rapidprecise.png\",\"width\":279,\"height\":58,\"caption\":\"rapidprecise.com\"},\"image\":{\"@id\":\"https:\\\/\\\/rapidprecise.com\\\/fr\\\/#\\\/schema\\\/logo\\\/image\\\/\"}}]}<\/script>\n<!-- \/ Yoast SEO plugin. -->","yoast_head_json":{"title":"Aokin 3D Printer Aluminum Motor Heatsink Extruded Heat Dissipation Electronic Heat Sink For Nema17 42 Stepper Motor Ender 3 | RAPIDPRECISE","description":"Professional CNC machining factory provide Aokin 3D Printer Aluminum Motor Heatsink Extruded Heat Dissipation Electronic Heat Sink For Nema17 42 Stepper Motor Ender 3","robots":{"index":"index","follow":"follow","max-snippet":"max-snippet:-1","max-image-preview":"max-image-preview:large","max-video-preview":"max-video-preview:-1"},"canonical":"https:\/\/rapidprecise.com\/fr\/product\/aokin-3d-printer-aluminum-motor-heatsink-extruded-heat-dissipation-electronic-heat-sink-for-nema17-42-stepper-motor-ender-3\/","og_locale":"fr_FR","og_type":"article","og_title":"Aokin 3D Printer Aluminum Motor Heatsink Extruded Heat Dissipation Electronic Heat Sink For Nema17 42 Stepper Motor Ender 3 | RAPIDPRECISE","og_description":"Professional CNC machining factory provide Aokin 3D Printer Aluminum Motor Heatsink Extruded Heat Dissipation Electronic Heat Sink For Nema17 42 Stepper Motor Ender 3","og_url":"https:\/\/rapidprecise.com\/fr\/product\/aokin-3d-printer-aluminum-motor-heatsink-extruded-heat-dissipation-electronic-heat-sink-for-nema17-42-stepper-motor-ender-3\/","og_site_name":"RAPIDPRECISE","article_modified_time":"2024-12-26T15:09:39+00:00","og_image":[{"width":1000,"height":1000,"url":"https:\/\/rapidprecise.com\/wp-content\/uploads\/2024\/12\/kf-S934b3e98c0ba428da5a779296235bda6W.webp","type":"image\/webp"}],"twitter_card":"summary_large_image","twitter_misc":{"Dur\u00e9e de lecture estim\u00e9e":"1 minute"},"schema":{"@context":"https:\/\/schema.org","@graph":[{"@type":"WebPage","@id":"https:\/\/rapidprecise.com\/fr\/product\/aokin-3d-printer-aluminum-motor-heatsink-extruded-heat-dissipation-electronic-heat-sink-for-nema17-42-stepper-motor-ender-3\/","url":"https:\/\/rapidprecise.com\/fr\/product\/aokin-3d-printer-aluminum-motor-heatsink-extruded-heat-dissipation-electronic-heat-sink-for-nema17-42-stepper-motor-ender-3\/","name":"Aokin 3D Printer Aluminum Motor Heatsink Extruded Heat Dissipation Electronic Heat Sink For Nema17 42 Stepper Motor Ender 3 | RAPIDPRECISE","isPartOf":{"@id":"https:\/\/rapidprecise.com\/fr\/#website"},"primaryImageOfPage":{"@id":"https:\/\/rapidprecise.com\/fr\/product\/aokin-3d-printer-aluminum-motor-heatsink-extruded-heat-dissipation-electronic-heat-sink-for-nema17-42-stepper-motor-ender-3\/#primaryimage"},"image":{"@id":"https:\/\/rapidprecise.com\/fr\/product\/aokin-3d-printer-aluminum-motor-heatsink-extruded-heat-dissipation-electronic-heat-sink-for-nema17-42-stepper-motor-ender-3\/#primaryimage"},"thumbnailUrl":"https:\/\/rapidprecise.com\/wp-content\/uploads\/2024\/12\/kf-S934b3e98c0ba428da5a779296235bda6W.webp","datePublished":"2024-12-25T14:30:29+00:00","dateModified":"2024-12-26T15:09:39+00:00","description":"Professional CNC machining factory provide Aokin 3D Printer Aluminum Motor Heatsink Extruded Heat Dissipation Electronic Heat Sink For Nema17 42 Stepper Motor Ender 3","breadcrumb":{"@id":"https:\/\/rapidprecise.com\/fr\/product\/aokin-3d-printer-aluminum-motor-heatsink-extruded-heat-dissipation-electronic-heat-sink-for-nema17-42-stepper-motor-ender-3\/#breadcrumb"},"inLanguage":"fr-FR","potentialAction":[{"@type":"ReadAction","target":["https:\/\/rapidprecise.com\/fr\/product\/aokin-3d-printer-aluminum-motor-heatsink-extruded-heat-dissipation-electronic-heat-sink-for-nema17-42-stepper-motor-ender-3\/"]}]},{"@type":"ImageObject","inLanguage":"fr-FR","@id":"https:\/\/rapidprecise.com\/fr\/product\/aokin-3d-printer-aluminum-motor-heatsink-extruded-heat-dissipation-electronic-heat-sink-for-nema17-42-stepper-motor-ender-3\/#primaryimage","url":"https:\/\/rapidprecise.com\/wp-content\/uploads\/2024\/12\/kf-S934b3e98c0ba428da5a779296235bda6W.webp","contentUrl":"https:\/\/rapidprecise.com\/wp-content\/uploads\/2024\/12\/kf-S934b3e98c0ba428da5a779296235bda6W.webp","width":1000,"height":1000},{"@type":"BreadcrumbList","@id":"https:\/\/rapidprecise.com\/fr\/product\/aokin-3d-printer-aluminum-motor-heatsink-extruded-heat-dissipation-electronic-heat-sink-for-nema17-42-stepper-motor-ender-3\/#breadcrumb","itemListElement":[{"@type":"ListItem","position":1,"name":"Home","item":"https:\/\/rapidprecise.com\/"},{"@type":"ListItem","position":2,"name":"Shop","item":"https:\/\/rapidprecise.com\/shop\/"},{"@type":"ListItem","position":3,"name":"Aokin 3D Printer Aluminum Motor Heatsink Extruded Heat Dissipation Electronic Heat Sink For Nema17 42 Stepper Motor Ender 3"}]},{"@type":"WebSite","@id":"https:\/\/rapidprecise.com\/fr\/#website","url":"https:\/\/rapidprecise.com\/fr\/","name":"rapidprecise.com","description":"","publisher":{"@id":"https:\/\/rapidprecise.com\/fr\/#organization"},"potentialAction":[{"@type":"SearchAction","target":{"@type":"EntryPoint","urlTemplate":"https:\/\/rapidprecise.com\/fr\/?s={search_term_string}"},"query-input":{"@type":"PropertyValueSpecification","valueRequired":true,"valueName":"search_term_string"}}],"inLanguage":"fr-FR"},{"@type":"Organization","@id":"https:\/\/rapidprecise.com\/fr\/#organization","name":"rapidprecise.com","url":"https:\/\/rapidprecise.com\/fr\/","logo":{"@type":"ImageObject","inLanguage":"fr-FR","@id":"https:\/\/rapidprecise.com\/fr\/#\/schema\/logo\/image\/","url":"https:\/\/rapidprecise.com\/wp-content\/uploads\/2024\/12\/rapidprecise.png","contentUrl":"https:\/\/rapidprecise.com\/wp-content\/uploads\/2024\/12\/rapidprecise.png","width":279,"height":58,"caption":"rapidprecise.com"},"image":{"@id":"https:\/\/rapidprecise.com\/fr\/#\/schema\/logo\/image\/"}}]}},"_links":{"self":[{"href":"https:\/\/rapidprecise.com\/fr\/wp-json\/wp\/v2\/product\/523","targetHints":{"allow":["GET"]}}],"collection":[{"href":"https:\/\/rapidprecise.com\/fr\/wp-json\/wp\/v2\/product"}],"about":[{"href":"https:\/\/rapidprecise.com\/fr\/wp-json\/wp\/v2\/types\/product"}],"replies":[{"embeddable":true,"href":"https:\/\/rapidprecise.com\/fr\/wp-json\/wp\/v2\/comments?post=523"}],"wp:featuredmedia":[{"embeddable":true,"href":"https:\/\/rapidprecise.com\/fr\/wp-json\/wp\/v2\/media\/524"}],"wp:attachment":[{"href":"https:\/\/rapidprecise.com\/fr\/wp-json\/wp\/v2\/media?parent=523"}],"wp:term":[{"taxonomy":"product_brand","embeddable":true,"href":"https:\/\/rapidprecise.com\/fr\/wp-json\/wp\/v2\/product_brand?post=523"},{"taxonomy":"product_cat","embeddable":true,"href":"https:\/\/rapidprecise.com\/fr\/wp-json\/wp\/v2\/product_cat?post=523"},{"taxonomy":"product_tag","embeddable":true,"href":"https:\/\/rapidprecise.com\/fr\/wp-json\/wp\/v2\/product_tag?post=523"}],"curies":[{"name":"wp","href":"https:\/\/api.w.org\/{rel}","templated":true}]}}