{"id":564,"date":"2024-12-25T14:30:47","date_gmt":"2024-12-25T14:30:47","guid":{"rendered":"https:\/\/rapidprecise.com\/product\/link-cnc-aluminum-alloy-coupling-d14-l25-3d-printers-parts-blue-flexible-shaft-coupler-screw-part-for-stepper-motor-accessories\/"},"modified":"2024-12-26T15:09:38","modified_gmt":"2024-12-26T15:09:38","slug":"link-cnc-aluminum-alloy-coupling-d14-l25-3d-printers-parts-blue-flexible-shaft-coupler-screw-part-for-stepper-motor-accessories","status":"publish","type":"product","link":"https:\/\/rapidprecise.com\/fr\/product\/link-cnc-aluminum-alloy-coupling-d14-l25-3d-printers-parts-blue-flexible-shaft-coupler-screw-part-for-stepper-motor-accessories\/","title":{"rendered":"Couplage en alliage d'aluminium CNC D14 L25 Pi\u00e8ces pour imprimantes 3D Coupleur flexible bleu Pi\u00e8ce \u00e0 vis pour accessoires de moteur pas \u00e0 pas"},"content":{"rendered":"<p>Am\u00e9liorez les performances de votre imprimante 3D avec le coupleur en alliage d'aluminium CNC D14 L25. Ce coupleur d'arbre flexible bleu, polyvalent et durable, est con\u00e7u pour connecter sans effort des moteurs pas \u00e0 pas et d'autres composants de mouvement, garantissant un fonctionnement fluide et r\u00e9duisant les vibrations.<\/p>\n<h4>Caract\u00e9ristiques principales :<\/h4>\n<ol>\n<li>Mat\u00e9riau de haute qualit\u00e9:\n<ul>\n<li>Fabriqu\u00e9 en alliage d'aluminium durable pour une performance l\u00e9g\u00e8re et \u00e0 haute r\u00e9sistance.<\/li>\n<li>R\u00e9sistant \u00e0 l'usure et \u00e0 la corrosion, garantissant une utilisation durable.<\/li>\n<\/ul>\n<\/li>\n<li>Conception de pr\u00e9cision:\n<ul>\n<li>Diam\u00e8tre : 14 mm<\/li>\n<li>Longueur : 25 mm<\/li>\n<li>Dimensions pr\u00e9cises pour un couplage stable et fiable.<\/li>\n<\/ul>\n<\/li>\n<li>Compatibilit\u00e9 flexible:\n<ul>\n<li>Tailles de trous (d1 \u00d7 d2) : Plusieurs configurations disponibles pour s'adapter \u00e0 divers am\u00e9nagements :\n<ul>\n<li>3\u00d75, 3\u00d76, 3\u00d78, 4\u00d74, 4\u00d75, 4\u00d76, 4\u00d77, 4\u00d78, 5\u00d75, 5\u00d76, 5\u00d76.35, 5\u00d77, 5\u00d78, 6\u00d76, 6\u00d76.35, 6\u00d77, 6\u00d78, 6.35\u00d76.35, 6.35\u00d78, 7\u00d78, 8\u00d78.<\/li>\n<\/ul>\n<\/li>\n<li>Con\u00e7u pour les moteurs pas \u00e0 pas et autres composants rotatifs.<\/li>\n<\/ul>\n<\/li>\n<li>Facilit\u00e9 d'installation :\n<ul>\n<li>\u00c9quip\u00e9 d'un trou de vis de 4 mm de diam\u00e8tre pour une fixation s\u00e9curis\u00e9e.<\/li>\n<li>Facile \u00e0 installer et \u00e0 ajuster, permettant de gagner du temps et des efforts.<\/li>\n<\/ul>\n<\/li>\n<li>R\u00e9duction des vibrations:\n<ul>\n<li>La conception de l'arbre flexible absorbe les vibrations et les d\u00e9salignements, garantissant une transmission de mouvement fluide et r\u00e9duisant l'usure des pi\u00e8ces connect\u00e9es.<\/li>\n<\/ul>\n<\/li>\n<li>Design Attrayant:\n<ul>\n<li>Fini avec un rev\u00eatement anodis\u00e9 bleu \u00e9l\u00e9gant, apportant une touche d'esth\u00e9tique \u00e0 votre configuration.<\/li>\n<\/ul>\n<\/li>\n<\/ol>\n<h4>Sp\u00e9cifications:<\/h4>\n<table>\n<thead>\n<tr>\n<th>Fonctionnalit\u00e9<\/th>\n<th>D\u00e9tails<\/th>\n<\/tr>\n<\/thead>\n<tbody>\n<tr>\n<td>Mat\u00e9riau<\/td>\n<td>Alliage d'aluminium<\/td>\n<\/tr>\n<tr>\n<td>Type<\/td>\n<td>Coupleur Bleu<\/td>\n<\/tr>\n<tr>\n<td>Diam\u00e8tre (Ext\u00e9rieur)<\/td>\n<td>14 mm<\/td>\n<\/tr>\n<tr>\n<td>Longueur<\/td>\n<td>25 mm<\/td>\n<\/tr>\n<tr>\n<td>Tailles de trou (d1 \u00d7 d2)<\/td>\n<td>Voir la liste pour les configurations<\/td>\n<\/tr>\n<tr>\n<td>Diam\u00e8tre du trou de vis<\/td>\n<td>4 mm<\/td>\n<\/tr>\n<\/tbody>\n<\/table>\n<h4>Applications:<\/h4>\n<ul>\n<li>Imprimantes 3D : Connectez les moteurs pas \u00e0 pas et les vis de avance avec pr\u00e9cision.<\/li>\n<li>Machines CNC : Adapt\u00e9es aux applications de haute pr\u00e9cision.<\/li>\n<li>Robotique et automatisation : Id\u00e9al pour l'accouplement d'arbres dans les syst\u00e8mes motoris\u00e9s.<\/li>\n<\/ul>\n<p>Que vous am\u00e9lioriez votre imprimante 3D ou que vous assembliez une machine CNC, ce coupleur \u00e0 arbre flexible en alliage d'aluminium CNC offre le parfait \u00e9quilibre entre flexibilit\u00e9, durabilit\u00e9 et pr\u00e9cision. Choisissez la taille de l'al\u00e9sage souhait\u00e9e et assurez une transmission de mouvement fluide. Contactez-nous d\u00e8s aujourd'hui pour commander !<\/p>","protected":false},"excerpt":{"rendered":"<p>Enhance your 3D printer&#8217;s performance with the CNC Aluminum Alloy Coupling D14 L25. This versatile and durable blue flexible shaft coupler is designed to connect stepper motors and other motion components seamlessly, ensuring smooth operation and reducing vibration. Key Features: High-Quality Material: Made from durable aluminum alloy for lightweight, high-strength performance. Resistant to wear and [&hellip;]<\/p>","protected":false},"featured_media":566,"comment_status":"closed","ping_status":"closed","template":"","meta":[],"product_brand":[],"product_cat":[24],"product_tag":[],"class_list":{"0":"post-564","1":"product","2":"type-product","3":"status-publish","4":"has-post-thumbnail","6":"product_cat-aluminum-milling-parts","8":"first","9":"instock","10":"shipping-taxable","11":"product-type-simple"},"yoast_head":"<!-- This site is optimized with the Yoast SEO plugin v27.4 - https:\/\/yoast.com\/product\/yoast-seo-wordpress\/ -->\n<title>CNC Aluminum Alloy Coupling D14 L25 3D Printers Parts Blue Flexible Shaft Coupler Screw Part For Stepper Motor Accessories | RAPIDPRECISE<\/title>\n<meta name=\"description\" content=\"Professional CNC machining factory provide CNC Aluminum Alloy Coupling D14 L25 3D Printers Parts Blue Flexible Shaft Coupler Screw Part For Stepper Motor Accessories\" \/>\n<meta name=\"robots\" content=\"index, follow, max-snippet:-1, max-image-preview:large, max-video-preview:-1\" \/>\n<link rel=\"canonical\" href=\"https:\/\/rapidprecise.com\/fr\/product\/link-cnc-aluminum-alloy-coupling-d14-l25-3d-printers-parts-blue-flexible-shaft-coupler-screw-part-for-stepper-motor-accessories\/\" \/>\n<meta property=\"og:locale\" content=\"fr_FR\" \/>\n<meta property=\"og:type\" content=\"article\" \/>\n<meta property=\"og:title\" content=\"CNC Aluminum Alloy Coupling D14 L25 3D Printers Parts Blue Flexible Shaft Coupler Screw Part For Stepper Motor Accessories | RAPIDPRECISE\" \/>\n<meta property=\"og:description\" content=\"Professional CNC machining factory provide CNC Aluminum Alloy Coupling D14 L25 3D Printers Parts Blue Flexible Shaft Coupler Screw Part For Stepper Motor Accessories\" \/>\n<meta property=\"og:url\" content=\"https:\/\/rapidprecise.com\/fr\/product\/link-cnc-aluminum-alloy-coupling-d14-l25-3d-printers-parts-blue-flexible-shaft-coupler-screw-part-for-stepper-motor-accessories\/\" \/>\n<meta property=\"og:site_name\" content=\"RAPIDPRECISE\" \/>\n<meta property=\"article:modified_time\" content=\"2024-12-26T15:09:38+00:00\" \/>\n<meta property=\"og:image\" content=\"https:\/\/rapidprecise.com\/wp-content\/uploads\/2024\/12\/kf-S9fa3ab247ee24f7f8cc263a0aedf97a6m.webp\" \/>\n\t<meta property=\"og:image:width\" content=\"800\" \/>\n\t<meta property=\"og:image:height\" content=\"800\" \/>\n\t<meta property=\"og:image:type\" content=\"image\/webp\" \/>\n<meta name=\"twitter:card\" content=\"summary_large_image\" \/>\n<meta name=\"twitter:label1\" content=\"Dur\u00e9e de lecture estim\u00e9e\" \/>\n\t<meta name=\"twitter:data1\" content=\"2 minutes\" \/>\n<script type=\"application\/ld+json\" class=\"yoast-schema-graph\">{\"@context\":\"https:\\\/\\\/schema.org\",\"@graph\":[{\"@type\":\"WebPage\",\"@id\":\"https:\\\/\\\/rapidprecise.com\\\/fr\\\/product\\\/link-cnc-aluminum-alloy-coupling-d14-l25-3d-printers-parts-blue-flexible-shaft-coupler-screw-part-for-stepper-motor-accessories\\\/\",\"url\":\"https:\\\/\\\/rapidprecise.com\\\/fr\\\/product\\\/link-cnc-aluminum-alloy-coupling-d14-l25-3d-printers-parts-blue-flexible-shaft-coupler-screw-part-for-stepper-motor-accessories\\\/\",\"name\":\"CNC Aluminum Alloy Coupling D14 L25 3D Printers Parts Blue Flexible Shaft Coupler Screw Part For Stepper Motor Accessories | RAPIDPRECISE\",\"isPartOf\":{\"@id\":\"https:\\\/\\\/rapidprecise.com\\\/fr\\\/#website\"},\"primaryImageOfPage\":{\"@id\":\"https:\\\/\\\/rapidprecise.com\\\/fr\\\/product\\\/link-cnc-aluminum-alloy-coupling-d14-l25-3d-printers-parts-blue-flexible-shaft-coupler-screw-part-for-stepper-motor-accessories\\\/#primaryimage\"},\"image\":{\"@id\":\"https:\\\/\\\/rapidprecise.com\\\/fr\\\/product\\\/link-cnc-aluminum-alloy-coupling-d14-l25-3d-printers-parts-blue-flexible-shaft-coupler-screw-part-for-stepper-motor-accessories\\\/#primaryimage\"},\"thumbnailUrl\":\"https:\\\/\\\/rapidprecise.com\\\/wp-content\\\/uploads\\\/2024\\\/12\\\/kf-S9fa3ab247ee24f7f8cc263a0aedf97a6m.webp\",\"datePublished\":\"2024-12-25T14:30:47+00:00\",\"dateModified\":\"2024-12-26T15:09:38+00:00\",\"description\":\"Professional CNC machining factory provide CNC Aluminum Alloy Coupling D14 L25 3D Printers Parts Blue Flexible Shaft Coupler Screw Part For Stepper Motor Accessories\",\"breadcrumb\":{\"@id\":\"https:\\\/\\\/rapidprecise.com\\\/fr\\\/product\\\/link-cnc-aluminum-alloy-coupling-d14-l25-3d-printers-parts-blue-flexible-shaft-coupler-screw-part-for-stepper-motor-accessories\\\/#breadcrumb\"},\"inLanguage\":\"fr-FR\",\"potentialAction\":[{\"@type\":\"ReadAction\",\"target\":[\"https:\\\/\\\/rapidprecise.com\\\/fr\\\/product\\\/link-cnc-aluminum-alloy-coupling-d14-l25-3d-printers-parts-blue-flexible-shaft-coupler-screw-part-for-stepper-motor-accessories\\\/\"]}]},{\"@type\":\"ImageObject\",\"inLanguage\":\"fr-FR\",\"@id\":\"https:\\\/\\\/rapidprecise.com\\\/fr\\\/product\\\/link-cnc-aluminum-alloy-coupling-d14-l25-3d-printers-parts-blue-flexible-shaft-coupler-screw-part-for-stepper-motor-accessories\\\/#primaryimage\",\"url\":\"https:\\\/\\\/rapidprecise.com\\\/wp-content\\\/uploads\\\/2024\\\/12\\\/kf-S9fa3ab247ee24f7f8cc263a0aedf97a6m.webp\",\"contentUrl\":\"https:\\\/\\\/rapidprecise.com\\\/wp-content\\\/uploads\\\/2024\\\/12\\\/kf-S9fa3ab247ee24f7f8cc263a0aedf97a6m.webp\",\"width\":800,\"height\":800},{\"@type\":\"BreadcrumbList\",\"@id\":\"https:\\\/\\\/rapidprecise.com\\\/fr\\\/product\\\/link-cnc-aluminum-alloy-coupling-d14-l25-3d-printers-parts-blue-flexible-shaft-coupler-screw-part-for-stepper-motor-accessories\\\/#breadcrumb\",\"itemListElement\":[{\"@type\":\"ListItem\",\"position\":1,\"name\":\"Home\",\"item\":\"https:\\\/\\\/rapidprecise.com\\\/\"},{\"@type\":\"ListItem\",\"position\":2,\"name\":\"Shop\",\"item\":\"https:\\\/\\\/rapidprecise.com\\\/shop\\\/\"},{\"@type\":\"ListItem\",\"position\":3,\"name\":\"CNC Aluminum Alloy Coupling D14 L25 3D Printers Parts Blue Flexible Shaft Coupler Screw Part For Stepper Motor Accessories\"}]},{\"@type\":\"WebSite\",\"@id\":\"https:\\\/\\\/rapidprecise.com\\\/fr\\\/#website\",\"url\":\"https:\\\/\\\/rapidprecise.com\\\/fr\\\/\",\"name\":\"rapidprecise.com\",\"description\":\"\",\"publisher\":{\"@id\":\"https:\\\/\\\/rapidprecise.com\\\/fr\\\/#organization\"},\"potentialAction\":[{\"@type\":\"SearchAction\",\"target\":{\"@type\":\"EntryPoint\",\"urlTemplate\":\"https:\\\/\\\/rapidprecise.com\\\/fr\\\/?s={search_term_string}\"},\"query-input\":{\"@type\":\"PropertyValueSpecification\",\"valueRequired\":true,\"valueName\":\"search_term_string\"}}],\"inLanguage\":\"fr-FR\"},{\"@type\":\"Organization\",\"@id\":\"https:\\\/\\\/rapidprecise.com\\\/fr\\\/#organization\",\"name\":\"rapidprecise.com\",\"url\":\"https:\\\/\\\/rapidprecise.com\\\/fr\\\/\",\"logo\":{\"@type\":\"ImageObject\",\"inLanguage\":\"fr-FR\",\"@id\":\"https:\\\/\\\/rapidprecise.com\\\/fr\\\/#\\\/schema\\\/logo\\\/image\\\/\",\"url\":\"https:\\\/\\\/rapidprecise.com\\\/wp-content\\\/uploads\\\/2024\\\/12\\\/rapidprecise.png\",\"contentUrl\":\"https:\\\/\\\/rapidprecise.com\\\/wp-content\\\/uploads\\\/2024\\\/12\\\/rapidprecise.png\",\"width\":279,\"height\":58,\"caption\":\"rapidprecise.com\"},\"image\":{\"@id\":\"https:\\\/\\\/rapidprecise.com\\\/fr\\\/#\\\/schema\\\/logo\\\/image\\\/\"}}]}<\/script>\n<!-- \/ Yoast SEO plugin. -->","yoast_head_json":{"title":"CNC Aluminum Alloy Coupling D14 L25 3D Printers Parts Blue Flexible Shaft Coupler Screw Part For Stepper Motor Accessories | RAPIDPRECISE","description":"Professional CNC machining factory provide CNC Aluminum Alloy Coupling D14 L25 3D Printers Parts Blue Flexible Shaft Coupler Screw Part For Stepper Motor Accessories","robots":{"index":"index","follow":"follow","max-snippet":"max-snippet:-1","max-image-preview":"max-image-preview:large","max-video-preview":"max-video-preview:-1"},"canonical":"https:\/\/rapidprecise.com\/fr\/product\/link-cnc-aluminum-alloy-coupling-d14-l25-3d-printers-parts-blue-flexible-shaft-coupler-screw-part-for-stepper-motor-accessories\/","og_locale":"fr_FR","og_type":"article","og_title":"CNC Aluminum Alloy Coupling D14 L25 3D Printers Parts Blue Flexible Shaft Coupler Screw Part For Stepper Motor Accessories | RAPIDPRECISE","og_description":"Professional CNC machining factory provide CNC Aluminum Alloy Coupling D14 L25 3D Printers Parts Blue Flexible Shaft Coupler Screw Part For Stepper Motor Accessories","og_url":"https:\/\/rapidprecise.com\/fr\/product\/link-cnc-aluminum-alloy-coupling-d14-l25-3d-printers-parts-blue-flexible-shaft-coupler-screw-part-for-stepper-motor-accessories\/","og_site_name":"RAPIDPRECISE","article_modified_time":"2024-12-26T15:09:38+00:00","og_image":[{"width":800,"height":800,"url":"https:\/\/rapidprecise.com\/wp-content\/uploads\/2024\/12\/kf-S9fa3ab247ee24f7f8cc263a0aedf97a6m.webp","type":"image\/webp"}],"twitter_card":"summary_large_image","twitter_misc":{"Dur\u00e9e de lecture estim\u00e9e":"2 minutes"},"schema":{"@context":"https:\/\/schema.org","@graph":[{"@type":"WebPage","@id":"https:\/\/rapidprecise.com\/fr\/product\/link-cnc-aluminum-alloy-coupling-d14-l25-3d-printers-parts-blue-flexible-shaft-coupler-screw-part-for-stepper-motor-accessories\/","url":"https:\/\/rapidprecise.com\/fr\/product\/link-cnc-aluminum-alloy-coupling-d14-l25-3d-printers-parts-blue-flexible-shaft-coupler-screw-part-for-stepper-motor-accessories\/","name":"CNC Aluminum Alloy Coupling D14 L25 3D Printers Parts Blue Flexible Shaft Coupler Screw Part For Stepper Motor Accessories | RAPIDPRECISE","isPartOf":{"@id":"https:\/\/rapidprecise.com\/fr\/#website"},"primaryImageOfPage":{"@id":"https:\/\/rapidprecise.com\/fr\/product\/link-cnc-aluminum-alloy-coupling-d14-l25-3d-printers-parts-blue-flexible-shaft-coupler-screw-part-for-stepper-motor-accessories\/#primaryimage"},"image":{"@id":"https:\/\/rapidprecise.com\/fr\/product\/link-cnc-aluminum-alloy-coupling-d14-l25-3d-printers-parts-blue-flexible-shaft-coupler-screw-part-for-stepper-motor-accessories\/#primaryimage"},"thumbnailUrl":"https:\/\/rapidprecise.com\/wp-content\/uploads\/2024\/12\/kf-S9fa3ab247ee24f7f8cc263a0aedf97a6m.webp","datePublished":"2024-12-25T14:30:47+00:00","dateModified":"2024-12-26T15:09:38+00:00","description":"Professional CNC machining factory provide CNC Aluminum Alloy Coupling D14 L25 3D Printers Parts Blue Flexible Shaft Coupler Screw Part For Stepper Motor Accessories","breadcrumb":{"@id":"https:\/\/rapidprecise.com\/fr\/product\/link-cnc-aluminum-alloy-coupling-d14-l25-3d-printers-parts-blue-flexible-shaft-coupler-screw-part-for-stepper-motor-accessories\/#breadcrumb"},"inLanguage":"fr-FR","potentialAction":[{"@type":"ReadAction","target":["https:\/\/rapidprecise.com\/fr\/product\/link-cnc-aluminum-alloy-coupling-d14-l25-3d-printers-parts-blue-flexible-shaft-coupler-screw-part-for-stepper-motor-accessories\/"]}]},{"@type":"ImageObject","inLanguage":"fr-FR","@id":"https:\/\/rapidprecise.com\/fr\/product\/link-cnc-aluminum-alloy-coupling-d14-l25-3d-printers-parts-blue-flexible-shaft-coupler-screw-part-for-stepper-motor-accessories\/#primaryimage","url":"https:\/\/rapidprecise.com\/wp-content\/uploads\/2024\/12\/kf-S9fa3ab247ee24f7f8cc263a0aedf97a6m.webp","contentUrl":"https:\/\/rapidprecise.com\/wp-content\/uploads\/2024\/12\/kf-S9fa3ab247ee24f7f8cc263a0aedf97a6m.webp","width":800,"height":800},{"@type":"BreadcrumbList","@id":"https:\/\/rapidprecise.com\/fr\/product\/link-cnc-aluminum-alloy-coupling-d14-l25-3d-printers-parts-blue-flexible-shaft-coupler-screw-part-for-stepper-motor-accessories\/#breadcrumb","itemListElement":[{"@type":"ListItem","position":1,"name":"Home","item":"https:\/\/rapidprecise.com\/"},{"@type":"ListItem","position":2,"name":"Shop","item":"https:\/\/rapidprecise.com\/shop\/"},{"@type":"ListItem","position":3,"name":"CNC Aluminum Alloy Coupling D14 L25 3D Printers Parts Blue Flexible Shaft Coupler Screw Part For Stepper Motor Accessories"}]},{"@type":"WebSite","@id":"https:\/\/rapidprecise.com\/fr\/#website","url":"https:\/\/rapidprecise.com\/fr\/","name":"rapidprecise.com","description":"","publisher":{"@id":"https:\/\/rapidprecise.com\/fr\/#organization"},"potentialAction":[{"@type":"SearchAction","target":{"@type":"EntryPoint","urlTemplate":"https:\/\/rapidprecise.com\/fr\/?s={search_term_string}"},"query-input":{"@type":"PropertyValueSpecification","valueRequired":true,"valueName":"search_term_string"}}],"inLanguage":"fr-FR"},{"@type":"Organization","@id":"https:\/\/rapidprecise.com\/fr\/#organization","name":"rapidprecise.com","url":"https:\/\/rapidprecise.com\/fr\/","logo":{"@type":"ImageObject","inLanguage":"fr-FR","@id":"https:\/\/rapidprecise.com\/fr\/#\/schema\/logo\/image\/","url":"https:\/\/rapidprecise.com\/wp-content\/uploads\/2024\/12\/rapidprecise.png","contentUrl":"https:\/\/rapidprecise.com\/wp-content\/uploads\/2024\/12\/rapidprecise.png","width":279,"height":58,"caption":"rapidprecise.com"},"image":{"@id":"https:\/\/rapidprecise.com\/fr\/#\/schema\/logo\/image\/"}}]}},"_links":{"self":[{"href":"https:\/\/rapidprecise.com\/fr\/wp-json\/wp\/v2\/product\/564","targetHints":{"allow":["GET"]}}],"collection":[{"href":"https:\/\/rapidprecise.com\/fr\/wp-json\/wp\/v2\/product"}],"about":[{"href":"https:\/\/rapidprecise.com\/fr\/wp-json\/wp\/v2\/types\/product"}],"replies":[{"embeddable":true,"href":"https:\/\/rapidprecise.com\/fr\/wp-json\/wp\/v2\/comments?post=564"}],"wp:featuredmedia":[{"embeddable":true,"href":"https:\/\/rapidprecise.com\/fr\/wp-json\/wp\/v2\/media\/566"}],"wp:attachment":[{"href":"https:\/\/rapidprecise.com\/fr\/wp-json\/wp\/v2\/media?parent=564"}],"wp:term":[{"taxonomy":"product_brand","embeddable":true,"href":"https:\/\/rapidprecise.com\/fr\/wp-json\/wp\/v2\/product_brand?post=564"},{"taxonomy":"product_cat","embeddable":true,"href":"https:\/\/rapidprecise.com\/fr\/wp-json\/wp\/v2\/product_cat?post=564"},{"taxonomy":"product_tag","embeddable":true,"href":"https:\/\/rapidprecise.com\/fr\/wp-json\/wp\/v2\/product_tag?post=564"}],"curies":[{"name":"wp","href":"https:\/\/api.w.org\/{rel}","templated":true}]}}