{"id":608,"date":"2024-12-25T14:31:04","date_gmt":"2024-12-25T14:31:04","guid":{"rendered":"https:\/\/rapidprecise.com\/product\/made-cnc-machined-turning-service-aluminum-for-food-machining-parts-3016-304-steel-polishing-copper-brass-oem-odm-factory\/"},"modified":"2024-12-26T15:09:38","modified_gmt":"2024-12-26T15:09:38","slug":"made-cnc-machined-turning-service-aluminum-for-food-machining-parts-3016-304-steel-polishing-copper-brass-oem-odm-factory","status":"publish","type":"product","link":"https:\/\/rapidprecise.com\/fr\/product\/made-cnc-machined-turning-service-aluminum-for-food-machining-parts-3016-304-steel-polishing-copper-brass-oem-odm-factory\/","title":{"rendered":"Service de tournage usin\u00e9 CNC en aluminium pour pi\u00e8ces de transformation alimentaire"},"content":{"rendered":"<div class=\"flex max-w-full flex-col flex-grow\">\n<div class=\"min-h-8 text-message flex w-full flex-col items-end gap-2 whitespace-normal break-words text-start [.text-message+&amp;]:mt-5\" dir=\"auto\" data-message-author-role=\"assistant\" data-message-id=\"b4bcb809-5d68-413d-9ac7-340694f45e2f\" data-message-model-slug=\"gpt-4o\">\n<div class=\"flex w-full flex-col gap-1 empty:hidden first:pt-[3px]\">\n<div class=\"markdown prose w-full break-words dark:prose-invert light\">\n<p>Notre service de tournage usin\u00e9 CNC pour des pi\u00e8ces en aluminium de qualit\u00e9 alimentaire garantit pr\u00e9cision, durabilit\u00e9 et conformit\u00e9 aux normes de s\u00e9curit\u00e9 alimentaire. Con\u00e7us pour l'industrie de la transformation et de l'emballage des aliments, ces composants sont fabriqu\u00e9s pour r\u00e9pondre \u00e0 des exigences strictes en mati\u00e8re d'hygi\u00e8ne et de performance.<\/p>\n<h4>Caract\u00e9ristiques principales :<\/h4>\n<ol>\n<li>Mat\u00e9riau en aluminium de qualit\u00e9 alimentaire :\n<ul>\n<li>Fabriqu\u00e9 en aluminium de haute qualit\u00e9 adapt\u00e9 aux applications de l'industrie alimentaire.<\/li>\n<li>L\u00e9ger, r\u00e9sistant \u00e0 la corrosion et facile \u00e0 nettoyer pour maintenir les normes d'hygi\u00e8ne.<\/li>\n<\/ul>\n<\/li>\n<li>Technologie avanc\u00e9e de tournage CNC :\n<ul>\n<li>Utilise des machines-outils \u00e0 commande num\u00e9rique de pointe pour une pr\u00e9cision sup\u00e9rieure et des finitions lisses.<\/li>\n<li>Atteint des tol\u00e9rances strictes pour garantir une performance fiable et coh\u00e9rente.<\/li>\n<\/ul>\n<\/li>\n<li>Adapt\u00e9 \u00e0 vos besoins :\n<ul>\n<li>Adapt\u00e9 pour r\u00e9pondre \u00e0 des exigences sp\u00e9cifiques en mati\u00e8re de conception et de fonctionnalit\u00e9s.<\/li>\n<li>Prend en charge des g\u00e9om\u00e9tries complexes et des sp\u00e9cifications d\u00e9taill\u00e9es.<\/li>\n<\/ul>\n<\/li>\n<li>Finitions de surface:\n<ul>\n<li>Disponible avec un anodisage, un polissage ou d'autres traitements de surface pour am\u00e9liorer la durabilit\u00e9 et la propret\u00e9.<\/li>\n<li>Surfaces antiadh\u00e9sives et faciles \u00e0 entretenir pour une transformation alimentaire sans couture.<\/li>\n<\/ul>\n<\/li>\n<li>Conformit\u00e9 et Assurance Qualit\u00e9:\n<ul>\n<li>Respecte les normes de s\u00e9curit\u00e9 alimentaire, garantissant s\u00e9curit\u00e9 et fiabilit\u00e9 dans les environnements de manipulation des aliments.<\/li>\n<li>Processus rigoureux de contr\u00f4le qualit\u00e9 pour livrer des pi\u00e8ces sans d\u00e9faut.<\/li>\n<\/ul>\n<\/li>\n<\/ol>\n<h4>Sp\u00e9cifications:<\/h4>\n<table>\n<thead>\n<tr>\n<th>Fonctionnalit\u00e9<\/th>\n<th>D\u00e9tails<\/th>\n<\/tr>\n<\/thead>\n<tbody>\n<tr>\n<td>Mat\u00e9riau<\/td>\n<td>Aluminium de qualit\u00e9 alimentaire<\/td>\n<\/tr>\n<tr>\n<td>Process<\/td>\n<td>Tournage CNC<\/td>\n<\/tr>\n<tr>\n<td>Tol\u00e9rances<\/td>\n<td>\u00b10.01mm<\/td>\n<\/tr>\n<tr>\n<td>Finition de surface<\/td>\n<td>Anodis\u00e9, Poli, Personnalisable<\/td>\n<\/tr>\n<tr>\n<td>Applications<\/td>\n<td>Transformation des aliments, Emballage<\/td>\n<\/tr>\n<\/tbody>\n<\/table>\n<h4>Applications:<\/h4>\n<ul>\n<li>\u00c9quipement de transformation alimentaire : Pi\u00e8ces de pr\u00e9cision pour m\u00e9langeurs, trancheuses et moulins.<\/li>\n<li>Machines d'emballage : Composants pour sceller, couper et transporter des aliments.<\/li>\n<li>Composants critiques pour l'hygi\u00e8ne : pi\u00e8ces n\u00e9cessitant un nettoyage et une d\u00e9sinfection faciles.<\/li>\n<\/ul>\n<h4>Avantages de notre service :<\/h4>\n<ul>\n<li>Haute pr\u00e9cision : des tol\u00e9rances strictes garantissent que les pi\u00e8ces respectent les sp\u00e9cifications exactes.<\/li>\n<li>Durable et fiable : Fabriqu\u00e9 en aluminium robuste avec des traitements de surface pour la long\u00e9vit\u00e9.<\/li>\n<li>Personnalisation : Des designs enti\u00e8rement adapt\u00e9s pour r\u00e9pondre aux besoins op\u00e9rationnels uniques.<\/li>\n<li>Fabrication conforme aux normes de l'industrie pour une utilisation s\u00fbre.<\/li>\n<\/ul>\n<p>Rationalisez votre machinerie alimentaire avec des pi\u00e8ces en aluminium usin\u00e9es CNC qui combinent fonctionnalit\u00e9, s\u00e9curit\u00e9 et fiabilit\u00e9. Contactez-nous d\u00e8s aujourd'hui pour discuter de vos besoins et obtenir un devis pour votre projet personnalis\u00e9 !<\/p>\n<\/div>\n<\/div>\n<\/div>\n<\/div>","protected":false},"excerpt":{"rendered":"<p>Our CNC Machined Turning Service for aluminum food-grade machining parts ensures precision, durability, and compliance with food safety standards. Designed for the food processing and packaging industry, these components are crafted to meet rigorous hygiene and performance requirements. Key Features: Food-Grade Aluminum Material: Manufactured from high-quality aluminum suitable for food industry applications. Lightweight, corrosion-resistant, and [&hellip;]<\/p>","protected":false},"featured_media":609,"comment_status":"closed","ping_status":"closed","template":"","meta":[],"product_brand":[],"product_cat":[23],"product_tag":[],"class_list":{"0":"post-608","1":"product","2":"type-product","3":"status-publish","4":"has-post-thumbnail","6":"product_cat-aluminum-turning-parts","8":"first","9":"instock","10":"shipping-taxable","11":"product-type-simple"},"yoast_head":"<!-- This site is optimized with the Yoast SEO plugin v27.4 - https:\/\/yoast.com\/product\/yoast-seo-wordpress\/ -->\n<title>Made CNC Machined Turning Service Aluminum for Food Machining Parts | RAPIDPRECISE<\/title>\n<meta name=\"description\" content=\"Professional CNC machining factory provide Made CNC Machined Turning Service Aluminum for Food Machining Parts\" \/>\n<meta name=\"robots\" content=\"index, follow, max-snippet:-1, max-image-preview:large, max-video-preview:-1\" \/>\n<link rel=\"canonical\" href=\"https:\/\/rapidprecise.com\/fr\/product\/made-cnc-machined-turning-service-aluminum-for-food-machining-parts-3016-304-steel-polishing-copper-brass-oem-odm-factory\/\" \/>\n<meta property=\"og:locale\" content=\"fr_FR\" \/>\n<meta property=\"og:type\" content=\"article\" \/>\n<meta property=\"og:title\" content=\"Made CNC Machined Turning Service Aluminum for Food Machining Parts | RAPIDPRECISE\" \/>\n<meta property=\"og:description\" content=\"Professional CNC machining factory provide Made CNC Machined Turning Service Aluminum for Food Machining Parts\" \/>\n<meta property=\"og:url\" content=\"https:\/\/rapidprecise.com\/fr\/product\/made-cnc-machined-turning-service-aluminum-for-food-machining-parts-3016-304-steel-polishing-copper-brass-oem-odm-factory\/\" \/>\n<meta property=\"og:site_name\" content=\"RAPIDPRECISE\" \/>\n<meta property=\"article:modified_time\" content=\"2024-12-26T15:09:38+00:00\" \/>\n<meta property=\"og:image\" content=\"https:\/\/rapidprecise.com\/wp-content\/uploads\/2024\/12\/kf-S846e55f9e275454a9d7c4b30b9279439t.webp\" \/>\n\t<meta property=\"og:image:width\" content=\"800\" \/>\n\t<meta property=\"og:image:height\" content=\"800\" \/>\n\t<meta property=\"og:image:type\" content=\"image\/webp\" \/>\n<meta name=\"twitter:card\" content=\"summary_large_image\" \/>\n<meta name=\"twitter:label1\" content=\"Dur\u00e9e de lecture estim\u00e9e\" \/>\n\t<meta name=\"twitter:data1\" content=\"2 minutes\" \/>\n<script type=\"application\/ld+json\" class=\"yoast-schema-graph\">{\"@context\":\"https:\\\/\\\/schema.org\",\"@graph\":[{\"@type\":\"WebPage\",\"@id\":\"https:\\\/\\\/rapidprecise.com\\\/fr\\\/product\\\/made-cnc-machined-turning-service-aluminum-for-food-machining-parts-3016-304-steel-polishing-copper-brass-oem-odm-factory\\\/\",\"url\":\"https:\\\/\\\/rapidprecise.com\\\/fr\\\/product\\\/made-cnc-machined-turning-service-aluminum-for-food-machining-parts-3016-304-steel-polishing-copper-brass-oem-odm-factory\\\/\",\"name\":\"Made CNC Machined Turning Service Aluminum for Food Machining Parts | RAPIDPRECISE\",\"isPartOf\":{\"@id\":\"https:\\\/\\\/rapidprecise.com\\\/fr\\\/#website\"},\"primaryImageOfPage\":{\"@id\":\"https:\\\/\\\/rapidprecise.com\\\/fr\\\/product\\\/made-cnc-machined-turning-service-aluminum-for-food-machining-parts-3016-304-steel-polishing-copper-brass-oem-odm-factory\\\/#primaryimage\"},\"image\":{\"@id\":\"https:\\\/\\\/rapidprecise.com\\\/fr\\\/product\\\/made-cnc-machined-turning-service-aluminum-for-food-machining-parts-3016-304-steel-polishing-copper-brass-oem-odm-factory\\\/#primaryimage\"},\"thumbnailUrl\":\"https:\\\/\\\/rapidprecise.com\\\/wp-content\\\/uploads\\\/2024\\\/12\\\/kf-S846e55f9e275454a9d7c4b30b9279439t.webp\",\"datePublished\":\"2024-12-25T14:31:04+00:00\",\"dateModified\":\"2024-12-26T15:09:38+00:00\",\"description\":\"Professional CNC machining factory provide Made CNC Machined Turning Service Aluminum for Food Machining Parts\",\"breadcrumb\":{\"@id\":\"https:\\\/\\\/rapidprecise.com\\\/fr\\\/product\\\/made-cnc-machined-turning-service-aluminum-for-food-machining-parts-3016-304-steel-polishing-copper-brass-oem-odm-factory\\\/#breadcrumb\"},\"inLanguage\":\"fr-FR\",\"potentialAction\":[{\"@type\":\"ReadAction\",\"target\":[\"https:\\\/\\\/rapidprecise.com\\\/fr\\\/product\\\/made-cnc-machined-turning-service-aluminum-for-food-machining-parts-3016-304-steel-polishing-copper-brass-oem-odm-factory\\\/\"]}]},{\"@type\":\"ImageObject\",\"inLanguage\":\"fr-FR\",\"@id\":\"https:\\\/\\\/rapidprecise.com\\\/fr\\\/product\\\/made-cnc-machined-turning-service-aluminum-for-food-machining-parts-3016-304-steel-polishing-copper-brass-oem-odm-factory\\\/#primaryimage\",\"url\":\"https:\\\/\\\/rapidprecise.com\\\/wp-content\\\/uploads\\\/2024\\\/12\\\/kf-S846e55f9e275454a9d7c4b30b9279439t.webp\",\"contentUrl\":\"https:\\\/\\\/rapidprecise.com\\\/wp-content\\\/uploads\\\/2024\\\/12\\\/kf-S846e55f9e275454a9d7c4b30b9279439t.webp\",\"width\":800,\"height\":800},{\"@type\":\"BreadcrumbList\",\"@id\":\"https:\\\/\\\/rapidprecise.com\\\/fr\\\/product\\\/made-cnc-machined-turning-service-aluminum-for-food-machining-parts-3016-304-steel-polishing-copper-brass-oem-odm-factory\\\/#breadcrumb\",\"itemListElement\":[{\"@type\":\"ListItem\",\"position\":1,\"name\":\"Home\",\"item\":\"https:\\\/\\\/rapidprecise.com\\\/\"},{\"@type\":\"ListItem\",\"position\":2,\"name\":\"Shop\",\"item\":\"https:\\\/\\\/rapidprecise.com\\\/shop\\\/\"},{\"@type\":\"ListItem\",\"position\":3,\"name\":\"Made CNC Machined Turning Service Aluminum for Food Machining Parts\"}]},{\"@type\":\"WebSite\",\"@id\":\"https:\\\/\\\/rapidprecise.com\\\/fr\\\/#website\",\"url\":\"https:\\\/\\\/rapidprecise.com\\\/fr\\\/\",\"name\":\"rapidprecise.com\",\"description\":\"\",\"publisher\":{\"@id\":\"https:\\\/\\\/rapidprecise.com\\\/fr\\\/#organization\"},\"potentialAction\":[{\"@type\":\"SearchAction\",\"target\":{\"@type\":\"EntryPoint\",\"urlTemplate\":\"https:\\\/\\\/rapidprecise.com\\\/fr\\\/?s={search_term_string}\"},\"query-input\":{\"@type\":\"PropertyValueSpecification\",\"valueRequired\":true,\"valueName\":\"search_term_string\"}}],\"inLanguage\":\"fr-FR\"},{\"@type\":\"Organization\",\"@id\":\"https:\\\/\\\/rapidprecise.com\\\/fr\\\/#organization\",\"name\":\"rapidprecise.com\",\"url\":\"https:\\\/\\\/rapidprecise.com\\\/fr\\\/\",\"logo\":{\"@type\":\"ImageObject\",\"inLanguage\":\"fr-FR\",\"@id\":\"https:\\\/\\\/rapidprecise.com\\\/fr\\\/#\\\/schema\\\/logo\\\/image\\\/\",\"url\":\"https:\\\/\\\/rapidprecise.com\\\/wp-content\\\/uploads\\\/2024\\\/12\\\/rapidprecise.png\",\"contentUrl\":\"https:\\\/\\\/rapidprecise.com\\\/wp-content\\\/uploads\\\/2024\\\/12\\\/rapidprecise.png\",\"width\":279,\"height\":58,\"caption\":\"rapidprecise.com\"},\"image\":{\"@id\":\"https:\\\/\\\/rapidprecise.com\\\/fr\\\/#\\\/schema\\\/logo\\\/image\\\/\"}}]}<\/script>\n<!-- \/ Yoast SEO plugin. -->","yoast_head_json":{"title":"Made CNC Machined Turning Service Aluminum for Food Machining Parts | RAPIDPRECISE","description":"Professional CNC machining factory provide Made CNC Machined Turning Service Aluminum for Food Machining Parts","robots":{"index":"index","follow":"follow","max-snippet":"max-snippet:-1","max-image-preview":"max-image-preview:large","max-video-preview":"max-video-preview:-1"},"canonical":"https:\/\/rapidprecise.com\/fr\/product\/made-cnc-machined-turning-service-aluminum-for-food-machining-parts-3016-304-steel-polishing-copper-brass-oem-odm-factory\/","og_locale":"fr_FR","og_type":"article","og_title":"Made CNC Machined Turning Service Aluminum for Food Machining Parts | RAPIDPRECISE","og_description":"Professional CNC machining factory provide Made CNC Machined Turning Service Aluminum for Food Machining Parts","og_url":"https:\/\/rapidprecise.com\/fr\/product\/made-cnc-machined-turning-service-aluminum-for-food-machining-parts-3016-304-steel-polishing-copper-brass-oem-odm-factory\/","og_site_name":"RAPIDPRECISE","article_modified_time":"2024-12-26T15:09:38+00:00","og_image":[{"width":800,"height":800,"url":"https:\/\/rapidprecise.com\/wp-content\/uploads\/2024\/12\/kf-S846e55f9e275454a9d7c4b30b9279439t.webp","type":"image\/webp"}],"twitter_card":"summary_large_image","twitter_misc":{"Dur\u00e9e de lecture estim\u00e9e":"2 minutes"},"schema":{"@context":"https:\/\/schema.org","@graph":[{"@type":"WebPage","@id":"https:\/\/rapidprecise.com\/fr\/product\/made-cnc-machined-turning-service-aluminum-for-food-machining-parts-3016-304-steel-polishing-copper-brass-oem-odm-factory\/","url":"https:\/\/rapidprecise.com\/fr\/product\/made-cnc-machined-turning-service-aluminum-for-food-machining-parts-3016-304-steel-polishing-copper-brass-oem-odm-factory\/","name":"Made CNC Machined Turning Service Aluminum for Food Machining Parts | RAPIDPRECISE","isPartOf":{"@id":"https:\/\/rapidprecise.com\/fr\/#website"},"primaryImageOfPage":{"@id":"https:\/\/rapidprecise.com\/fr\/product\/made-cnc-machined-turning-service-aluminum-for-food-machining-parts-3016-304-steel-polishing-copper-brass-oem-odm-factory\/#primaryimage"},"image":{"@id":"https:\/\/rapidprecise.com\/fr\/product\/made-cnc-machined-turning-service-aluminum-for-food-machining-parts-3016-304-steel-polishing-copper-brass-oem-odm-factory\/#primaryimage"},"thumbnailUrl":"https:\/\/rapidprecise.com\/wp-content\/uploads\/2024\/12\/kf-S846e55f9e275454a9d7c4b30b9279439t.webp","datePublished":"2024-12-25T14:31:04+00:00","dateModified":"2024-12-26T15:09:38+00:00","description":"Professional CNC machining factory provide Made CNC Machined Turning Service Aluminum for Food Machining Parts","breadcrumb":{"@id":"https:\/\/rapidprecise.com\/fr\/product\/made-cnc-machined-turning-service-aluminum-for-food-machining-parts-3016-304-steel-polishing-copper-brass-oem-odm-factory\/#breadcrumb"},"inLanguage":"fr-FR","potentialAction":[{"@type":"ReadAction","target":["https:\/\/rapidprecise.com\/fr\/product\/made-cnc-machined-turning-service-aluminum-for-food-machining-parts-3016-304-steel-polishing-copper-brass-oem-odm-factory\/"]}]},{"@type":"ImageObject","inLanguage":"fr-FR","@id":"https:\/\/rapidprecise.com\/fr\/product\/made-cnc-machined-turning-service-aluminum-for-food-machining-parts-3016-304-steel-polishing-copper-brass-oem-odm-factory\/#primaryimage","url":"https:\/\/rapidprecise.com\/wp-content\/uploads\/2024\/12\/kf-S846e55f9e275454a9d7c4b30b9279439t.webp","contentUrl":"https:\/\/rapidprecise.com\/wp-content\/uploads\/2024\/12\/kf-S846e55f9e275454a9d7c4b30b9279439t.webp","width":800,"height":800},{"@type":"BreadcrumbList","@id":"https:\/\/rapidprecise.com\/fr\/product\/made-cnc-machined-turning-service-aluminum-for-food-machining-parts-3016-304-steel-polishing-copper-brass-oem-odm-factory\/#breadcrumb","itemListElement":[{"@type":"ListItem","position":1,"name":"Home","item":"https:\/\/rapidprecise.com\/"},{"@type":"ListItem","position":2,"name":"Shop","item":"https:\/\/rapidprecise.com\/shop\/"},{"@type":"ListItem","position":3,"name":"Made CNC Machined Turning Service Aluminum for Food Machining Parts"}]},{"@type":"WebSite","@id":"https:\/\/rapidprecise.com\/fr\/#website","url":"https:\/\/rapidprecise.com\/fr\/","name":"rapidprecise.com","description":"","publisher":{"@id":"https:\/\/rapidprecise.com\/fr\/#organization"},"potentialAction":[{"@type":"SearchAction","target":{"@type":"EntryPoint","urlTemplate":"https:\/\/rapidprecise.com\/fr\/?s={search_term_string}"},"query-input":{"@type":"PropertyValueSpecification","valueRequired":true,"valueName":"search_term_string"}}],"inLanguage":"fr-FR"},{"@type":"Organization","@id":"https:\/\/rapidprecise.com\/fr\/#organization","name":"rapidprecise.com","url":"https:\/\/rapidprecise.com\/fr\/","logo":{"@type":"ImageObject","inLanguage":"fr-FR","@id":"https:\/\/rapidprecise.com\/fr\/#\/schema\/logo\/image\/","url":"https:\/\/rapidprecise.com\/wp-content\/uploads\/2024\/12\/rapidprecise.png","contentUrl":"https:\/\/rapidprecise.com\/wp-content\/uploads\/2024\/12\/rapidprecise.png","width":279,"height":58,"caption":"rapidprecise.com"},"image":{"@id":"https:\/\/rapidprecise.com\/fr\/#\/schema\/logo\/image\/"}}]}},"_links":{"self":[{"href":"https:\/\/rapidprecise.com\/fr\/wp-json\/wp\/v2\/product\/608","targetHints":{"allow":["GET"]}}],"collection":[{"href":"https:\/\/rapidprecise.com\/fr\/wp-json\/wp\/v2\/product"}],"about":[{"href":"https:\/\/rapidprecise.com\/fr\/wp-json\/wp\/v2\/types\/product"}],"replies":[{"embeddable":true,"href":"https:\/\/rapidprecise.com\/fr\/wp-json\/wp\/v2\/comments?post=608"}],"wp:featuredmedia":[{"embeddable":true,"href":"https:\/\/rapidprecise.com\/fr\/wp-json\/wp\/v2\/media\/609"}],"wp:attachment":[{"href":"https:\/\/rapidprecise.com\/fr\/wp-json\/wp\/v2\/media?parent=608"}],"wp:term":[{"taxonomy":"product_brand","embeddable":true,"href":"https:\/\/rapidprecise.com\/fr\/wp-json\/wp\/v2\/product_brand?post=608"},{"taxonomy":"product_cat","embeddable":true,"href":"https:\/\/rapidprecise.com\/fr\/wp-json\/wp\/v2\/product_cat?post=608"},{"taxonomy":"product_tag","embeddable":true,"href":"https:\/\/rapidprecise.com\/fr\/wp-json\/wp\/v2\/product_tag?post=608"}],"curies":[{"name":"wp","href":"https:\/\/api.w.org\/{rel}","templated":true}]}}