{"id":657,"date":"2024-12-25T14:31:31","date_gmt":"2024-12-25T14:31:31","guid":{"rendered":"https:\/\/rapidprecise.com\/product\/custom-precision-cnc-machining-stainless-turning-steel-aluminum-stainless-steel-parts-oem-accepted-small-orders\/"},"modified":"2025-06-15T01:01:21","modified_gmt":"2025-06-15T01:01:21","slug":"custom-precision-cnc-machining-stainless-turning-steel-aluminum-stainless-steel-parts-oem-accepted-small-orders","status":"publish","type":"product","link":"https:\/\/rapidprecise.com\/fr\/product\/custom-precision-cnc-machining-stainless-turning-steel-aluminum-stainless-steel-parts-oem-accepted-small-orders\/","title":{"rendered":"Usinage CNC de pr\u00e9cision personnalis\u00e9, tournage en acier inoxydable"},"content":{"rendered":"<p>Notre service personnalis\u00e9 d'usinage CNC et de fraisage en aluminium fournit des composants con\u00e7us avec pr\u00e9cision, adapt\u00e9s \u00e0 vos exigences uniques. Gr\u00e2ce \u00e0 des machines avanc\u00e9es et \u00e0 une expertise qualifi\u00e9e, nous nous sp\u00e9cialisons dans la fabrication de pi\u00e8ces en aluminium de haute qualit\u00e9 pour une large gamme d'industries, garantissant durabilit\u00e9, pr\u00e9cision et finitions de surface exceptionnelles.<\/p>\n<h4>Caract\u00e9ristiques principales :<\/h4>\n<ol>\n<li>Fabrication de pr\u00e9cision:\n<ul>\n<li>Utilisation d'\u00e9quipements avanc\u00e9s de usinage CNC et de fraisage pour des tol\u00e9rances strictes et des g\u00e9om\u00e9tries complexes.<\/li>\n<li>Une pr\u00e9cision \u00e9lev\u00e9e garantit une int\u00e9gration transparente avec vos syst\u00e8mes.<\/li>\n<\/ul>\n<\/li>\n<li>Options de mat\u00e9riaux premium :\n<ul>\n<li>Large gamme de alliages d'aluminium, y compris 6061, 6063, 7075, et plus.<\/li>\n<li>L\u00e9ger, r\u00e9sistant \u00e0 la corrosion et tr\u00e8s durable.<\/li>\n<\/ul>\n<\/li>\n<li>Flexibilit\u00e9 de personnalisation:\n<ul>\n<li>Enti\u00e8rement adapt\u00e9 pour r\u00e9pondre \u00e0 vos sp\u00e9cifications de conception, des prototypes \u00e0 la production en s\u00e9rie.<\/li>\n<li>Options pour des coupes complexes, des trous, des filets et des textures de surface d\u00e9taill\u00e9es.<\/li>\n<\/ul>\n<\/li>\n<li>Finitions de surface:\n<ul>\n<li>Vari\u00e9t\u00e9 de finitions telles que l'anodisation, la peinture en poudre, le polissage et la sablage.<\/li>\n<li>Am\u00e9liore l'apparence, la r\u00e9sistance \u00e0 la corrosion et la fonctionnalit\u00e9.<\/li>\n<\/ul>\n<\/li>\n<li>Technologie avanc\u00e9e:\n<ul>\n<li>\u00c9quip\u00e9 de machines CNC \u00e0 3 axes, 4 axes et 5 axes pour une production efficace et de haute pr\u00e9cision.<\/li>\n<li>Capable de g\u00e9rer des conceptions complexes avec une grande r\u00e9p\u00e9tabilit\u00e9.<\/li>\n<\/ul>\n<\/li>\n<li>Contr\u00f4le de qualit\u00e9 rigoureux :\n<ul>\n<li>Chaque partie subit plusieurs contr\u00f4les qualit\u00e9 pour garantir la coh\u00e9rence et la fiabilit\u00e9.<\/li>\n<li>Conformit\u00e9 aux normes de gestion de la qualit\u00e9 ISO9001:2015.<\/li>\n<\/ul>\n<\/li>\n<\/ol>\n<h4>Sp\u00e9cifications:<\/h4>\n<table>\n<thead>\n<tr>\n<th>Fonctionnalit\u00e9<\/th>\n<th>D\u00e9tails<\/th>\n<\/tr>\n<\/thead>\n<tbody>\n<tr>\n<td>Mat\u00e9riau<\/td>\n<td>Alliages d'aluminium (6061, 6063, 7075, etc.)<\/td>\n<\/tr>\n<tr>\n<td>Processus<\/td>\n<td>Usinage CNC, Fraisage CNC<\/td>\n<\/tr>\n<tr>\n<td>Tol\u00e9rances<\/td>\n<td>\u00b10.005mm<\/td>\n<\/tr>\n<tr>\n<td>Finitions de surface<\/td>\n<td>Anodis\u00e9, Peint en poudre, Poli, Sabl\u00e9<\/td>\n<\/tr>\n<tr>\n<td>\u00c9chelle de production<\/td>\n<td>Prototypes \u00e0 la production en s\u00e9rie<\/td>\n<\/tr>\n<\/tbody>\n<\/table>\n<h4>Applications:<\/h4>\n<ul>\n<li>A\u00e9rospatial : Composants l\u00e9gers et \u00e0 haute r\u00e9sistance.<\/li>\n<li>Automobile : Pi\u00e8ces de moteur, de carrosserie et d'int\u00e9rieur personnalis\u00e9es.<\/li>\n<li>M\u00e9dical : Pi\u00e8ces de pr\u00e9cision pour instruments et dispositifs chirurgicaux.<\/li>\n<li>\u00c9lectronique : Dissipateurs de chaleur, bo\u00eetiers et connecteurs de pr\u00e9cision.<\/li>\n<li>Industriel : Pi\u00e8ces durables pour machines et outils.<\/li>\n<\/ul>\n<h4>Avantages de nous choisir :<\/h4>\n<ul>\n<li>Expertise en personnalisation : Solutions sur mesure pour vos besoins sp\u00e9cifiques.<\/li>\n<li>D\u00e9lai d'ex\u00e9cution rapide : processus efficaces pour respecter des d\u00e9lais serr\u00e9s.<\/li>\n<li>Tarification comp\u00e9titive : Pi\u00e8ces de haute qualit\u00e9 \u00e0 des tarifs \u00e9conomiques.<\/li>\n<li>\u00c9cologique : L'aluminium est recyclable \u00e0 100%, soutenant une fabrication durable.<\/li>\n<\/ul>\n<p>Partenaire avec nous pour des services fiables et de haute qualit\u00e9 de usinage CNC et de fraisage en aluminium sur mesure. Contactez-nous d\u00e8s aujourd'hui pour discuter de vos besoins de projet et recevoir un devis personnalis\u00e9 !<\/p>","protected":false},"excerpt":{"rendered":"<p>Our Custom Aluminum CNC Machining and Milling Service delivers precision-engineered components tailored to your unique requirements. With advanced machinery and skilled expertise, we specialise in crafting high-quality aluminum parts for a wide range of industries, ensuring durability, accuracy, and exceptional surface finishes. Key Features: Precision Manufacturing: Utilising advanced CNC machining and milling equipment for tight [&hellip;]<\/p>","protected":false},"featured_media":658,"comment_status":"closed","ping_status":"closed","template":"","meta":[],"product_brand":[],"product_cat":[474,23],"product_tag":[],"class_list":{"0":"post-657","1":"product","2":"type-product","3":"status-publish","4":"has-post-thumbnail","6":"product_cat-aluminum-casting-molds","7":"product_cat-aluminum-turning-parts","9":"first","10":"instock","11":"shipping-taxable","12":"product-type-simple"},"yoast_head":"<!-- This site is optimized with the Yoast SEO plugin v27.4 - https:\/\/yoast.com\/product\/yoast-seo-wordpress\/ -->\n<title>Custom Precision CNC Machining Stainless Turning | RAPIDPRECISE<\/title>\n<meta name=\"description\" content=\"Professional CNC machining factory provide Custom Precision CNC Machining Stainless Turning\" \/>\n<meta name=\"robots\" content=\"index, follow, max-snippet:-1, max-image-preview:large, max-video-preview:-1\" \/>\n<link rel=\"canonical\" href=\"https:\/\/rapidprecise.com\/fr\/product\/custom-precision-cnc-machining-stainless-turning-steel-aluminum-stainless-steel-parts-oem-accepted-small-orders\/\" \/>\n<meta property=\"og:locale\" content=\"fr_FR\" \/>\n<meta property=\"og:type\" content=\"article\" \/>\n<meta property=\"og:title\" content=\"Custom Precision CNC Machining Stainless Turning | RAPIDPRECISE\" \/>\n<meta property=\"og:description\" content=\"Professional CNC machining factory provide Custom Precision CNC Machining Stainless Turning\" \/>\n<meta property=\"og:url\" content=\"https:\/\/rapidprecise.com\/fr\/product\/custom-precision-cnc-machining-stainless-turning-steel-aluminum-stainless-steel-parts-oem-accepted-small-orders\/\" \/>\n<meta property=\"og:site_name\" content=\"RAPIDPRECISE\" \/>\n<meta property=\"article:modified_time\" content=\"2025-06-15T01:01:21+00:00\" \/>\n<meta property=\"og:image\" content=\"https:\/\/rapidprecise.com\/wp-content\/uploads\/2024\/12\/kf-Sb644de6b82f24900bf45bf8545958f9cP.webp\" \/>\n\t<meta property=\"og:image:width\" content=\"900\" \/>\n\t<meta property=\"og:image:height\" content=\"900\" \/>\n\t<meta property=\"og:image:type\" content=\"image\/webp\" \/>\n<meta name=\"twitter:card\" content=\"summary_large_image\" \/>\n<meta name=\"twitter:label1\" content=\"Dur\u00e9e de lecture estim\u00e9e\" \/>\n\t<meta name=\"twitter:data1\" content=\"2 minutes\" \/>\n<script type=\"application\/ld+json\" class=\"yoast-schema-graph\">{\"@context\":\"https:\\\/\\\/schema.org\",\"@graph\":[{\"@type\":\"WebPage\",\"@id\":\"https:\\\/\\\/rapidprecise.com\\\/fr\\\/product\\\/custom-precision-cnc-machining-stainless-turning-steel-aluminum-stainless-steel-parts-oem-accepted-small-orders\\\/\",\"url\":\"https:\\\/\\\/rapidprecise.com\\\/fr\\\/product\\\/custom-precision-cnc-machining-stainless-turning-steel-aluminum-stainless-steel-parts-oem-accepted-small-orders\\\/\",\"name\":\"Custom Precision CNC Machining Stainless Turning | RAPIDPRECISE\",\"isPartOf\":{\"@id\":\"https:\\\/\\\/rapidprecise.com\\\/fr\\\/#website\"},\"primaryImageOfPage\":{\"@id\":\"https:\\\/\\\/rapidprecise.com\\\/fr\\\/product\\\/custom-precision-cnc-machining-stainless-turning-steel-aluminum-stainless-steel-parts-oem-accepted-small-orders\\\/#primaryimage\"},\"image\":{\"@id\":\"https:\\\/\\\/rapidprecise.com\\\/fr\\\/product\\\/custom-precision-cnc-machining-stainless-turning-steel-aluminum-stainless-steel-parts-oem-accepted-small-orders\\\/#primaryimage\"},\"thumbnailUrl\":\"https:\\\/\\\/rapidprecise.com\\\/wp-content\\\/uploads\\\/2024\\\/12\\\/kf-Sb644de6b82f24900bf45bf8545958f9cP.webp\",\"datePublished\":\"2024-12-25T14:31:31+00:00\",\"dateModified\":\"2025-06-15T01:01:21+00:00\",\"description\":\"Professional CNC machining factory provide Custom Precision CNC Machining Stainless Turning\",\"breadcrumb\":{\"@id\":\"https:\\\/\\\/rapidprecise.com\\\/fr\\\/product\\\/custom-precision-cnc-machining-stainless-turning-steel-aluminum-stainless-steel-parts-oem-accepted-small-orders\\\/#breadcrumb\"},\"inLanguage\":\"fr-FR\",\"potentialAction\":[{\"@type\":\"ReadAction\",\"target\":[\"https:\\\/\\\/rapidprecise.com\\\/fr\\\/product\\\/custom-precision-cnc-machining-stainless-turning-steel-aluminum-stainless-steel-parts-oem-accepted-small-orders\\\/\"]}]},{\"@type\":\"ImageObject\",\"inLanguage\":\"fr-FR\",\"@id\":\"https:\\\/\\\/rapidprecise.com\\\/fr\\\/product\\\/custom-precision-cnc-machining-stainless-turning-steel-aluminum-stainless-steel-parts-oem-accepted-small-orders\\\/#primaryimage\",\"url\":\"https:\\\/\\\/rapidprecise.com\\\/wp-content\\\/uploads\\\/2024\\\/12\\\/kf-Sb644de6b82f24900bf45bf8545958f9cP.webp\",\"contentUrl\":\"https:\\\/\\\/rapidprecise.com\\\/wp-content\\\/uploads\\\/2024\\\/12\\\/kf-Sb644de6b82f24900bf45bf8545958f9cP.webp\",\"width\":900,\"height\":900},{\"@type\":\"BreadcrumbList\",\"@id\":\"https:\\\/\\\/rapidprecise.com\\\/fr\\\/product\\\/custom-precision-cnc-machining-stainless-turning-steel-aluminum-stainless-steel-parts-oem-accepted-small-orders\\\/#breadcrumb\",\"itemListElement\":[{\"@type\":\"ListItem\",\"position\":1,\"name\":\"Home\",\"item\":\"https:\\\/\\\/rapidprecise.com\\\/\"},{\"@type\":\"ListItem\",\"position\":2,\"name\":\"Shop\",\"item\":\"https:\\\/\\\/rapidprecise.com\\\/shop\\\/\"},{\"@type\":\"ListItem\",\"position\":3,\"name\":\"Custom Precision CNC Machining Stainless Turning\"}]},{\"@type\":\"WebSite\",\"@id\":\"https:\\\/\\\/rapidprecise.com\\\/fr\\\/#website\",\"url\":\"https:\\\/\\\/rapidprecise.com\\\/fr\\\/\",\"name\":\"rapidprecise.com\",\"description\":\"\",\"publisher\":{\"@id\":\"https:\\\/\\\/rapidprecise.com\\\/fr\\\/#organization\"},\"potentialAction\":[{\"@type\":\"SearchAction\",\"target\":{\"@type\":\"EntryPoint\",\"urlTemplate\":\"https:\\\/\\\/rapidprecise.com\\\/fr\\\/?s={search_term_string}\"},\"query-input\":{\"@type\":\"PropertyValueSpecification\",\"valueRequired\":true,\"valueName\":\"search_term_string\"}}],\"inLanguage\":\"fr-FR\"},{\"@type\":\"Organization\",\"@id\":\"https:\\\/\\\/rapidprecise.com\\\/fr\\\/#organization\",\"name\":\"rapidprecise.com\",\"url\":\"https:\\\/\\\/rapidprecise.com\\\/fr\\\/\",\"logo\":{\"@type\":\"ImageObject\",\"inLanguage\":\"fr-FR\",\"@id\":\"https:\\\/\\\/rapidprecise.com\\\/fr\\\/#\\\/schema\\\/logo\\\/image\\\/\",\"url\":\"https:\\\/\\\/rapidprecise.com\\\/wp-content\\\/uploads\\\/2024\\\/12\\\/rapidprecise.png\",\"contentUrl\":\"https:\\\/\\\/rapidprecise.com\\\/wp-content\\\/uploads\\\/2024\\\/12\\\/rapidprecise.png\",\"width\":279,\"height\":58,\"caption\":\"rapidprecise.com\"},\"image\":{\"@id\":\"https:\\\/\\\/rapidprecise.com\\\/fr\\\/#\\\/schema\\\/logo\\\/image\\\/\"}}]}<\/script>\n<!-- \/ Yoast SEO plugin. -->","yoast_head_json":{"title":"Custom Precision CNC Machining Stainless Turning | RAPIDPRECISE","description":"Professional CNC machining factory provide Custom Precision CNC Machining Stainless Turning","robots":{"index":"index","follow":"follow","max-snippet":"max-snippet:-1","max-image-preview":"max-image-preview:large","max-video-preview":"max-video-preview:-1"},"canonical":"https:\/\/rapidprecise.com\/fr\/product\/custom-precision-cnc-machining-stainless-turning-steel-aluminum-stainless-steel-parts-oem-accepted-small-orders\/","og_locale":"fr_FR","og_type":"article","og_title":"Custom Precision CNC Machining Stainless Turning | RAPIDPRECISE","og_description":"Professional CNC machining factory provide Custom Precision CNC Machining Stainless Turning","og_url":"https:\/\/rapidprecise.com\/fr\/product\/custom-precision-cnc-machining-stainless-turning-steel-aluminum-stainless-steel-parts-oem-accepted-small-orders\/","og_site_name":"RAPIDPRECISE","article_modified_time":"2025-06-15T01:01:21+00:00","og_image":[{"width":900,"height":900,"url":"https:\/\/rapidprecise.com\/wp-content\/uploads\/2024\/12\/kf-Sb644de6b82f24900bf45bf8545958f9cP.webp","type":"image\/webp"}],"twitter_card":"summary_large_image","twitter_misc":{"Dur\u00e9e de lecture estim\u00e9e":"2 minutes"},"schema":{"@context":"https:\/\/schema.org","@graph":[{"@type":"WebPage","@id":"https:\/\/rapidprecise.com\/fr\/product\/custom-precision-cnc-machining-stainless-turning-steel-aluminum-stainless-steel-parts-oem-accepted-small-orders\/","url":"https:\/\/rapidprecise.com\/fr\/product\/custom-precision-cnc-machining-stainless-turning-steel-aluminum-stainless-steel-parts-oem-accepted-small-orders\/","name":"Custom Precision CNC Machining Stainless Turning | RAPIDPRECISE","isPartOf":{"@id":"https:\/\/rapidprecise.com\/fr\/#website"},"primaryImageOfPage":{"@id":"https:\/\/rapidprecise.com\/fr\/product\/custom-precision-cnc-machining-stainless-turning-steel-aluminum-stainless-steel-parts-oem-accepted-small-orders\/#primaryimage"},"image":{"@id":"https:\/\/rapidprecise.com\/fr\/product\/custom-precision-cnc-machining-stainless-turning-steel-aluminum-stainless-steel-parts-oem-accepted-small-orders\/#primaryimage"},"thumbnailUrl":"https:\/\/rapidprecise.com\/wp-content\/uploads\/2024\/12\/kf-Sb644de6b82f24900bf45bf8545958f9cP.webp","datePublished":"2024-12-25T14:31:31+00:00","dateModified":"2025-06-15T01:01:21+00:00","description":"Professional CNC machining factory provide Custom Precision CNC Machining Stainless Turning","breadcrumb":{"@id":"https:\/\/rapidprecise.com\/fr\/product\/custom-precision-cnc-machining-stainless-turning-steel-aluminum-stainless-steel-parts-oem-accepted-small-orders\/#breadcrumb"},"inLanguage":"fr-FR","potentialAction":[{"@type":"ReadAction","target":["https:\/\/rapidprecise.com\/fr\/product\/custom-precision-cnc-machining-stainless-turning-steel-aluminum-stainless-steel-parts-oem-accepted-small-orders\/"]}]},{"@type":"ImageObject","inLanguage":"fr-FR","@id":"https:\/\/rapidprecise.com\/fr\/product\/custom-precision-cnc-machining-stainless-turning-steel-aluminum-stainless-steel-parts-oem-accepted-small-orders\/#primaryimage","url":"https:\/\/rapidprecise.com\/wp-content\/uploads\/2024\/12\/kf-Sb644de6b82f24900bf45bf8545958f9cP.webp","contentUrl":"https:\/\/rapidprecise.com\/wp-content\/uploads\/2024\/12\/kf-Sb644de6b82f24900bf45bf8545958f9cP.webp","width":900,"height":900},{"@type":"BreadcrumbList","@id":"https:\/\/rapidprecise.com\/fr\/product\/custom-precision-cnc-machining-stainless-turning-steel-aluminum-stainless-steel-parts-oem-accepted-small-orders\/#breadcrumb","itemListElement":[{"@type":"ListItem","position":1,"name":"Home","item":"https:\/\/rapidprecise.com\/"},{"@type":"ListItem","position":2,"name":"Shop","item":"https:\/\/rapidprecise.com\/shop\/"},{"@type":"ListItem","position":3,"name":"Custom Precision CNC Machining Stainless Turning"}]},{"@type":"WebSite","@id":"https:\/\/rapidprecise.com\/fr\/#website","url":"https:\/\/rapidprecise.com\/fr\/","name":"rapidprecise.com","description":"","publisher":{"@id":"https:\/\/rapidprecise.com\/fr\/#organization"},"potentialAction":[{"@type":"SearchAction","target":{"@type":"EntryPoint","urlTemplate":"https:\/\/rapidprecise.com\/fr\/?s={search_term_string}"},"query-input":{"@type":"PropertyValueSpecification","valueRequired":true,"valueName":"search_term_string"}}],"inLanguage":"fr-FR"},{"@type":"Organization","@id":"https:\/\/rapidprecise.com\/fr\/#organization","name":"rapidprecise.com","url":"https:\/\/rapidprecise.com\/fr\/","logo":{"@type":"ImageObject","inLanguage":"fr-FR","@id":"https:\/\/rapidprecise.com\/fr\/#\/schema\/logo\/image\/","url":"https:\/\/rapidprecise.com\/wp-content\/uploads\/2024\/12\/rapidprecise.png","contentUrl":"https:\/\/rapidprecise.com\/wp-content\/uploads\/2024\/12\/rapidprecise.png","width":279,"height":58,"caption":"rapidprecise.com"},"image":{"@id":"https:\/\/rapidprecise.com\/fr\/#\/schema\/logo\/image\/"}}]}},"_links":{"self":[{"href":"https:\/\/rapidprecise.com\/fr\/wp-json\/wp\/v2\/product\/657","targetHints":{"allow":["GET"]}}],"collection":[{"href":"https:\/\/rapidprecise.com\/fr\/wp-json\/wp\/v2\/product"}],"about":[{"href":"https:\/\/rapidprecise.com\/fr\/wp-json\/wp\/v2\/types\/product"}],"replies":[{"embeddable":true,"href":"https:\/\/rapidprecise.com\/fr\/wp-json\/wp\/v2\/comments?post=657"}],"wp:featuredmedia":[{"embeddable":true,"href":"https:\/\/rapidprecise.com\/fr\/wp-json\/wp\/v2\/media\/658"}],"wp:attachment":[{"href":"https:\/\/rapidprecise.com\/fr\/wp-json\/wp\/v2\/media?parent=657"}],"wp:term":[{"taxonomy":"product_brand","embeddable":true,"href":"https:\/\/rapidprecise.com\/fr\/wp-json\/wp\/v2\/product_brand?post=657"},{"taxonomy":"product_cat","embeddable":true,"href":"https:\/\/rapidprecise.com\/fr\/wp-json\/wp\/v2\/product_cat?post=657"},{"taxonomy":"product_tag","embeddable":true,"href":"https:\/\/rapidprecise.com\/fr\/wp-json\/wp\/v2\/product_tag?post=657"}],"curies":[{"name":"wp","href":"https:\/\/api.w.org\/{rel}","templated":true}]}}