{"id":564,"date":"2024-12-25T14:30:47","date_gmt":"2024-12-25T14:30:47","guid":{"rendered":"https:\/\/rapidprecise.com\/product\/link-cnc-aluminum-alloy-coupling-d14-l25-3d-printers-parts-blue-flexible-shaft-coupler-screw-part-for-stepper-motor-accessories\/"},"modified":"2024-12-26T15:09:38","modified_gmt":"2024-12-26T15:09:38","slug":"link-cnc-aluminum-alloy-coupling-d14-l25-3d-printers-parts-blue-flexible-shaft-coupler-screw-part-for-stepper-motor-accessories","status":"publish","type":"product","link":"https:\/\/rapidprecise.com\/zh\/product\/link-cnc-aluminum-alloy-coupling-d14-l25-3d-printers-parts-blue-flexible-shaft-coupler-screw-part-for-stepper-motor-accessories\/","title":{"rendered":"CNC \u92c1\u5408\u91d1\u806f\u8ef8\u5668 D14 L25 3D\u5217\u5370\u6a5f\u96f6\u4ef6 \u85cd\u8272\u5f48\u6027\u8ef8\u806f\u8ef8\u5668 \u87ba\u7d72\u96f6\u4ef6 \u9069\u7528\u65bc\u6b65\u9032\u99ac\u9054\u914d\u4ef6"},"content":{"rendered":"<p>\u63d0\u5347\u60a8\u76843D\u5217\u5370\u6a5f\u6027\u80fd\uff0c\u4f7f\u7528CNC\u92c1\u5408\u91d1\u806f\u8ef8\u5668D14 L25\u3002\u9019\u6b3e\u591a\u529f\u80fd\u4e14\u8010\u7528\u7684\u85cd\u8272\u67d4\u6027\u8ef8\u806f\u8ef8\u5668\uff0c\u5c08\u70ba\u7121\u7e2b\u9023\u63a5\u6b65\u9032\u99ac\u9054\u8207\u5176\u4ed6\u904b\u52d5\u5143\u4ef6\u800c\u8a2d\uff0c\u78ba\u4fdd\u904b\u4f5c\u9806\u66a2\u4e26\u964d\u4f4e\u632f\u52d5\u3002<\/p>\n<h4>\u4e3b\u8981\u7279\u9ede\uff1a<\/h4>\n<ol>\n<li>\u9ad8\u54c1\u8cea\u6750\u6599\uff1a\n<ul>\n<li>\u7531\u8010\u7528\u7684\u92c1\u5408\u91d1\u88fd\u6210\uff0c\u5177\u6709\u8f15\u91cf\u5316\u548c\u9ad8\u5f37\u5ea6\u7684\u6027\u80fd\u3002<\/li>\n<li>\u8010\u78e8\u640d\u548c\u6297\u8150\u8755\uff0c\u78ba\u4fdd\u9577\u6642\u9593\u4f7f\u7528\u3002<\/li>\n<\/ul>\n<\/li>\n<li>\u7cbe\u78ba\u8a2d\u8a08\uff1a\n<ul>\n<li>\u76f4\u5f91\uff1a14mm<\/li>\n<li>\u9577\u5ea6\uff1a25mm<\/li>\n<li>\u7a69\u5b9a\u53ef\u9760\u806f\u63a5\u7684\u6e96\u78ba\u5c3a\u5bf8\u3002<\/li>\n<\/ul>\n<\/li>\n<li>\u5f48\u6027\u76f8\u5bb9\u6027\uff1a\n<ul>\n<li>\u5b54\u5f91\u5c3a\u5bf8 (d1 \u00d7 d2)\uff1a\u63d0\u4f9b\u591a\u7a2e\u914d\u7f6e\u4ee5\u9069\u61c9\u4e0d\u540c\u8a2d\u7f6e\uff1a\n<ul>\n<li>3\u00d75, 3\u00d76, 3\u00d78, 4\u00d74, 4\u00d75, 4\u00d76, 4\u00d77, 4\u00d78, 5\u00d75, 5\u00d76, 5\u00d76.35, 5\u00d77, 5\u00d78, 6\u00d76, 6\u00d76.35, 6\u00d77, 6\u00d78, 6.35\u00d76.35, 6.35\u00d78, 7\u00d78, 8\u00d78.<\/li>\n<\/ul>\n<\/li>\n<li>\u70ba\u6b65\u9032\u99ac\u9054\u53ca\u5176\u4ed6\u65cb\u8f49\u5143\u4ef6\u800c\u8a2d\u8a08\u3002<\/li>\n<\/ul>\n<\/li>\n<li>\u5b89\u88dd\u4fbf\u5229\u6027\uff1a\n<ul>\n<li>\u914d\u5099\u76f4\u5f914mm\u7684\u87ba\u7d72\u5b54\uff0c\u78ba\u4fdd\u7262\u56fa\u56fa\u5b9a\u3002<\/li>\n<li>\u7c21\u55ae\u5b89\u88dd\u8207\u8abf\u6574\uff0c\u7bc0\u7701\u6642\u9593\u8207\u7cbe\u529b\u3002<\/li>\n<\/ul>\n<\/li>\n<li>\u9632\u9707\u6e1b\u9707\uff1a\n<ul>\n<li>\u67d4\u6027\u8ef8\u8a2d\u8a08\u80fd\u5438\u6536\u632f\u52d5\u548c\u504f\u5dee\uff0c\u78ba\u4fdd\u5e73\u7a69\u7684\u904b\u52d5\u50b3\u905e\u4e26\u964d\u4f4e\u9023\u63a5\u90e8\u4ef6\u7684\u78e8\u640d\u3002<\/li>\n<\/ul>\n<\/li>\n<li>\u5438\u5f15\u4eba\u7684\u8a2d\u8a08\uff1a\n<ul>\n<li>\u63a1\u7528\u6642\u5c1a\u7684\u85cd\u8272\u967d\u6975\u6c27\u5316\u5857\u5c64\u5b8c\u6210\uff0c\u70ba\u60a8\u7684\u88dd\u7f6e\u589e\u6dfb\u4e00\u7d72\u7f8e\u611f\u3002<\/li>\n<\/ul>\n<\/li>\n<\/ol>\n<h4>\u898f\u683c\uff1a<\/h4>\n<table>\n<thead>\n<tr>\n<th>\u529f\u80fd<\/th>\n<th>\u7d30\u7bc0<\/th>\n<\/tr>\n<\/thead>\n<tbody>\n<tr>\n<td>Material<\/td>\n<td>\u92c1\u5408\u91d1<\/td>\n<\/tr>\n<tr>\n<td>\u985e\u578b<\/td>\n<td>\u85cd\u8272\u806f\u63a5\u5668<\/td>\n<\/tr>\n<tr>\n<td>\u76f4\u5f91\uff08\u5916\u5f91\uff09<\/td>\n<td>14\u6beb\u7c73<\/td>\n<\/tr>\n<tr>\n<td>\u9577\u5ea6<\/td>\n<td>25\u6beb\u7c73<\/td>\n<\/tr>\n<tr>\n<td>\u5b54\u5f91\u5c3a\u5bf8\uff08d1 \u00d7 d2\uff09<\/td>\n<td>\u8acb\u53c3\u95b1\u6e05\u55ae\u4ee5\u53d6\u5f97\u8a2d\u5b9a\u8cc7\u8a0a<\/td>\n<\/tr>\n<tr>\n<td>\u87ba\u7d72\u5b54\u76f4\u5f91<\/td>\n<td>4\u6beb\u7c73<\/td>\n<\/tr>\n<\/tbody>\n<\/table>\n<h4>\u61c9\u7528\u7a0b\u5f0f\uff1a<\/h4>\n<ul>\n<li>3D \u6253\u5370\u6a5f\uff1a\u7cbe\u78ba\u9023\u63a5\u6b65\u9032\u99ac\u9054\u548c\u5c0e\u87ba\u687f\u3002<\/li>\n<li>CNC \u6a5f\u5668\uff1a\u9069\u7528\u65bc\u9ad8\u7cbe\u5ea6\u61c9\u7528\u3002<\/li>\n<li>\u6a5f\u5668\u4eba\u8207\u81ea\u52d5\u5316\uff1a\u975e\u5e38\u9069\u5408\u7528\u65bc\u96fb\u52d5\u7cfb\u7d71\u4e2d\u7684\u806f\u8ef8\u3002<\/li>\n<\/ul>\n<p>\u7121\u8ad6\u60a8\u662f\u5728\u5347\u7d1a\u60a8\u76843D\u5217\u5370\u6a5f\u6216\u7d44\u88ddCNC\u6a5f\u5668\uff0c\u9019\u6b3eCNC\u92c1\u5408\u91d1\u67d4\u6027\u8ef8\u806f\u63a5\u5668\u90fd\u80fd\u63d0\u4f9b\u5b8c\u7f8e\u7684\u5f48\u6027\u3001\u8010\u7528\u6027\u8207\u7cbe\u78ba\u5ea6\u7684\u5e73\u8861\u3002\u9078\u64c7\u60a8\u504f\u597d\u7684\u5b54\u5f91\u5c3a\u5bf8\uff0c\u78ba\u4fdd\u6d41\u66a2\u7684\u904b\u52d5\u50b3\u8f38\u3002\u4eca\u5929\u5c31\u8207\u6211\u5011\u806f\u7e6b\u4e0b\u55ae\uff01<\/p>","protected":false},"excerpt":{"rendered":"<p>\u63d0\u5347\u60a8\u76843D\u5217\u5370\u6a5f\u6027\u80fd\uff0c\u914d\u5099CNC\u92c1\u5408\u91d1\u806f\u8ef8\u5668D14 L25\u3002\u9019\u6b3e\u591a\u529f\u80fd\u4e14\u8010\u7528\u7684\u85cd\u8272\u67d4\u6027\u8ef8\u806f\u8ef8\u5668\u8a2d\u8a08\u7528\u65bc\u7121\u7e2b\u9023\u63a5\u6b65\u9032\u96fb\u6a5f\u53ca\u5176\u4ed6\u904b\u52d5\u5143\u4ef6\uff0c\u78ba\u4fdd\u5e73\u7a69\u904b\u884c\u4e26\u964d\u4f4e\u632f\u52d5\u3002\u4e3b\u8981\u7279\u9ede\uff1a \u9ad8\u54c1\u8cea\u6750\u6599\uff1a\u63a1\u7528\u8010\u7528\u7684\u92c1\u5408\u91d1\u88fd\u6210\uff0c\u8f15\u91cf\u4e14\u9ad8\u5f37\u5ea6\u3002\u8010\u78e8\u640d\u4e26\u4e14 [\u2026]<\/p>","protected":false},"featured_media":566,"comment_status":"closed","ping_status":"closed","template":"","meta":[],"product_brand":[],"product_cat":[24],"product_tag":[],"class_list":{"0":"post-564","1":"product","2":"type-product","3":"status-publish","4":"has-post-thumbnail","6":"product_cat-aluminum-milling-parts","8":"first","9":"instock","10":"shipping-taxable","11":"product-type-simple"},"yoast_head":"<!-- This site is optimized with the Yoast SEO plugin v27.4 - https:\/\/yoast.com\/product\/yoast-seo-wordpress\/ -->\n<title>CNC Aluminum Alloy Coupling D14 L25 3D Printers Parts Blue Flexible Shaft Coupler Screw Part For Stepper Motor Accessories | RAPIDPRECISE<\/title>\n<meta name=\"description\" content=\"Professional CNC machining factory provide CNC Aluminum Alloy Coupling D14 L25 3D Printers Parts Blue Flexible Shaft Coupler Screw Part For Stepper Motor Accessories\" \/>\n<meta name=\"robots\" content=\"index, follow, max-snippet:-1, max-image-preview:large, max-video-preview:-1\" \/>\n<link rel=\"canonical\" href=\"https:\/\/rapidprecise.com\/zh\/product\/link-cnc-aluminum-alloy-coupling-d14-l25-3d-printers-parts-blue-flexible-shaft-coupler-screw-part-for-stepper-motor-accessories\/\" \/>\n<meta property=\"og:locale\" content=\"zh_TW\" \/>\n<meta property=\"og:type\" content=\"article\" \/>\n<meta property=\"og:title\" content=\"CNC Aluminum Alloy Coupling D14 L25 3D Printers Parts Blue Flexible Shaft Coupler Screw Part For Stepper Motor Accessories | RAPIDPRECISE\" \/>\n<meta property=\"og:description\" content=\"Professional CNC machining factory provide CNC Aluminum Alloy Coupling D14 L25 3D Printers Parts Blue Flexible Shaft Coupler Screw Part For Stepper Motor Accessories\" \/>\n<meta property=\"og:url\" content=\"https:\/\/rapidprecise.com\/zh\/product\/link-cnc-aluminum-alloy-coupling-d14-l25-3d-printers-parts-blue-flexible-shaft-coupler-screw-part-for-stepper-motor-accessories\/\" \/>\n<meta property=\"og:site_name\" content=\"RAPIDPRECISE\" \/>\n<meta property=\"article:modified_time\" content=\"2024-12-26T15:09:38+00:00\" \/>\n<meta property=\"og:image\" content=\"https:\/\/rapidprecise.com\/wp-content\/uploads\/2024\/12\/kf-S9fa3ab247ee24f7f8cc263a0aedf97a6m.webp\" \/>\n\t<meta property=\"og:image:width\" content=\"800\" \/>\n\t<meta property=\"og:image:height\" content=\"800\" \/>\n\t<meta property=\"og:image:type\" content=\"image\/webp\" \/>\n<meta name=\"twitter:card\" content=\"summary_large_image\" \/>\n<meta name=\"twitter:label1\" content=\"\u9810\u4f30\u95b1\u8b80\u6642\u9593\" \/>\n\t<meta name=\"twitter:data1\" content=\"2 \u5206\u9418\" \/>\n<script type=\"application\/ld+json\" class=\"yoast-schema-graph\">{\"@context\":\"https:\\\/\\\/schema.org\",\"@graph\":[{\"@type\":\"WebPage\",\"@id\":\"https:\\\/\\\/rapidprecise.com\\\/zh\\\/product\\\/link-cnc-aluminum-alloy-coupling-d14-l25-3d-printers-parts-blue-flexible-shaft-coupler-screw-part-for-stepper-motor-accessories\\\/\",\"url\":\"https:\\\/\\\/rapidprecise.com\\\/zh\\\/product\\\/link-cnc-aluminum-alloy-coupling-d14-l25-3d-printers-parts-blue-flexible-shaft-coupler-screw-part-for-stepper-motor-accessories\\\/\",\"name\":\"CNC Aluminum Alloy Coupling D14 L25 3D Printers Parts Blue Flexible Shaft Coupler Screw Part For Stepper Motor Accessories | RAPIDPRECISE\",\"isPartOf\":{\"@id\":\"https:\\\/\\\/rapidprecise.com\\\/zh\\\/#website\"},\"primaryImageOfPage\":{\"@id\":\"https:\\\/\\\/rapidprecise.com\\\/zh\\\/product\\\/link-cnc-aluminum-alloy-coupling-d14-l25-3d-printers-parts-blue-flexible-shaft-coupler-screw-part-for-stepper-motor-accessories\\\/#primaryimage\"},\"image\":{\"@id\":\"https:\\\/\\\/rapidprecise.com\\\/zh\\\/product\\\/link-cnc-aluminum-alloy-coupling-d14-l25-3d-printers-parts-blue-flexible-shaft-coupler-screw-part-for-stepper-motor-accessories\\\/#primaryimage\"},\"thumbnailUrl\":\"https:\\\/\\\/rapidprecise.com\\\/wp-content\\\/uploads\\\/2024\\\/12\\\/kf-S9fa3ab247ee24f7f8cc263a0aedf97a6m.webp\",\"datePublished\":\"2024-12-25T14:30:47+00:00\",\"dateModified\":\"2024-12-26T15:09:38+00:00\",\"description\":\"Professional CNC machining factory provide CNC Aluminum Alloy Coupling D14 L25 3D Printers Parts Blue Flexible Shaft Coupler Screw Part For Stepper Motor Accessories\",\"breadcrumb\":{\"@id\":\"https:\\\/\\\/rapidprecise.com\\\/zh\\\/product\\\/link-cnc-aluminum-alloy-coupling-d14-l25-3d-printers-parts-blue-flexible-shaft-coupler-screw-part-for-stepper-motor-accessories\\\/#breadcrumb\"},\"inLanguage\":\"zh-TW\",\"potentialAction\":[{\"@type\":\"ReadAction\",\"target\":[\"https:\\\/\\\/rapidprecise.com\\\/zh\\\/product\\\/link-cnc-aluminum-alloy-coupling-d14-l25-3d-printers-parts-blue-flexible-shaft-coupler-screw-part-for-stepper-motor-accessories\\\/\"]}]},{\"@type\":\"ImageObject\",\"inLanguage\":\"zh-TW\",\"@id\":\"https:\\\/\\\/rapidprecise.com\\\/zh\\\/product\\\/link-cnc-aluminum-alloy-coupling-d14-l25-3d-printers-parts-blue-flexible-shaft-coupler-screw-part-for-stepper-motor-accessories\\\/#primaryimage\",\"url\":\"https:\\\/\\\/rapidprecise.com\\\/wp-content\\\/uploads\\\/2024\\\/12\\\/kf-S9fa3ab247ee24f7f8cc263a0aedf97a6m.webp\",\"contentUrl\":\"https:\\\/\\\/rapidprecise.com\\\/wp-content\\\/uploads\\\/2024\\\/12\\\/kf-S9fa3ab247ee24f7f8cc263a0aedf97a6m.webp\",\"width\":800,\"height\":800},{\"@type\":\"BreadcrumbList\",\"@id\":\"https:\\\/\\\/rapidprecise.com\\\/zh\\\/product\\\/link-cnc-aluminum-alloy-coupling-d14-l25-3d-printers-parts-blue-flexible-shaft-coupler-screw-part-for-stepper-motor-accessories\\\/#breadcrumb\",\"itemListElement\":[{\"@type\":\"ListItem\",\"position\":1,\"name\":\"Home\",\"item\":\"https:\\\/\\\/rapidprecise.com\\\/\"},{\"@type\":\"ListItem\",\"position\":2,\"name\":\"Shop\",\"item\":\"https:\\\/\\\/rapidprecise.com\\\/shop\\\/\"},{\"@type\":\"ListItem\",\"position\":3,\"name\":\"CNC Aluminum Alloy Coupling D14 L25 3D Printers Parts Blue Flexible Shaft Coupler Screw Part For Stepper Motor Accessories\"}]},{\"@type\":\"WebSite\",\"@id\":\"https:\\\/\\\/rapidprecise.com\\\/zh\\\/#website\",\"url\":\"https:\\\/\\\/rapidprecise.com\\\/zh\\\/\",\"name\":\"rapidprecise.com\",\"description\":\"\",\"publisher\":{\"@id\":\"https:\\\/\\\/rapidprecise.com\\\/zh\\\/#organization\"},\"potentialAction\":[{\"@type\":\"SearchAction\",\"target\":{\"@type\":\"EntryPoint\",\"urlTemplate\":\"https:\\\/\\\/rapidprecise.com\\\/zh\\\/?s={search_term_string}\"},\"query-input\":{\"@type\":\"PropertyValueSpecification\",\"valueRequired\":true,\"valueName\":\"search_term_string\"}}],\"inLanguage\":\"zh-TW\"},{\"@type\":\"Organization\",\"@id\":\"https:\\\/\\\/rapidprecise.com\\\/zh\\\/#organization\",\"name\":\"rapidprecise.com\",\"url\":\"https:\\\/\\\/rapidprecise.com\\\/zh\\\/\",\"logo\":{\"@type\":\"ImageObject\",\"inLanguage\":\"zh-TW\",\"@id\":\"https:\\\/\\\/rapidprecise.com\\\/zh\\\/#\\\/schema\\\/logo\\\/image\\\/\",\"url\":\"https:\\\/\\\/rapidprecise.com\\\/wp-content\\\/uploads\\\/2024\\\/12\\\/rapidprecise.png\",\"contentUrl\":\"https:\\\/\\\/rapidprecise.com\\\/wp-content\\\/uploads\\\/2024\\\/12\\\/rapidprecise.png\",\"width\":279,\"height\":58,\"caption\":\"rapidprecise.com\"},\"image\":{\"@id\":\"https:\\\/\\\/rapidprecise.com\\\/zh\\\/#\\\/schema\\\/logo\\\/image\\\/\"}}]}<\/script>\n<!-- \/ Yoast SEO plugin. -->","yoast_head_json":{"title":"CNC Aluminum Alloy Coupling D14 L25 3D Printers Parts Blue Flexible Shaft Coupler Screw Part For Stepper Motor Accessories | RAPIDPRECISE","description":"Professional CNC machining factory provide CNC Aluminum Alloy Coupling D14 L25 3D Printers Parts Blue Flexible Shaft Coupler Screw Part For Stepper Motor Accessories","robots":{"index":"index","follow":"follow","max-snippet":"max-snippet:-1","max-image-preview":"max-image-preview:large","max-video-preview":"max-video-preview:-1"},"canonical":"https:\/\/rapidprecise.com\/zh\/product\/link-cnc-aluminum-alloy-coupling-d14-l25-3d-printers-parts-blue-flexible-shaft-coupler-screw-part-for-stepper-motor-accessories\/","og_locale":"zh_TW","og_type":"article","og_title":"CNC Aluminum Alloy Coupling D14 L25 3D Printers Parts Blue Flexible Shaft Coupler Screw Part For Stepper Motor Accessories | RAPIDPRECISE","og_description":"Professional CNC machining factory provide CNC Aluminum Alloy Coupling D14 L25 3D Printers Parts Blue Flexible Shaft Coupler Screw Part For Stepper Motor Accessories","og_url":"https:\/\/rapidprecise.com\/zh\/product\/link-cnc-aluminum-alloy-coupling-d14-l25-3d-printers-parts-blue-flexible-shaft-coupler-screw-part-for-stepper-motor-accessories\/","og_site_name":"RAPIDPRECISE","article_modified_time":"2024-12-26T15:09:38+00:00","og_image":[{"width":800,"height":800,"url":"https:\/\/rapidprecise.com\/wp-content\/uploads\/2024\/12\/kf-S9fa3ab247ee24f7f8cc263a0aedf97a6m.webp","type":"image\/webp"}],"twitter_card":"summary_large_image","twitter_misc":{"\u9810\u4f30\u95b1\u8b80\u6642\u9593":"2 \u5206\u9418"},"schema":{"@context":"https:\/\/schema.org","@graph":[{"@type":"WebPage","@id":"https:\/\/rapidprecise.com\/zh\/product\/link-cnc-aluminum-alloy-coupling-d14-l25-3d-printers-parts-blue-flexible-shaft-coupler-screw-part-for-stepper-motor-accessories\/","url":"https:\/\/rapidprecise.com\/zh\/product\/link-cnc-aluminum-alloy-coupling-d14-l25-3d-printers-parts-blue-flexible-shaft-coupler-screw-part-for-stepper-motor-accessories\/","name":"CNC Aluminum Alloy Coupling D14 L25 3D Printers Parts Blue Flexible Shaft Coupler Screw Part For Stepper Motor Accessories | RAPIDPRECISE","isPartOf":{"@id":"https:\/\/rapidprecise.com\/zh\/#website"},"primaryImageOfPage":{"@id":"https:\/\/rapidprecise.com\/zh\/product\/link-cnc-aluminum-alloy-coupling-d14-l25-3d-printers-parts-blue-flexible-shaft-coupler-screw-part-for-stepper-motor-accessories\/#primaryimage"},"image":{"@id":"https:\/\/rapidprecise.com\/zh\/product\/link-cnc-aluminum-alloy-coupling-d14-l25-3d-printers-parts-blue-flexible-shaft-coupler-screw-part-for-stepper-motor-accessories\/#primaryimage"},"thumbnailUrl":"https:\/\/rapidprecise.com\/wp-content\/uploads\/2024\/12\/kf-S9fa3ab247ee24f7f8cc263a0aedf97a6m.webp","datePublished":"2024-12-25T14:30:47+00:00","dateModified":"2024-12-26T15:09:38+00:00","description":"Professional CNC machining factory provide CNC Aluminum Alloy Coupling D14 L25 3D Printers Parts Blue Flexible Shaft Coupler Screw Part For Stepper Motor Accessories","breadcrumb":{"@id":"https:\/\/rapidprecise.com\/zh\/product\/link-cnc-aluminum-alloy-coupling-d14-l25-3d-printers-parts-blue-flexible-shaft-coupler-screw-part-for-stepper-motor-accessories\/#breadcrumb"},"inLanguage":"zh-TW","potentialAction":[{"@type":"ReadAction","target":["https:\/\/rapidprecise.com\/zh\/product\/link-cnc-aluminum-alloy-coupling-d14-l25-3d-printers-parts-blue-flexible-shaft-coupler-screw-part-for-stepper-motor-accessories\/"]}]},{"@type":"ImageObject","inLanguage":"zh-TW","@id":"https:\/\/rapidprecise.com\/zh\/product\/link-cnc-aluminum-alloy-coupling-d14-l25-3d-printers-parts-blue-flexible-shaft-coupler-screw-part-for-stepper-motor-accessories\/#primaryimage","url":"https:\/\/rapidprecise.com\/wp-content\/uploads\/2024\/12\/kf-S9fa3ab247ee24f7f8cc263a0aedf97a6m.webp","contentUrl":"https:\/\/rapidprecise.com\/wp-content\/uploads\/2024\/12\/kf-S9fa3ab247ee24f7f8cc263a0aedf97a6m.webp","width":800,"height":800},{"@type":"BreadcrumbList","@id":"https:\/\/rapidprecise.com\/zh\/product\/link-cnc-aluminum-alloy-coupling-d14-l25-3d-printers-parts-blue-flexible-shaft-coupler-screw-part-for-stepper-motor-accessories\/#breadcrumb","itemListElement":[{"@type":"ListItem","position":1,"name":"Home","item":"https:\/\/rapidprecise.com\/"},{"@type":"ListItem","position":2,"name":"Shop","item":"https:\/\/rapidprecise.com\/shop\/"},{"@type":"ListItem","position":3,"name":"CNC Aluminum Alloy Coupling D14 L25 3D Printers Parts Blue Flexible Shaft Coupler Screw Part For Stepper Motor Accessories"}]},{"@type":"WebSite","@id":"https:\/\/rapidprecise.com\/zh\/#website","url":"https:\/\/rapidprecise.com\/zh\/","name":"rapidprecise.com","description":"","publisher":{"@id":"https:\/\/rapidprecise.com\/zh\/#organization"},"potentialAction":[{"@type":"SearchAction","target":{"@type":"EntryPoint","urlTemplate":"https:\/\/rapidprecise.com\/zh\/?s={search_term_string}"},"query-input":{"@type":"PropertyValueSpecification","valueRequired":true,"valueName":"search_term_string"}}],"inLanguage":"zh-TW"},{"@type":"Organization","@id":"https:\/\/rapidprecise.com\/zh\/#organization","name":"rapidprecise.com","url":"https:\/\/rapidprecise.com\/zh\/","logo":{"@type":"ImageObject","inLanguage":"zh-TW","@id":"https:\/\/rapidprecise.com\/zh\/#\/schema\/logo\/image\/","url":"https:\/\/rapidprecise.com\/wp-content\/uploads\/2024\/12\/rapidprecise.png","contentUrl":"https:\/\/rapidprecise.com\/wp-content\/uploads\/2024\/12\/rapidprecise.png","width":279,"height":58,"caption":"rapidprecise.com"},"image":{"@id":"https:\/\/rapidprecise.com\/zh\/#\/schema\/logo\/image\/"}}]}},"_links":{"self":[{"href":"https:\/\/rapidprecise.com\/zh\/wp-json\/wp\/v2\/product\/564","targetHints":{"allow":["GET"]}}],"collection":[{"href":"https:\/\/rapidprecise.com\/zh\/wp-json\/wp\/v2\/product"}],"about":[{"href":"https:\/\/rapidprecise.com\/zh\/wp-json\/wp\/v2\/types\/product"}],"replies":[{"embeddable":true,"href":"https:\/\/rapidprecise.com\/zh\/wp-json\/wp\/v2\/comments?post=564"}],"wp:featuredmedia":[{"embeddable":true,"href":"https:\/\/rapidprecise.com\/zh\/wp-json\/wp\/v2\/media\/566"}],"wp:attachment":[{"href":"https:\/\/rapidprecise.com\/zh\/wp-json\/wp\/v2\/media?parent=564"}],"wp:term":[{"taxonomy":"product_brand","embeddable":true,"href":"https:\/\/rapidprecise.com\/zh\/wp-json\/wp\/v2\/product_brand?post=564"},{"taxonomy":"product_cat","embeddable":true,"href":"https:\/\/rapidprecise.com\/zh\/wp-json\/wp\/v2\/product_cat?post=564"},{"taxonomy":"product_tag","embeddable":true,"href":"https:\/\/rapidprecise.com\/zh\/wp-json\/wp\/v2\/product_tag?post=564"}],"curies":[{"name":"wp","href":"https:\/\/api.w.org\/{rel}","templated":true}]}}